{"id":19676,"date":"2025-08-18T07:10:36","date_gmt":"2025-08-18T07:10:36","guid":{"rendered":"https:\/\/www.onurkoserealestate.com\/product\/alanyada-rahat-yasayin-pinar-residence-mahmutlar\/"},"modified":"2025-08-18T07:10:36","modified_gmt":"2025-08-18T07:10:36","slug":"live-comfortably-in-alanya-pinar-residence-mahmutlar","status":"publish","type":"product","link":"https:\/\/www.onurkoserealestate.com\/tr\/product\/live-comfortably-in-alanya-pinar-residence-mahmutlar\/","title":{"rendered":"Alanya&#8217;da Rahat Ya\u015fay\u0131n \u2013 P\u0131nar Residence, Mahmutlar"},"content":{"rendered":"<p data-start=\"295\" data-end=\"692\">Alanya&#8217;n\u0131n hareketli Mahmutlar b\u00f6lgesinde, P\u0131nar Residence&#8217;da bulunan konforlu ve ferah 2+1 daireyi ke\u015ffedin. 2. katta yer alan bu 120 m2&#8217;lik daire, plaja ve \u015fehir olanaklar\u0131na sadece birka\u00e7 dakika uzakl\u0131kta modern bir ya\u015fam sunuyor. \u0130ki banyo, bir balkon ve tamamen mobilyal\u0131 i\u00e7 mekan\u0131 ile bu ev, hem tatilciler hem de y\u0131l boyunca ya\u015fayanlar i\u00e7in m\u00fckemmeldir.  <\/p>\n<p data-start=\"694\" data-end=\"974\">Alanya&#8217;n\u0131n en \u00e7ok ra\u011fbet g\u00f6ren mahallelerinden birinde huzurlu bir ya\u015fam\u0131n tad\u0131n\u0131 \u00e7\u0131kar\u0131n. Daire, y\u00fczme havuzu, otopark ve asans\u00f6r gibi pratik olanaklar\u0131 sunan bak\u0131ml\u0131 bir kompleksin par\u00e7as\u0131d\u0131r. T\u00fcm bu olanaklar, hayat\u0131n\u0131z\u0131 daha kolay ve keyifli hale getirmek i\u00e7in tasarlanm\u0131\u015ft\u0131r. <\/p>\n<p data-start=\"976\" data-end=\"1230\">Mahmutlar, samimi toplulu\u011fu, ma\u011fazalar\u0131, kafeleri ve uzun sahil \u015feridi ile tan\u0131n\u0131r. Alanya&#8217;da yazl\u0131k bir tatil yeri, kal\u0131c\u0131 bir konut veya yat\u0131r\u0131m ama\u00e7l\u0131 bir gayrimenkul ar\u0131yorsan\u0131z, P\u0131nar Residence&#8217;daki bu 2+1 daire harika bir se\u00e7imdir. <\/p>\n<p data-start=\"1232\" data-end=\"1336\">Sadece valizinizi al\u0131p ta\u015f\u0131n\u0131n ve Alanya&#8217;n\u0131n kalbinde Akdeniz ya\u015fam tarz\u0131n\u0131 ya\u015famaya ba\u015flay\u0131n.<\/p>\n","protected":false},"excerpt":{"rendered":"<p>Alanya&#8217;n\u0131n hareketli Mahmutlar b\u00f6lgesinde, P\u0131nar Residence&#8217;da bulunan konforlu ve ferah 2+1 daireyi ke\u015ffedin. 2. katta yer alan bu 120 m2&#8217;lik<\/p>\n","protected":false},"featured_media":19645,"comment_status":"open","ping_status":"closed","template":"","meta":[],"product_cat":[77],"product_tag":[],"country":[109],"district":[186],"selling-type":[118],"property-type":[120],"location":[152],"property-city":[124],"class_list":{"0":"post-19676","1":"product","2":"type-product","3":"status-publish","4":"has-post-thumbnail","6":"product_cat-acil-satilik","7":"country-turkey-tr","8":"district-mahmutlar-tr","9":"selling-type-resale-tr","10":"property-type-apartment-tr","11":"location-alanya-tr","12":"property-city-antalya-tr","14":"first","15":"instock","16":"shipping-taxable","17":"purchasable","18":"product-type-simple"},"_links":{"self":[{"href":"https:\/\/www.onurkoserealestate.com\/tr\/wp-json\/wp\/v2\/product\/19676","targetHints":{"allow":["GET"]}}],"collection":[{"href":"https:\/\/www.onurkoserealestate.com\/tr\/wp-json\/wp\/v2\/product"}],"about":[{"href":"https:\/\/www.onurkoserealestate.com\/tr\/wp-json\/wp\/v2\/types\/product"}],"replies":[{"embeddable":true,"href":"https:\/\/www.onurkoserealestate.com\/tr\/wp-json\/wp\/v2\/comments?post=19676"}],"wp:featuredmedia":[{"embeddable":true,"href":"https:\/\/www.onurkoserealestate.com\/tr\/wp-json\/wp\/v2\/media\/19645"}],"wp:attachment":[{"href":"https:\/\/www.onurkoserealestate.com\/tr\/wp-json\/wp\/v2\/media?parent=19676"}],"wp:term":[{"taxonomy":"product_cat","embeddable":true,"href":"https:\/\/www.onurkoserealestate.com\/tr\/wp-json\/wp\/v2\/product_cat?post=19676"},{"taxonomy":"product_tag","embeddable":true,"href":"https:\/\/www.onurkoserealestate.com\/tr\/wp-json\/wp\/v2\/product_tag?post=19676"},{"taxonomy":"country","embeddable":true,"href":"https:\/\/www.onurkoserealestate.com\/tr\/wp-json\/wp\/v2\/country?post=19676"},{"taxonomy":"district","embeddable":true,"href":"https:\/\/www.onurkoserealestate.com\/tr\/wp-json\/wp\/v2\/district?post=19676"},{"taxonomy":"selling-type","embeddable":true,"href":"https:\/\/www.onurkoserealestate.com\/tr\/wp-json\/wp\/v2\/selling-type?post=19676"},{"taxonomy":"property-type","embeddable":true,"href":"https:\/\/www.onurkoserealestate.com\/tr\/wp-json\/wp\/v2\/property-type?post=19676"},{"taxonomy":"location","embeddable":true,"href":"https:\/\/www.onurkoserealestate.com\/tr\/wp-json\/wp\/v2\/location?post=19676"},{"taxonomy":"property-city","embeddable":true,"href":"https:\/\/www.onurkoserealestate.com\/tr\/wp-json\/wp\/v2\/property-city?post=19676"}],"curies":[{"name":"wp","href":"https:\/\/api.w.org\/{rel}","templated":true}]}}