{"id":19784,"date":"2025-08-18T07:25:13","date_gmt":"2025-08-18T07:25:13","guid":{"rendered":"https:\/\/www.onurkoserealestate.com\/product\/alanyada-akillica-yatirim-yapin-kurt-safir-balkan-tower\/"},"modified":"2025-08-18T07:25:13","modified_gmt":"2025-08-18T07:25:13","slug":"invest-smartly-in-alanya-kurt-safir-balkan-tower","status":"publish","type":"product","link":"https:\/\/www.onurkoserealestate.com\/tr\/product\/invest-smartly-in-alanya-kurt-safir-balkan-tower\/","title":{"rendered":"Alanya&#8217;da Ak\u0131ll\u0131ca Yat\u0131r\u0131m Yap\u0131n \u2013 Kurt Safir Balkan Tower"},"content":{"rendered":"<p data-start=\"305\" data-end=\"607\">Alanya&#8217;n\u0131n Mahmutlar b\u00f6lgesinde bulunan prestijli Kurt Safir Balkan Tower&#8217;\u0131n 5. kat\u0131nda yer alan bu \u015f\u0131k 1+1 dairede y\u00fcksek kaliteli bir ya\u015fam deneyimi ya\u015fay\u0131n. 60 m\u00b2 b\u00fcy\u00fckl\u00fc\u011f\u00fcnde ve kuzeybat\u0131ya bakan bir balkona sahip olan bu daire, konfor, \u0131\u015f\u0131k ve serin esintilerin m\u00fckemmel bir kar\u0131\u015f\u0131m\u0131n\u0131 sunuyor. <\/p>\n<p data-start=\"609\" data-end=\"1075\">Modern ya\u015fam tarz\u0131 i\u00e7in tasarlanan rezidans, a\u00e7\u0131k ve kapal\u0131 y\u00fczme havuzu, T\u00fcrk hamam\u0131, sauna, buhar odas\u0131, tuz odas\u0131, masaj odalar\u0131, fitness merkezi, \u00e7ocuk oyun alan\u0131 ve konuksever bir lobi gibi \u00e7ok \u00e7e\u015fitli l\u00fcks olanaklar sunmaktad\u0131r. Ekstra kolayl\u0131klar aras\u0131nda a\u00e7\u0131k otopark, jenerat\u00f6r, kap\u0131c\u0131 hizmeti ve g\u00fcvenlik bulunmaktad\u0131r \u2013 bu da Alanya&#8217;da g\u00fcnl\u00fck ya\u015fam\u0131 hem kolay hem de rahat hale getirmektedir. <\/p>\n<p data-start=\"1077\" data-end=\"1370\">Kurt Safir Balkan Tower, Alanya&#8217;n\u0131n en canl\u0131 ve uluslararas\u0131 mahallelerinden biri olan Mahmutlar&#8217;\u0131n kalbinde yer almaktad\u0131r. Deniz, ma\u011fazalar ve restoranlara yak\u0131n, iyi donan\u0131ml\u0131, modern bir kompleks i\u00e7inde tatil evi, kiral\u0131k yat\u0131r\u0131m veya kal\u0131c\u0131 ikamet yeri arayanlar i\u00e7in m\u00fckemmeldir. <\/p>\n<p data-start=\"1372\" data-end=\"1481\">Alanya&#8217;daki bu zarif dairede huzur ve konfor i\u00e7inde Akdeniz ya\u015fam tarz\u0131n\u0131 ya\u015fay\u0131n.<\/p>\n","protected":false},"excerpt":{"rendered":"<p>Alanya&#8217;n\u0131n Mahmutlar b\u00f6lgesinde bulunan prestijli Kurt Safir Balkan Tower&#8217;\u0131n 5. kat\u0131nda yer alan bu \u015f\u0131k 1+1 dairede y\u00fcksek kaliteli bir<\/p>\n","protected":false},"featured_media":19737,"comment_status":"open","ping_status":"closed","template":"","meta":[],"product_cat":[77],"product_tag":[],"country":[109],"district":[186],"selling-type":[118],"property-type":[120],"location":[152],"property-city":[124],"class_list":{"0":"post-19784","1":"product","2":"type-product","3":"status-publish","4":"has-post-thumbnail","6":"product_cat-acil-satilik","7":"country-turkey-tr","8":"district-mahmutlar-tr","9":"selling-type-resale-tr","10":"property-type-apartment-tr","11":"location-alanya-tr","12":"property-city-antalya-tr","14":"first","15":"instock","16":"shipping-taxable","17":"purchasable","18":"product-type-simple"},"_links":{"self":[{"href":"https:\/\/www.onurkoserealestate.com\/tr\/wp-json\/wp\/v2\/product\/19784","targetHints":{"allow":["GET"]}}],"collection":[{"href":"https:\/\/www.onurkoserealestate.com\/tr\/wp-json\/wp\/v2\/product"}],"about":[{"href":"https:\/\/www.onurkoserealestate.com\/tr\/wp-json\/wp\/v2\/types\/product"}],"replies":[{"embeddable":true,"href":"https:\/\/www.onurkoserealestate.com\/tr\/wp-json\/wp\/v2\/comments?post=19784"}],"wp:featuredmedia":[{"embeddable":true,"href":"https:\/\/www.onurkoserealestate.com\/tr\/wp-json\/wp\/v2\/media\/19737"}],"wp:attachment":[{"href":"https:\/\/www.onurkoserealestate.com\/tr\/wp-json\/wp\/v2\/media?parent=19784"}],"wp:term":[{"taxonomy":"product_cat","embeddable":true,"href":"https:\/\/www.onurkoserealestate.com\/tr\/wp-json\/wp\/v2\/product_cat?post=19784"},{"taxonomy":"product_tag","embeddable":true,"href":"https:\/\/www.onurkoserealestate.com\/tr\/wp-json\/wp\/v2\/product_tag?post=19784"},{"taxonomy":"country","embeddable":true,"href":"https:\/\/www.onurkoserealestate.com\/tr\/wp-json\/wp\/v2\/country?post=19784"},{"taxonomy":"district","embeddable":true,"href":"https:\/\/www.onurkoserealestate.com\/tr\/wp-json\/wp\/v2\/district?post=19784"},{"taxonomy":"selling-type","embeddable":true,"href":"https:\/\/www.onurkoserealestate.com\/tr\/wp-json\/wp\/v2\/selling-type?post=19784"},{"taxonomy":"property-type","embeddable":true,"href":"https:\/\/www.onurkoserealestate.com\/tr\/wp-json\/wp\/v2\/property-type?post=19784"},{"taxonomy":"location","embeddable":true,"href":"https:\/\/www.onurkoserealestate.com\/tr\/wp-json\/wp\/v2\/location?post=19784"},{"taxonomy":"property-city","embeddable":true,"href":"https:\/\/www.onurkoserealestate.com\/tr\/wp-json\/wp\/v2\/property-city?post=19784"}],"curies":[{"name":"wp","href":"https:\/\/api.w.org\/{rel}","templated":true}]}}