{"id":19925,"date":"2025-08-18T07:41:01","date_gmt":"2025-08-18T07:41:01","guid":{"rendered":"https:\/\/www.onurkoserealestate.com\/product\/alanyada-manzarali-genis-21-daire\/"},"modified":"2025-08-18T07:41:01","modified_gmt":"2025-08-18T07:41:01","slug":"spacious-21-apartment-with-scenic-views-in-alanya","status":"publish","type":"product","link":"https:\/\/www.onurkoserealestate.com\/tr\/product\/spacious-21-apartment-with-scenic-views-in-alanya\/","title":{"rendered":"Alanya&#8217;da Manzaral\u0131 Geni\u015f 2+1 Daire"},"content":{"rendered":"<p data-start=\"267\" data-end=\"604\">Alanya, Mahmutlar&#8217;\u0131n en \u00e7ok ra\u011fbet g\u00f6ren konut komplekslerinden biri olan Yekta Premium&#8217;a ho\u015f geldiniz. Bu geni\u015f 2+1 daire, 125 m\u00b2 ya\u015fam alan\u0131, 2 banyo, 1 balkon ve muhte\u015fem \u015fehir ve do\u011fa manzaras\u0131 sunmaktad\u0131r. Modern bir ortamda konfor, ferahl\u0131k ve kalite arayanlara idealdir.  <\/p>\n<p data-start=\"606\" data-end=\"891\">Y\u00fcksek bir katta bulunan daire, temiz hava ve a\u00e7\u0131k manzaradan yararlanarak hem y\u0131l boyunca ya\u015famak hem de tatil i\u00e7in m\u00fckemmel bir evdir. Kompleks, a\u00e7\u0131k ve kapal\u0131 y\u00fczme havuzlar\u0131, fitness merkezi, buhar odas\u0131 ve barbek\u00fc alan\u0131 gibi birinci s\u0131n\u0131f olanaklar sunmaktad\u0131r. <\/p>\n<p data-start=\"893\" data-end=\"1155\">Spor severler i\u00e7in voleybol ve basketbol sahalar\u0131, tenis kortu, hatta masa tenisi ve bilardo masalar\u0131 bulunmaktad\u0131r. \u00c7ocuklar ve aileler, peyzajl\u0131 bah\u00e7enin, \u00e7ardaklar\u0131n ve 24 saat kamera sistemi ile sa\u011flanan g\u00fcvenli\u011fin keyfini \u00e7\u0131karacaklard\u0131r. <\/p>\n<p data-start=\"1157\" data-end=\"1339\">Mahmutlar&#8217;daki konumu sayesinde marketlere, restoranlara, plaja ve toplu ta\u015f\u0131ma ara\u00e7lar\u0131na kolay eri\u015fim imkan\u0131 sunan bu daire, aileler, emekliler veya yat\u0131r\u0131mc\u0131lar i\u00e7in m\u00fckemmel bir se\u00e7imdir.<\/p>\n<p data-start=\"1341\" data-end=\"1432\">Alanya&#8217;daki bu l\u00fcks dairede modern Akdeniz ya\u015fam\u0131n\u0131n en iyi halini deneyimleyin.<\/p>\n","protected":false},"excerpt":{"rendered":"<p>Alanya, Mahmutlar&#8217;\u0131n en \u00e7ok ra\u011fbet g\u00f6ren konut komplekslerinden biri olan Yekta Premium&#8217;a ho\u015f geldiniz. Bu geni\u015f 2+1 daire, 125 m\u00b2<\/p>\n","protected":false},"featured_media":19789,"comment_status":"open","ping_status":"closed","template":"","meta":[],"product_cat":[77],"product_tag":[],"country":[109],"district":[186],"selling-type":[118],"property-type":[120],"location":[152],"property-city":[124],"class_list":{"0":"post-19925","1":"product","2":"type-product","3":"status-publish","4":"has-post-thumbnail","6":"product_cat-acil-satilik","7":"country-turkey-tr","8":"district-mahmutlar-tr","9":"selling-type-resale-tr","10":"property-type-apartment-tr","11":"location-alanya-tr","12":"property-city-antalya-tr","14":"first","15":"instock","16":"shipping-taxable","17":"purchasable","18":"product-type-simple"},"_links":{"self":[{"href":"https:\/\/www.onurkoserealestate.com\/tr\/wp-json\/wp\/v2\/product\/19925","targetHints":{"allow":["GET"]}}],"collection":[{"href":"https:\/\/www.onurkoserealestate.com\/tr\/wp-json\/wp\/v2\/product"}],"about":[{"href":"https:\/\/www.onurkoserealestate.com\/tr\/wp-json\/wp\/v2\/types\/product"}],"replies":[{"embeddable":true,"href":"https:\/\/www.onurkoserealestate.com\/tr\/wp-json\/wp\/v2\/comments?post=19925"}],"wp:featuredmedia":[{"embeddable":true,"href":"https:\/\/www.onurkoserealestate.com\/tr\/wp-json\/wp\/v2\/media\/19789"}],"wp:attachment":[{"href":"https:\/\/www.onurkoserealestate.com\/tr\/wp-json\/wp\/v2\/media?parent=19925"}],"wp:term":[{"taxonomy":"product_cat","embeddable":true,"href":"https:\/\/www.onurkoserealestate.com\/tr\/wp-json\/wp\/v2\/product_cat?post=19925"},{"taxonomy":"product_tag","embeddable":true,"href":"https:\/\/www.onurkoserealestate.com\/tr\/wp-json\/wp\/v2\/product_tag?post=19925"},{"taxonomy":"country","embeddable":true,"href":"https:\/\/www.onurkoserealestate.com\/tr\/wp-json\/wp\/v2\/country?post=19925"},{"taxonomy":"district","embeddable":true,"href":"https:\/\/www.onurkoserealestate.com\/tr\/wp-json\/wp\/v2\/district?post=19925"},{"taxonomy":"selling-type","embeddable":true,"href":"https:\/\/www.onurkoserealestate.com\/tr\/wp-json\/wp\/v2\/selling-type?post=19925"},{"taxonomy":"property-type","embeddable":true,"href":"https:\/\/www.onurkoserealestate.com\/tr\/wp-json\/wp\/v2\/property-type?post=19925"},{"taxonomy":"location","embeddable":true,"href":"https:\/\/www.onurkoserealestate.com\/tr\/wp-json\/wp\/v2\/location?post=19925"},{"taxonomy":"property-city","embeddable":true,"href":"https:\/\/www.onurkoserealestate.com\/tr\/wp-json\/wp\/v2\/property-city?post=19925"}],"curies":[{"name":"wp","href":"https:\/\/api.w.org\/{rel}","templated":true}]}}