{"id":20035,"date":"2025-08-18T08:05:57","date_gmt":"2025-08-18T08:05:57","guid":{"rendered":"https:\/\/www.onurkoserealestate.com\/product\/alanyada-modern-yasam-tam-donanimli-21\/"},"modified":"2025-08-18T08:05:57","modified_gmt":"2025-08-18T08:05:57","slug":"modern-living-in-alanya-21-with-full-amenities","status":"publish","type":"product","link":"https:\/\/www.onurkoserealestate.com\/tr\/product\/modern-living-in-alanya-21-with-full-amenities\/","title":{"rendered":"Alanya&#8217;da Modern Ya\u015fam \u2013 Tam Donan\u0131ml\u0131 2+1"},"content":{"rendered":"<p data-start=\"289\" data-end=\"680\">Alanya, Mahmutlar&#8217;da bulunan l\u00fcks Kurt Safir Balkan Tower&#8217;\u0131n 5. kat\u0131nda yer alan bu zarif 2+1 daireye ho\u015f geldiniz. 100 m\u00b2 ya\u015fam alan\u0131 ve kuzeybat\u0131ya bakan konumu ile bu daire, ayd\u0131nl\u0131k, ferah ve konforlu bir ortam sunarak y\u0131l boyunca ya\u015famak veya tatil ka\u00e7ama\u011f\u0131 i\u00e7in m\u00fckemmeldir. Tamamen mobilyal\u0131 ve hemen ta\u015f\u0131nmaya haz\u0131rd\u0131r.  <\/p>\n<p data-start=\"682\" data-end=\"1105\">Modern ve rahat bir ya\u015fam tarz\u0131 i\u00e7in tasarlanm\u0131\u015f \u00e7ok \u00e7e\u015fitli birinci s\u0131n\u0131f tesislerin keyfini \u00e7\u0131kar\u0131n: kapal\u0131 ve a\u00e7\u0131k y\u00fczme havuzlar\u0131, tuz odas\u0131, buhar odas\u0131, T\u00fcrk hamam\u0131, sauna, masaj odalar\u0131, fitness merkezi ve \u00e7ocuk oyun alan\u0131. Rezidans ayr\u0131ca konforlu bir lobi, a\u00e7\u0131k otopark, jenerat\u00f6r, kap\u0131c\u0131 ve 7\/24 bina y\u00f6netimi ile huzurlu bir ya\u015fam sunar. <\/p>\n<p data-start=\"1107\" data-end=\"1300\">Mahmutlar&#8217;\u0131n kalbinde yer alan bu tesis, plaja, ma\u011fazalara, restoranlara ve toplu ta\u015f\u0131ma ara\u00e7lar\u0131na yak\u0131nd\u0131r. Alanya&#8217;n\u0131n en pop\u00fcler b\u00f6lgelerinden birinde hem rahatl\u0131k hem de konfor sunmaktad\u0131r.<\/p>\n<p data-start=\"1302\" data-end=\"1455\">Bu daire, Akdeniz&#8217;in en g\u00f6zde b\u00f6lgesinde t\u00fcm olanaklara sahip \u015f\u0131k bir ev arayan aileler, emekliler veya yat\u0131r\u0131mc\u0131lar i\u00e7in idealdir.<\/p>\n","protected":false},"excerpt":{"rendered":"<p>Alanya, Mahmutlar&#8217;da bulunan l\u00fcks Kurt Safir Balkan Tower&#8217;\u0131n 5. kat\u0131nda yer alan bu zarif 2+1 daireye ho\u015f geldiniz. 100 m\u00b2<\/p>\n","protected":false},"featured_media":19954,"comment_status":"open","ping_status":"closed","template":"","meta":[],"product_cat":[77],"product_tag":[],"country":[109],"district":[186],"selling-type":[118],"property-type":[120],"location":[152],"property-city":[124],"class_list":{"0":"post-20035","1":"product","2":"type-product","3":"status-publish","4":"has-post-thumbnail","6":"product_cat-acil-satilik","7":"country-turkey-tr","8":"district-mahmutlar-tr","9":"selling-type-resale-tr","10":"property-type-apartment-tr","11":"location-alanya-tr","12":"property-city-antalya-tr","14":"first","15":"instock","16":"shipping-taxable","17":"purchasable","18":"product-type-simple"},"_links":{"self":[{"href":"https:\/\/www.onurkoserealestate.com\/tr\/wp-json\/wp\/v2\/product\/20035","targetHints":{"allow":["GET"]}}],"collection":[{"href":"https:\/\/www.onurkoserealestate.com\/tr\/wp-json\/wp\/v2\/product"}],"about":[{"href":"https:\/\/www.onurkoserealestate.com\/tr\/wp-json\/wp\/v2\/types\/product"}],"replies":[{"embeddable":true,"href":"https:\/\/www.onurkoserealestate.com\/tr\/wp-json\/wp\/v2\/comments?post=20035"}],"wp:featuredmedia":[{"embeddable":true,"href":"https:\/\/www.onurkoserealestate.com\/tr\/wp-json\/wp\/v2\/media\/19954"}],"wp:attachment":[{"href":"https:\/\/www.onurkoserealestate.com\/tr\/wp-json\/wp\/v2\/media?parent=20035"}],"wp:term":[{"taxonomy":"product_cat","embeddable":true,"href":"https:\/\/www.onurkoserealestate.com\/tr\/wp-json\/wp\/v2\/product_cat?post=20035"},{"taxonomy":"product_tag","embeddable":true,"href":"https:\/\/www.onurkoserealestate.com\/tr\/wp-json\/wp\/v2\/product_tag?post=20035"},{"taxonomy":"country","embeddable":true,"href":"https:\/\/www.onurkoserealestate.com\/tr\/wp-json\/wp\/v2\/country?post=20035"},{"taxonomy":"district","embeddable":true,"href":"https:\/\/www.onurkoserealestate.com\/tr\/wp-json\/wp\/v2\/district?post=20035"},{"taxonomy":"selling-type","embeddable":true,"href":"https:\/\/www.onurkoserealestate.com\/tr\/wp-json\/wp\/v2\/selling-type?post=20035"},{"taxonomy":"property-type","embeddable":true,"href":"https:\/\/www.onurkoserealestate.com\/tr\/wp-json\/wp\/v2\/property-type?post=20035"},{"taxonomy":"location","embeddable":true,"href":"https:\/\/www.onurkoserealestate.com\/tr\/wp-json\/wp\/v2\/location?post=20035"},{"taxonomy":"property-city","embeddable":true,"href":"https:\/\/www.onurkoserealestate.com\/tr\/wp-json\/wp\/v2\/property-city?post=20035"}],"curies":[{"name":"wp","href":"https:\/\/api.w.org\/{rel}","templated":true}]}}