{"id":20152,"date":"2025-08-18T08:37:33","date_gmt":"2025-08-18T08:37:33","guid":{"rendered":"https:\/\/www.onurkoserealestate.com\/product\/alanyada-yatirim-firsati-tamamen-mobilyali-11\/"},"modified":"2025-08-18T08:37:33","modified_gmt":"2025-08-18T08:37:33","slug":"investment-opportunity-in-alanya-fully-furnished-11","status":"publish","type":"product","link":"https:\/\/www.onurkoserealestate.com\/tr\/product\/investment-opportunity-in-alanya-fully-furnished-11\/","title":{"rendered":"Alanya&#8217;da Yat\u0131r\u0131m F\u0131rsat\u0131 \u2013 Tamamen Mobilyal\u0131 1+1"},"content":{"rendered":"<p data-start=\"305\" data-end=\"741\">Alanya&#8217;n\u0131n Mahmutlar b\u00f6lgesinin kalbinde yer alan Apollo Residence&#8217;da bulunan bu \u015f\u0131k 1+1 k\u00f6\u015fe daire, konfor, rahatl\u0131k ve Akdeniz ya\u015fam tarz\u0131n\u0131 m\u00fckemmel bir \u015fekilde harmanlamaktad\u0131r. 5. katta bulunan daire, 70 m\u00b2 alana sahiptir ve tamamen mobilyal\u0131 olup, hemen ta\u015f\u0131nmaya haz\u0131rd\u0131r. G\u00fcneybat\u0131 y\u00f6n\u00fcne bakan daire, g\u00fcn boyunca bol miktarda do\u011fal \u0131\u015f\u0131k al\u0131r ve g\u00fczel g\u00fcn bat\u0131m\u0131 manzaras\u0131na sahiptir.  <\/p>\n<p data-start=\"743\" data-end=\"1094\">Bu k\u00f6\u015fe daire, daha fazla mahremiyet ve ferah bir yerle\u015fim sunarak hem tatil ama\u00e7l\u0131 kullan\u0131m hem de uzun s\u00fcreli ikamet i\u00e7in idealdir. Kompleks, a\u00e7\u0131k ve kapal\u0131 y\u00fczme havuzu, sauna, bilardo alan\u0131 ve a\u00e7\u0131k otopark gibi m\u00fckemmel tesis i\u00e7i olanaklara sahiptir \u2014 Alanya&#8217;da rahat, tatil k\u00f6y\u00fc tarz\u0131 bir ya\u015fam tarz\u0131n\u0131n tad\u0131n\u0131 \u00e7\u0131karmak i\u00e7in ihtiyac\u0131n\u0131z olan her \u015fey. <\/p>\n<p data-start=\"1096\" data-end=\"1401\">Apollo Residence, ma\u011fazalara, restoranlara, kafelere ve toplu ta\u015f\u0131ma ara\u00e7lar\u0131na yak\u0131n konumda bulunarak g\u00fcnl\u00fck hayat\u0131 kolay ve keyifli hale getirir. \u0130ster \u00e7ift, ister tek ba\u015f\u0131na ya\u015fayan bir ki\u015fi, ister kiral\u0131k m\u00fclk arayan bir yat\u0131r\u0131mc\u0131 olun, bu daire Alanya&#8217;n\u0131n en pop\u00fcler mahallelerinden birinde m\u00fckemmel bir de\u011fer sunar. <\/p>\n<p data-start=\"1403\" data-end=\"1524\">Mahmutlar&#8217;\u0131n bak\u0131ml\u0131 konutlar\u0131ndan biri olan Apollo Residence&#8217;da g\u00fczel bir daire sahibi olma f\u0131rsat\u0131n\u0131 ka\u00e7\u0131rmay\u0131n.<\/p>\n","protected":false},"excerpt":{"rendered":"<p>Alanya&#8217;n\u0131n Mahmutlar b\u00f6lgesinin kalbinde yer alan Apollo Residence&#8217;da bulunan bu \u015f\u0131k 1+1 k\u00f6\u015fe daire, konfor, rahatl\u0131k ve Akdeniz ya\u015fam tarz\u0131n\u0131<\/p>\n","protected":false},"featured_media":20084,"comment_status":"open","ping_status":"closed","template":"","meta":[],"product_cat":[77],"product_tag":[],"country":[109],"district":[186],"selling-type":[118],"property-type":[120],"location":[152],"property-city":[124],"class_list":{"0":"post-20152","1":"product","2":"type-product","3":"status-publish","4":"has-post-thumbnail","6":"product_cat-acil-satilik","7":"country-turkey-tr","8":"district-mahmutlar-tr","9":"selling-type-resale-tr","10":"property-type-apartment-tr","11":"location-alanya-tr","12":"property-city-antalya-tr","14":"first","15":"instock","16":"shipping-taxable","17":"purchasable","18":"product-type-simple"},"_links":{"self":[{"href":"https:\/\/www.onurkoserealestate.com\/tr\/wp-json\/wp\/v2\/product\/20152","targetHints":{"allow":["GET"]}}],"collection":[{"href":"https:\/\/www.onurkoserealestate.com\/tr\/wp-json\/wp\/v2\/product"}],"about":[{"href":"https:\/\/www.onurkoserealestate.com\/tr\/wp-json\/wp\/v2\/types\/product"}],"replies":[{"embeddable":true,"href":"https:\/\/www.onurkoserealestate.com\/tr\/wp-json\/wp\/v2\/comments?post=20152"}],"wp:featuredmedia":[{"embeddable":true,"href":"https:\/\/www.onurkoserealestate.com\/tr\/wp-json\/wp\/v2\/media\/20084"}],"wp:attachment":[{"href":"https:\/\/www.onurkoserealestate.com\/tr\/wp-json\/wp\/v2\/media?parent=20152"}],"wp:term":[{"taxonomy":"product_cat","embeddable":true,"href":"https:\/\/www.onurkoserealestate.com\/tr\/wp-json\/wp\/v2\/product_cat?post=20152"},{"taxonomy":"product_tag","embeddable":true,"href":"https:\/\/www.onurkoserealestate.com\/tr\/wp-json\/wp\/v2\/product_tag?post=20152"},{"taxonomy":"country","embeddable":true,"href":"https:\/\/www.onurkoserealestate.com\/tr\/wp-json\/wp\/v2\/country?post=20152"},{"taxonomy":"district","embeddable":true,"href":"https:\/\/www.onurkoserealestate.com\/tr\/wp-json\/wp\/v2\/district?post=20152"},{"taxonomy":"selling-type","embeddable":true,"href":"https:\/\/www.onurkoserealestate.com\/tr\/wp-json\/wp\/v2\/selling-type?post=20152"},{"taxonomy":"property-type","embeddable":true,"href":"https:\/\/www.onurkoserealestate.com\/tr\/wp-json\/wp\/v2\/property-type?post=20152"},{"taxonomy":"location","embeddable":true,"href":"https:\/\/www.onurkoserealestate.com\/tr\/wp-json\/wp\/v2\/location?post=20152"},{"taxonomy":"property-city","embeddable":true,"href":"https:\/\/www.onurkoserealestate.com\/tr\/wp-json\/wp\/v2\/property-city?post=20152"}],"curies":[{"name":"wp","href":"https:\/\/api.w.org\/{rel}","templated":true}]}}