{"id":20189,"date":"2025-08-19T07:11:35","date_gmt":"2025-08-19T07:11:35","guid":{"rendered":"https:\/\/www.onurkoserealestate.com\/product\/alanya-merkezinde-anahtar-teslimi-daire-denize-500-m-mesafede\/"},"modified":"2025-08-19T07:11:35","modified_gmt":"2025-08-19T07:11:35","slug":"turnkey-apartment-in-central-alanya-500m-to-sea","status":"publish","type":"product","link":"https:\/\/www.onurkoserealestate.com\/tr\/product\/turnkey-apartment-in-central-alanya-500m-to-sea\/","title":{"rendered":"Alanya Merkezinde Anahtar Teslimi Daire \u2013 Denize 500 m Mesafede"},"content":{"rendered":"<p data-start=\"299\" data-end=\"649\">Plaja sadece 500 metre uzakl\u0131kta bulunan Elite Marine 3 kompleksindeki bu tam donan\u0131ml\u0131 1+1 daire, Alanya&#8217;n\u0131n kalbinde modern ve konforlu bir ya\u015fam tarz\u0131 sunuyor. 2. katta bulunan ve toplam 50 m\u00b2 alana sahip daire, mobilya, beyaz e\u015fya ve klima ile donat\u0131lm\u0131\u015f olup, ta\u015f\u0131nmaya haz\u0131rd\u0131r. <\/p>\n<p data-start=\"651\" data-end=\"1028\">Ki\u015fisel kullan\u0131m ve yat\u0131r\u0131m i\u00e7in m\u00fckemmel olan bu m\u00fclk, a\u00e7\u0131k y\u00fczme havuzu, sauna, buhar odas\u0131, fitness merkezi ve \u00e7ocuklar i\u00e7in mini kul\u00fcp gibi \u00e7ok \u00e7e\u015fitli olanaklara sahip, bak\u0131ml\u0131 bir konut kompleksinde yer almaktad\u0131r. Ek olanaklar aras\u0131nda Wi-Fi, asans\u00f6r, jenerat\u00f6r, kap\u0131c\u0131 ve huzurlu bir bah\u00e7e alan\u0131 bulunmaktad\u0131r. <\/p>\n<p data-start=\"1030\" data-end=\"1310\">Elite Marine 3, Alanya \u015fehir merkezinde ideal bir konuma sahiptir ve al\u0131\u015fveri\u015f merkezlerine, kafelere, restoranlara ve toplu ta\u015f\u0131ma ara\u00e7lar\u0131na kolay eri\u015fim imkan\u0131 sunar. Merkezi konumu ve plaja yak\u0131nl\u0131\u011f\u0131, bu daireyi tatil ama\u00e7l\u0131 konaklama, uzun s\u00fcreli kal\u0131\u015flar veya kira geliri i\u00e7in m\u00fckemmel bir se\u00e7im haline getirir. <\/p>\n<p data-start=\"1312\" data-end=\"1433\">Alanya&#8217;n\u0131n en g\u00f6zde komplekslerinden biri olan Elite Marine 3&#8217;te modern bir daire sahibi olma f\u0131rsat\u0131n\u0131 ka\u00e7\u0131rmay\u0131n.<\/p>\n","protected":false},"excerpt":{"rendered":"<p>Plaja sadece 500 metre uzakl\u0131kta bulunan Elite Marine 3 kompleksindeki bu tam donan\u0131ml\u0131 1+1 daire, Alanya&#8217;n\u0131n kalbinde modern ve konforlu<\/p>\n","protected":false},"featured_media":20169,"comment_status":"open","ping_status":"closed","template":"","meta":[],"product_cat":[77],"product_tag":[],"country":[109],"district":[214],"selling-type":[118],"property-type":[120],"location":[152],"property-city":[124],"class_list":{"0":"post-20189","1":"product","2":"type-product","3":"status-publish","4":"has-post-thumbnail","6":"product_cat-acil-satilik","7":"country-turkey-tr","8":"district-center-tr","9":"selling-type-resale-tr","10":"property-type-apartment-tr","11":"location-alanya-tr","12":"property-city-antalya-tr","14":"first","15":"instock","16":"shipping-taxable","17":"purchasable","18":"product-type-simple"},"_links":{"self":[{"href":"https:\/\/www.onurkoserealestate.com\/tr\/wp-json\/wp\/v2\/product\/20189","targetHints":{"allow":["GET"]}}],"collection":[{"href":"https:\/\/www.onurkoserealestate.com\/tr\/wp-json\/wp\/v2\/product"}],"about":[{"href":"https:\/\/www.onurkoserealestate.com\/tr\/wp-json\/wp\/v2\/types\/product"}],"replies":[{"embeddable":true,"href":"https:\/\/www.onurkoserealestate.com\/tr\/wp-json\/wp\/v2\/comments?post=20189"}],"wp:featuredmedia":[{"embeddable":true,"href":"https:\/\/www.onurkoserealestate.com\/tr\/wp-json\/wp\/v2\/media\/20169"}],"wp:attachment":[{"href":"https:\/\/www.onurkoserealestate.com\/tr\/wp-json\/wp\/v2\/media?parent=20189"}],"wp:term":[{"taxonomy":"product_cat","embeddable":true,"href":"https:\/\/www.onurkoserealestate.com\/tr\/wp-json\/wp\/v2\/product_cat?post=20189"},{"taxonomy":"product_tag","embeddable":true,"href":"https:\/\/www.onurkoserealestate.com\/tr\/wp-json\/wp\/v2\/product_tag?post=20189"},{"taxonomy":"country","embeddable":true,"href":"https:\/\/www.onurkoserealestate.com\/tr\/wp-json\/wp\/v2\/country?post=20189"},{"taxonomy":"district","embeddable":true,"href":"https:\/\/www.onurkoserealestate.com\/tr\/wp-json\/wp\/v2\/district?post=20189"},{"taxonomy":"selling-type","embeddable":true,"href":"https:\/\/www.onurkoserealestate.com\/tr\/wp-json\/wp\/v2\/selling-type?post=20189"},{"taxonomy":"property-type","embeddable":true,"href":"https:\/\/www.onurkoserealestate.com\/tr\/wp-json\/wp\/v2\/property-type?post=20189"},{"taxonomy":"location","embeddable":true,"href":"https:\/\/www.onurkoserealestate.com\/tr\/wp-json\/wp\/v2\/location?post=20189"},{"taxonomy":"property-city","embeddable":true,"href":"https:\/\/www.onurkoserealestate.com\/tr\/wp-json\/wp\/v2\/property-city?post=20189"}],"curies":[{"name":"wp","href":"https:\/\/api.w.org\/{rel}","templated":true}]}}