{"id":20309,"date":"2025-08-20T12:07:23","date_gmt":"2025-08-20T12:07:23","guid":{"rendered":"https:\/\/www.onurkoserealestate.com\/product\/alanyada-deniz-yakinliginda-ve-tam-donanimli-sik-21-daire\/"},"modified":"2025-08-20T12:07:23","modified_gmt":"2025-08-20T12:07:23","slug":"stylish-21-with-sea-proximity-and-full-amenities-in-alanya","status":"publish","type":"product","link":"https:\/\/www.onurkoserealestate.com\/tr\/product\/stylish-21-with-sea-proximity-and-full-amenities-in-alanya\/","title":{"rendered":"Alanya&#8217;da Deniz Yak\u0131nl\u0131\u011f\u0131nda ve Tam Donan\u0131ml\u0131 \u015e\u0131k 2+1 Daire"},"content":{"rendered":"<p data-start=\"275\" data-end=\"618\">Plaja sadece 500 metre uzakl\u0131kta, Alanya&#8217;n\u0131n tam merkezinde bulunan GEN Deluxe&#8217;teki bu \u015f\u0131k 2+1 daire, l\u00fcks bir kompleks i\u00e7inde modern bir ya\u015fam sunuyor. 8. katta yer alan daire, 2 banyo, 1 balkon ve y\u0131l boyunca konfor sa\u011flayan klima dahil olmak \u00fczere 85 m\u00b2&#8217;lik bir ya\u015fam alan\u0131na sahiptir. <\/p>\n<p data-start=\"620\" data-end=\"1037\">GEN Deluxe, dinlenme ve rahatl\u0131k i\u00e7in tasarlanm\u0131\u015f birinci s\u0131n\u0131f bir rezidanst\u0131r. Sakinler, kapal\u0131 ve a\u00e7\u0131k y\u00fczme havuzlar\u0131, sauna, fitness merkezi, barbek\u00fc alan\u0131, bah\u00e7e ve rahat bir \u00e7ardak (kamelya) dahil olmak \u00fczere \u00e7ok \u00e7e\u015fitli olanaklardan yararlanabilirler. Ayr\u0131ca, kesintisiz konfor sa\u011flamak i\u00e7in havuz bar\u0131, oyun odas\u0131, otopark alan\u0131, kamera sistemi, asans\u00f6r ve jenerat\u00f6r de bulunmaktad\u0131r.  <\/p>\n<p data-start=\"1039\" data-end=\"1327\">Konumu ideal \u2013 plaja, ma\u011fazalara, kafelere ve Alanya \u015fehir merkezinin hareketli ya\u015fam\u0131na yak\u0131n. Tatil evi, kal\u0131c\u0131 konut veya yat\u0131r\u0131m ama\u00e7l\u0131 gayrimenkul ar\u0131yorsan\u0131z, bu daire konumu, olanaklar\u0131 ve modern tasar\u0131m\u0131yla m\u00fckemmel bir de\u011fer sunuyor. <\/p>\n<p data-start=\"1329\" data-end=\"1450\">Alanya&#8217;n\u0131n kalbinde, ihtiyac\u0131n\u0131z olan her \u015fey elinizin alt\u0131nda, \u015f\u0131k ve konforlu bir ya\u015fam s\u00fcr\u00fcn \u2013 GEN Deluxe&#8217;e ho\u015f geldiniz.<\/p>\n","protected":false},"excerpt":{"rendered":"<p>Plaja sadece 500 metre uzakl\u0131kta, Alanya&#8217;n\u0131n tam merkezinde bulunan GEN Deluxe&#8217;teki bu \u015f\u0131k 2+1 daire, l\u00fcks bir kompleks i\u00e7inde modern<\/p>\n","protected":false},"featured_media":20194,"comment_status":"open","ping_status":"closed","template":"","meta":[],"product_cat":[77],"product_tag":[],"country":[109],"district":[214],"selling-type":[118],"property-type":[120],"location":[152],"property-city":[124],"class_list":{"0":"post-20309","1":"product","2":"type-product","3":"status-publish","4":"has-post-thumbnail","6":"product_cat-acil-satilik","7":"country-turkey-tr","8":"district-center-tr","9":"selling-type-resale-tr","10":"property-type-apartment-tr","11":"location-alanya-tr","12":"property-city-antalya-tr","14":"first","15":"instock","16":"shipping-taxable","17":"purchasable","18":"product-type-simple"},"_links":{"self":[{"href":"https:\/\/www.onurkoserealestate.com\/tr\/wp-json\/wp\/v2\/product\/20309","targetHints":{"allow":["GET"]}}],"collection":[{"href":"https:\/\/www.onurkoserealestate.com\/tr\/wp-json\/wp\/v2\/product"}],"about":[{"href":"https:\/\/www.onurkoserealestate.com\/tr\/wp-json\/wp\/v2\/types\/product"}],"replies":[{"embeddable":true,"href":"https:\/\/www.onurkoserealestate.com\/tr\/wp-json\/wp\/v2\/comments?post=20309"}],"wp:featuredmedia":[{"embeddable":true,"href":"https:\/\/www.onurkoserealestate.com\/tr\/wp-json\/wp\/v2\/media\/20194"}],"wp:attachment":[{"href":"https:\/\/www.onurkoserealestate.com\/tr\/wp-json\/wp\/v2\/media?parent=20309"}],"wp:term":[{"taxonomy":"product_cat","embeddable":true,"href":"https:\/\/www.onurkoserealestate.com\/tr\/wp-json\/wp\/v2\/product_cat?post=20309"},{"taxonomy":"product_tag","embeddable":true,"href":"https:\/\/www.onurkoserealestate.com\/tr\/wp-json\/wp\/v2\/product_tag?post=20309"},{"taxonomy":"country","embeddable":true,"href":"https:\/\/www.onurkoserealestate.com\/tr\/wp-json\/wp\/v2\/country?post=20309"},{"taxonomy":"district","embeddable":true,"href":"https:\/\/www.onurkoserealestate.com\/tr\/wp-json\/wp\/v2\/district?post=20309"},{"taxonomy":"selling-type","embeddable":true,"href":"https:\/\/www.onurkoserealestate.com\/tr\/wp-json\/wp\/v2\/selling-type?post=20309"},{"taxonomy":"property-type","embeddable":true,"href":"https:\/\/www.onurkoserealestate.com\/tr\/wp-json\/wp\/v2\/property-type?post=20309"},{"taxonomy":"location","embeddable":true,"href":"https:\/\/www.onurkoserealestate.com\/tr\/wp-json\/wp\/v2\/location?post=20309"},{"taxonomy":"property-city","embeddable":true,"href":"https:\/\/www.onurkoserealestate.com\/tr\/wp-json\/wp\/v2\/property-city?post=20309"}],"curies":[{"name":"wp","href":"https:\/\/api.w.org\/{rel}","templated":true}]}}