{"id":20478,"date":"2025-08-25T07:11:35","date_gmt":"2025-08-25T07:11:35","guid":{"rendered":"https:\/\/www.onurkoserealestate.com\/product\/alanyada-luks-yasam-tam-donanimli-21-daire\/"},"modified":"2025-08-25T07:11:35","modified_gmt":"2025-08-25T07:11:35","slug":"luxury-living-in-alanya-21-apartment-with-full-amenities","status":"publish","type":"product","link":"https:\/\/www.onurkoserealestate.com\/tr\/product\/luxury-living-in-alanya-21-apartment-with-full-amenities\/","title":{"rendered":"Alanya&#8217;da L\u00fcks Ya\u015fam: Tam Donan\u0131ml\u0131 2+1 Daire"},"content":{"rendered":"<p data-start=\"177\" data-end=\"496\">Alanya&#8217;n\u0131n kalbinde yer alan modern bir konut kompleksi olan Gen Deluxe Triumph&#8217;a ho\u015f geldiniz. Konfor, l\u00fcks ve rahatl\u0131\u011f\u0131n m\u00fckemmel bir kar\u0131\u015f\u0131m\u0131n\u0131 sunan bu \u015f\u0131k 2+1 daire, 7. katta yer almakta olup 85 m\u00b2 br\u00fct alana sahiptir ve y\u0131l boyunca konfor sa\u011flamak i\u00e7in tam donan\u0131ml\u0131 klimaya sahiptir. <\/p>\n<p data-start=\"498\" data-end=\"852\">Daire, \u00e7ok \u00e7e\u015fitli y\u00fcksek kaliteli sosyal olanaklar sunan, bak\u0131ml\u0131 bir sitenin par\u00e7as\u0131d\u0131r. Sakinler, sa\u011fl\u0131kl\u0131 bir ya\u015fam tarz\u0131 i\u00e7in hem kapal\u0131 hem de a\u00e7\u0131k y\u00fczme havuzlar\u0131n\u0131n, buhar odas\u0131n\u0131n, saunan\u0131n ve fitness merkezinin keyfini \u00e7\u0131karabilirler. Bah\u00e7e alan\u0131, kamelya ve barbek\u00fc olanaklar\u0131, dinlenmek veya toplant\u0131lar d\u00fczenlemek i\u00e7in idealdir.  <\/p>\n<p data-start=\"854\" data-end=\"1083\">G\u00fcvenlik, kamera sistemi ve \u00f6zel otopark ile en \u00f6ncelikli konudur. E\u011flence i\u00e7in oyun odas\u0131 ve havuz bar\u0131 m\u00fckemmel e\u011flence se\u00e7enekleri sunar. Asans\u00f6r, daireye kolay eri\u015fim sa\u011flar.  <\/p>\n<p data-start=\"1085\" data-end=\"1281\">Alanya&#8217;da kal\u0131c\u0131 bir konut veya tatil evi ar\u0131yorsan\u0131z, bu m\u00fclk \u015fehir merkezine ve g\u00fczel plajlara yak\u0131n, konforlu ve \u015f\u0131k bir ya\u015fam s\u00fcrmek i\u00e7in e\u015fsiz bir f\u0131rsat sunuyor.<\/p>\n<p data-start=\"1283\" data-end=\"1360\">Akdeniz k\u0131y\u0131s\u0131nda bir cennet par\u00e7as\u0131na sahip olma f\u0131rsat\u0131n\u0131 ka\u00e7\u0131rmay\u0131n!<\/p>\n","protected":false},"excerpt":{"rendered":"<p>Alanya&#8217;n\u0131n kalbinde yer alan modern bir konut kompleksi olan Gen Deluxe Triumph&#8217;a ho\u015f geldiniz. Konfor, l\u00fcks ve rahatl\u0131\u011f\u0131n m\u00fckemmel bir<\/p>\n","protected":false},"featured_media":20327,"comment_status":"open","ping_status":"closed","template":"","meta":[],"product_cat":[77],"product_tag":[],"country":[109],"district":[214],"selling-type":[118],"property-type":[120],"location":[152],"property-city":[124],"class_list":{"0":"post-20478","1":"product","2":"type-product","3":"status-publish","4":"has-post-thumbnail","6":"product_cat-acil-satilik","7":"country-turkey-tr","8":"district-center-tr","9":"selling-type-resale-tr","10":"property-type-apartment-tr","11":"location-alanya-tr","12":"property-city-antalya-tr","14":"first","15":"instock","16":"shipping-taxable","17":"purchasable","18":"product-type-simple"},"_links":{"self":[{"href":"https:\/\/www.onurkoserealestate.com\/tr\/wp-json\/wp\/v2\/product\/20478","targetHints":{"allow":["GET"]}}],"collection":[{"href":"https:\/\/www.onurkoserealestate.com\/tr\/wp-json\/wp\/v2\/product"}],"about":[{"href":"https:\/\/www.onurkoserealestate.com\/tr\/wp-json\/wp\/v2\/types\/product"}],"replies":[{"embeddable":true,"href":"https:\/\/www.onurkoserealestate.com\/tr\/wp-json\/wp\/v2\/comments?post=20478"}],"wp:featuredmedia":[{"embeddable":true,"href":"https:\/\/www.onurkoserealestate.com\/tr\/wp-json\/wp\/v2\/media\/20327"}],"wp:attachment":[{"href":"https:\/\/www.onurkoserealestate.com\/tr\/wp-json\/wp\/v2\/media?parent=20478"}],"wp:term":[{"taxonomy":"product_cat","embeddable":true,"href":"https:\/\/www.onurkoserealestate.com\/tr\/wp-json\/wp\/v2\/product_cat?post=20478"},{"taxonomy":"product_tag","embeddable":true,"href":"https:\/\/www.onurkoserealestate.com\/tr\/wp-json\/wp\/v2\/product_tag?post=20478"},{"taxonomy":"country","embeddable":true,"href":"https:\/\/www.onurkoserealestate.com\/tr\/wp-json\/wp\/v2\/country?post=20478"},{"taxonomy":"district","embeddable":true,"href":"https:\/\/www.onurkoserealestate.com\/tr\/wp-json\/wp\/v2\/district?post=20478"},{"taxonomy":"selling-type","embeddable":true,"href":"https:\/\/www.onurkoserealestate.com\/tr\/wp-json\/wp\/v2\/selling-type?post=20478"},{"taxonomy":"property-type","embeddable":true,"href":"https:\/\/www.onurkoserealestate.com\/tr\/wp-json\/wp\/v2\/property-type?post=20478"},{"taxonomy":"location","embeddable":true,"href":"https:\/\/www.onurkoserealestate.com\/tr\/wp-json\/wp\/v2\/location?post=20478"},{"taxonomy":"property-city","embeddable":true,"href":"https:\/\/www.onurkoserealestate.com\/tr\/wp-json\/wp\/v2\/property-city?post=20478"}],"curies":[{"name":"wp","href":"https:\/\/api.w.org\/{rel}","templated":true}]}}