{"id":20622,"date":"2025-08-25T07:31:35","date_gmt":"2025-08-25T07:31:35","guid":{"rendered":"https:\/\/www.onurkoserealestate.com\/product\/alanyada-kiyi-konforu-plaja-yakin-11-daire\/"},"modified":"2025-08-25T07:31:35","modified_gmt":"2025-08-25T07:31:35","slug":"coastal-comfort-in-alanya-11-apartment-near-the-beach","status":"publish","type":"product","link":"https:\/\/www.onurkoserealestate.com\/tr\/product\/coastal-comfort-in-alanya-11-apartment-near-the-beach\/","title":{"rendered":"Alanya&#8217;da K\u0131y\u0131 Konforu: Plaja Yak\u0131n 1+1 Daire"},"content":{"rendered":"<p data-start=\"195\" data-end=\"582\">Denize sadece 300 metre uzakl\u0131kta bulunan bu rahat 1+1 daire, Alanya Merkez&#8217;deki Diva Best Home&#8217;da konfor, rahatl\u0131k ve modern ya\u015fam\u0131n m\u00fckemmel bir kar\u0131\u015f\u0131m\u0131n\u0131 sunuyor. 2. katta yer alan daire, 53 m\u00b2 br\u00fct alana, geni\u015f bir balkona ve 1 banyoya sahiptir. Beyaz e\u015fyalarla tamamen mobilyal\u0131 olan daire, hemen ta\u015f\u0131nmaya veya kiralamaya haz\u0131rd\u0131r. <\/p>\n<p data-start=\"584\" data-end=\"923\">Hem tam zamanl\u0131 ya\u015fam hem de tatil ka\u00e7amaklar\u0131 i\u00e7in ideal olan bu konut, \u00e7e\u015fitli sosyal ve sa\u011fl\u0131k olanaklar\u0131 i\u00e7eren, iyi donan\u0131ml\u0131 bir kompleksin par\u00e7as\u0131d\u0131r. A\u00e7\u0131k y\u00fczme havuzunun keyfini \u00e7\u0131kar\u0131n, jakuzide rahatlay\u0131n veya kapal\u0131 havuzda y\u0131l boyunca y\u00fcz\u00fcn. Sa\u011fl\u0131\u011f\u0131n\u0131z i\u00e7in sauna ve fitness merkezi de mevcuttur.  <\/p>\n<p data-start=\"925\" data-end=\"1168\">Di\u011fer olanaklar aras\u0131nda jenerat\u00f6r, Wi-Fi, asans\u00f6r, kap\u0131c\u0131 hizmeti ve 7\/24 g\u00fcvenlik kamera sistemi bulunmaktad\u0131r. G\u00fczelce bak\u0131ml\u0131 bah\u00e7e ve oyun odas\u0131, siteyi sakinler ve misafirler i\u00e7in daha da \u00e7ekici hale getirmektedir. <\/p>\n<p data-start=\"1170\" data-end=\"1369\">\u0130ster ilk kez ev sat\u0131n alan biri olun, ister yat\u0131r\u0131mc\u0131 olun, ister plaja yak\u0131n huzurlu bir tatil yeri ar\u0131yor olun, bu daire Alanya&#8217;n\u0131n en g\u00f6zde konumlar\u0131ndan birinde ak\u0131ll\u0131 ve \u015f\u0131k bir se\u00e7imdir.<\/p>\n","protected":false},"excerpt":{"rendered":"<p>Denize sadece 300 metre uzakl\u0131kta bulunan bu rahat 1+1 daire, Alanya Merkez&#8217;deki Diva Best Home&#8217;da konfor, rahatl\u0131k ve modern ya\u015fam\u0131n<\/p>\n","protected":false},"featured_media":20483,"comment_status":"open","ping_status":"closed","template":"","meta":[],"product_cat":[77],"product_tag":[],"country":[109],"district":[214],"selling-type":[118],"property-type":[120],"location":[152],"property-city":[124],"class_list":{"0":"post-20622","1":"product","2":"type-product","3":"status-publish","4":"has-post-thumbnail","6":"product_cat-acil-satilik","7":"country-turkey-tr","8":"district-center-tr","9":"selling-type-resale-tr","10":"property-type-apartment-tr","11":"location-alanya-tr","12":"property-city-antalya-tr","14":"first","15":"instock","16":"shipping-taxable","17":"purchasable","18":"product-type-simple"},"_links":{"self":[{"href":"https:\/\/www.onurkoserealestate.com\/tr\/wp-json\/wp\/v2\/product\/20622","targetHints":{"allow":["GET"]}}],"collection":[{"href":"https:\/\/www.onurkoserealestate.com\/tr\/wp-json\/wp\/v2\/product"}],"about":[{"href":"https:\/\/www.onurkoserealestate.com\/tr\/wp-json\/wp\/v2\/types\/product"}],"replies":[{"embeddable":true,"href":"https:\/\/www.onurkoserealestate.com\/tr\/wp-json\/wp\/v2\/comments?post=20622"}],"wp:featuredmedia":[{"embeddable":true,"href":"https:\/\/www.onurkoserealestate.com\/tr\/wp-json\/wp\/v2\/media\/20483"}],"wp:attachment":[{"href":"https:\/\/www.onurkoserealestate.com\/tr\/wp-json\/wp\/v2\/media?parent=20622"}],"wp:term":[{"taxonomy":"product_cat","embeddable":true,"href":"https:\/\/www.onurkoserealestate.com\/tr\/wp-json\/wp\/v2\/product_cat?post=20622"},{"taxonomy":"product_tag","embeddable":true,"href":"https:\/\/www.onurkoserealestate.com\/tr\/wp-json\/wp\/v2\/product_tag?post=20622"},{"taxonomy":"country","embeddable":true,"href":"https:\/\/www.onurkoserealestate.com\/tr\/wp-json\/wp\/v2\/country?post=20622"},{"taxonomy":"district","embeddable":true,"href":"https:\/\/www.onurkoserealestate.com\/tr\/wp-json\/wp\/v2\/district?post=20622"},{"taxonomy":"selling-type","embeddable":true,"href":"https:\/\/www.onurkoserealestate.com\/tr\/wp-json\/wp\/v2\/selling-type?post=20622"},{"taxonomy":"property-type","embeddable":true,"href":"https:\/\/www.onurkoserealestate.com\/tr\/wp-json\/wp\/v2\/property-type?post=20622"},{"taxonomy":"location","embeddable":true,"href":"https:\/\/www.onurkoserealestate.com\/tr\/wp-json\/wp\/v2\/location?post=20622"},{"taxonomy":"property-city","embeddable":true,"href":"https:\/\/www.onurkoserealestate.com\/tr\/wp-json\/wp\/v2\/property-city?post=20622"}],"curies":[{"name":"wp","href":"https:\/\/api.w.org\/{rel}","templated":true}]}}