{"id":20770,"date":"2025-08-25T07:50:39","date_gmt":"2025-08-25T07:50:39","guid":{"rendered":"https:\/\/www.onurkoserealestate.com\/product\/alanyanin-en-iyi-konumu-havuzlu-spor-salonu-ve-guvenlikli-21-ev\/"},"modified":"2025-08-25T07:50:39","modified_gmt":"2025-08-25T07:50:39","slug":"prime-alanya-location-21-home-with-pool-fitness-security","status":"publish","type":"product","link":"https:\/\/www.onurkoserealestate.com\/tr\/product\/prime-alanya-location-21-home-with-pool-fitness-security\/","title":{"rendered":"Alanya&#8217;n\u0131n En \u0130yi Konumu: Havuzlu, Spor Salonu ve G\u00fcvenlikli 2+1 Ev"},"content":{"rendered":"<p data-start=\"195\" data-end=\"676\">Alanya&#8217;n\u0131n kalbinde, denizden sadece 250 metre uzakl\u0131kta bulunan prestijli Novis Parador rezidans\u0131ndaki bu modern 2+1 daire ile k\u0131y\u0131 ya\u015fam\u0131n\u0131n en g\u00fczel halini ke\u015ffedin. 4. katta yer alan bu iyi planlanm\u0131\u015f daire, 78 m\u00b2 br\u00fct ya\u015fam alan\u0131, ayd\u0131nl\u0131k i\u00e7 mekan ve y\u0131l boyunca konfor sa\u011flayan klima sunmaktad\u0131r. E\u015fsiz g\u00fcney, kuzey ve do\u011fu cepheli konumu ile daire, g\u00fcn boyu do\u011fal \u0131\u015f\u0131k almaktad\u0131r.  <\/p>\n<p data-start=\"678\" data-end=\"1094\">Aileler veya tatil evi olarak m\u00fckemmel olan kompleks, ola\u011fan\u00fcst\u00fc bir dizi tesis i\u00e7i olanak sunmaktad\u0131r. Yaz aylar\u0131nda a\u00e7\u0131k y\u00fczme havuzunun keyfini \u00e7\u0131kar\u0131n veya y\u0131l boyunca kapal\u0131 havuzda rahatlat\u0131c\u0131 bir y\u00fczme keyfi ya\u015fay\u0131n. Sa\u011fl\u0131k ve zindelik, sauna ve fitness merkezi ile tam olarak desteklenirken, g\u00fczel peyzajl\u0131 bah\u00e7e ve barbek\u00fc alan\u0131 sosyalle\u015fmek ve dinlenmek i\u00e7in ideal bir alan yaratmaktad\u0131r.  <\/p>\n<p data-start=\"1096\" data-end=\"1188\">G\u00fcvenlik ve rahatl\u0131k da \u00f6ncelikli olup, tesis i\u00e7inde 7\/24 g\u00fcvenlik hizmeti sunulmaktad\u0131r.<\/p>\n<p data-start=\"1190\" data-end=\"1381\">Ta\u015f\u0131nmak, yat\u0131r\u0131m yapmak veya sadece sahil ya\u015fam\u0131n\u0131n tad\u0131n\u0131 \u00e7\u0131karmak istiyorsan\u0131z, bu daire Alanya&#8217;n\u0131n en \u00e7ok ra\u011fbet g\u00f6ren mahallelerinden birinde rakipsiz bir konum ve ya\u015fam tarz\u0131 sunuyor.<\/p>\n","protected":false},"excerpt":{"rendered":"<p>Alanya&#8217;n\u0131n kalbinde, denizden sadece 250 metre uzakl\u0131kta bulunan prestijli Novis Parador rezidans\u0131ndaki bu modern 2+1 daire ile k\u0131y\u0131 ya\u015fam\u0131n\u0131n en<\/p>\n","protected":false},"featured_media":20631,"comment_status":"open","ping_status":"closed","template":"","meta":[],"product_cat":[77],"product_tag":[],"country":[109],"district":[214],"selling-type":[118],"property-type":[120],"location":[152],"property-city":[124],"class_list":{"0":"post-20770","1":"product","2":"type-product","3":"status-publish","4":"has-post-thumbnail","6":"product_cat-acil-satilik","7":"country-turkey-tr","8":"district-center-tr","9":"selling-type-resale-tr","10":"property-type-apartment-tr","11":"location-alanya-tr","12":"property-city-antalya-tr","14":"first","15":"instock","16":"shipping-taxable","17":"purchasable","18":"product-type-simple"},"_links":{"self":[{"href":"https:\/\/www.onurkoserealestate.com\/tr\/wp-json\/wp\/v2\/product\/20770","targetHints":{"allow":["GET"]}}],"collection":[{"href":"https:\/\/www.onurkoserealestate.com\/tr\/wp-json\/wp\/v2\/product"}],"about":[{"href":"https:\/\/www.onurkoserealestate.com\/tr\/wp-json\/wp\/v2\/types\/product"}],"replies":[{"embeddable":true,"href":"https:\/\/www.onurkoserealestate.com\/tr\/wp-json\/wp\/v2\/comments?post=20770"}],"wp:featuredmedia":[{"embeddable":true,"href":"https:\/\/www.onurkoserealestate.com\/tr\/wp-json\/wp\/v2\/media\/20631"}],"wp:attachment":[{"href":"https:\/\/www.onurkoserealestate.com\/tr\/wp-json\/wp\/v2\/media?parent=20770"}],"wp:term":[{"taxonomy":"product_cat","embeddable":true,"href":"https:\/\/www.onurkoserealestate.com\/tr\/wp-json\/wp\/v2\/product_cat?post=20770"},{"taxonomy":"product_tag","embeddable":true,"href":"https:\/\/www.onurkoserealestate.com\/tr\/wp-json\/wp\/v2\/product_tag?post=20770"},{"taxonomy":"country","embeddable":true,"href":"https:\/\/www.onurkoserealestate.com\/tr\/wp-json\/wp\/v2\/country?post=20770"},{"taxonomy":"district","embeddable":true,"href":"https:\/\/www.onurkoserealestate.com\/tr\/wp-json\/wp\/v2\/district?post=20770"},{"taxonomy":"selling-type","embeddable":true,"href":"https:\/\/www.onurkoserealestate.com\/tr\/wp-json\/wp\/v2\/selling-type?post=20770"},{"taxonomy":"property-type","embeddable":true,"href":"https:\/\/www.onurkoserealestate.com\/tr\/wp-json\/wp\/v2\/property-type?post=20770"},{"taxonomy":"location","embeddable":true,"href":"https:\/\/www.onurkoserealestate.com\/tr\/wp-json\/wp\/v2\/location?post=20770"},{"taxonomy":"property-city","embeddable":true,"href":"https:\/\/www.onurkoserealestate.com\/tr\/wp-json\/wp\/v2\/property-city?post=20770"}],"curies":[{"name":"wp","href":"https:\/\/api.w.org\/{rel}","templated":true}]}}