{"id":20875,"date":"2025-08-25T09:16:20","date_gmt":"2025-08-25T09:16:20","guid":{"rendered":"https:\/\/www.onurkoserealestate.com\/product\/kleopatra-plajina-sadece-150-metre-uzaklikta-modern-11-daire-alanya\/"},"modified":"2025-08-25T09:16:20","modified_gmt":"2025-08-25T09:16:20","slug":"modern-11-apartment-just-150m-from-kleopatra-beach-alanya","status":"publish","type":"product","link":"https:\/\/www.onurkoserealestate.com\/tr\/product\/modern-11-apartment-just-150m-from-kleopatra-beach-alanya\/","title":{"rendered":"Kleopatra Plaj\u0131&#8217;na sadece 150 metre uzakl\u0131kta modern 1+1 daire \u2013 Alanya"},"content":{"rendered":"<p data-start=\"166\" data-end=\"562\">Alanya&#8217;n\u0131n kalbinde yer alan Prive Kleopatra&#8217;daki bu zarif 1+1 daire ile \u00fcnl\u00fc Kleopatra Plaj\u0131&#8217;na sadece 150 metre uzakl\u0131kta modern konforun tad\u0131n\u0131 \u00e7\u0131kar\u0131n. 1. katta bulunan daire, 65 m\u00b2 br\u00fct alana, 1 banyoya ve \u00f6zel bir balkona sahiptir. Hem kal\u0131c\u0131 ikamet hem de tatil ama\u00e7l\u0131 konaklamalar i\u00e7in m\u00fckemmel olan rahat ve i\u015flevsel bir ya\u015fam alan\u0131 sunmaktad\u0131r. <\/p>\n<p data-start=\"564\" data-end=\"962\">Bu m\u00fclk, g\u00fcnl\u00fck ya\u015fam\u0131 zenginle\u015ftiren, bak\u0131ml\u0131 ve olanaklarla donat\u0131lm\u0131\u015f bir kompleksin par\u00e7as\u0131d\u0131r. A\u00e7\u0131k y\u00fczme havuzunda dinlenin veya y\u0131l boyunca keyifle yararlanabilece\u011finiz kapal\u0131 y\u00fczme havuzu ve jakuzinin tad\u0131n\u0131 \u00e7\u0131kar\u0131n. T\u00fcrk hamam\u0131 ve saunada yenilenin veya modern fitness merkezinde formunuzu koruyun. Barbek\u00fc alan\u0131 ve peyzajl\u0131 bah\u00e7e, a\u00e7\u0131k hava toplant\u0131lar\u0131 i\u00e7in ideal bir ortam sunar.   <\/p>\n<p data-start=\"964\" data-end=\"1099\">Di\u011fer site \u00f6zellikleri aras\u0131nda jenerat\u00f6r, asans\u00f6r ve g\u00fcvenilir altyap\u0131 bulunmakta olup, her zaman konfor ve g\u00fcvenli\u011fi sa\u011flamaktad\u0131r.<\/p>\n<p data-start=\"1101\" data-end=\"1321\">Plaja yak\u0131n e\u015fsiz konumu ve ma\u011fazalara, kafelere ve \u015fehirdeki turistik yerlere y\u00fcr\u00fcme mesafesinde olmas\u0131yla bu daire, Alanya&#8217;n\u0131n en g\u00f6zde b\u00f6lgelerinden birinde ideal bir yat\u0131r\u0131m, tatil evi veya tam zamanl\u0131 ikametgah olarak idealdir.<\/p>\n","protected":false},"excerpt":{"rendered":"<p>Alanya&#8217;n\u0131n kalbinde yer alan Prive Kleopatra&#8217;daki bu zarif 1+1 daire ile \u00fcnl\u00fc Kleopatra Plaj\u0131&#8217;na sadece 150 metre uzakl\u0131kta modern konforun<\/p>\n","protected":false},"featured_media":20779,"comment_status":"open","ping_status":"closed","template":"","meta":[],"product_cat":[77],"product_tag":[],"country":[109],"district":[214],"selling-type":[118],"property-type":[120],"location":[152],"property-city":[124],"class_list":{"0":"post-20875","1":"product","2":"type-product","3":"status-publish","4":"has-post-thumbnail","6":"product_cat-acil-satilik","7":"country-turkey-tr","8":"district-center-tr","9":"selling-type-resale-tr","10":"property-type-apartment-tr","11":"location-alanya-tr","12":"property-city-antalya-tr","14":"first","15":"instock","16":"shipping-taxable","17":"purchasable","18":"product-type-simple"},"_links":{"self":[{"href":"https:\/\/www.onurkoserealestate.com\/tr\/wp-json\/wp\/v2\/product\/20875","targetHints":{"allow":["GET"]}}],"collection":[{"href":"https:\/\/www.onurkoserealestate.com\/tr\/wp-json\/wp\/v2\/product"}],"about":[{"href":"https:\/\/www.onurkoserealestate.com\/tr\/wp-json\/wp\/v2\/types\/product"}],"replies":[{"embeddable":true,"href":"https:\/\/www.onurkoserealestate.com\/tr\/wp-json\/wp\/v2\/comments?post=20875"}],"wp:featuredmedia":[{"embeddable":true,"href":"https:\/\/www.onurkoserealestate.com\/tr\/wp-json\/wp\/v2\/media\/20779"}],"wp:attachment":[{"href":"https:\/\/www.onurkoserealestate.com\/tr\/wp-json\/wp\/v2\/media?parent=20875"}],"wp:term":[{"taxonomy":"product_cat","embeddable":true,"href":"https:\/\/www.onurkoserealestate.com\/tr\/wp-json\/wp\/v2\/product_cat?post=20875"},{"taxonomy":"product_tag","embeddable":true,"href":"https:\/\/www.onurkoserealestate.com\/tr\/wp-json\/wp\/v2\/product_tag?post=20875"},{"taxonomy":"country","embeddable":true,"href":"https:\/\/www.onurkoserealestate.com\/tr\/wp-json\/wp\/v2\/country?post=20875"},{"taxonomy":"district","embeddable":true,"href":"https:\/\/www.onurkoserealestate.com\/tr\/wp-json\/wp\/v2\/district?post=20875"},{"taxonomy":"selling-type","embeddable":true,"href":"https:\/\/www.onurkoserealestate.com\/tr\/wp-json\/wp\/v2\/selling-type?post=20875"},{"taxonomy":"property-type","embeddable":true,"href":"https:\/\/www.onurkoserealestate.com\/tr\/wp-json\/wp\/v2\/property-type?post=20875"},{"taxonomy":"location","embeddable":true,"href":"https:\/\/www.onurkoserealestate.com\/tr\/wp-json\/wp\/v2\/location?post=20875"},{"taxonomy":"property-city","embeddable":true,"href":"https:\/\/www.onurkoserealestate.com\/tr\/wp-json\/wp\/v2\/property-city?post=20875"}],"curies":[{"name":"wp","href":"https:\/\/api.w.org\/{rel}","templated":true}]}}