{"id":20996,"date":"2025-08-26T07:04:31","date_gmt":"2025-08-26T07:04:31","guid":{"rendered":"https:\/\/www.onurkoserealestate.com\/product\/mukemmel-alanya-daire-plaja-sadece-500-metre-uzaklikta\/"},"modified":"2025-08-26T07:04:31","modified_gmt":"2025-08-26T07:04:31","slug":"perfect-alanya-apartment-just-500m-from-the-beach","status":"publish","type":"product","link":"https:\/\/www.onurkoserealestate.com\/tr\/product\/perfect-alanya-apartment-just-500m-from-the-beach\/","title":{"rendered":"M\u00fckemmel Alanya Daire, Plaja Sadece 500 Metre Uzakl\u0131kta"},"content":{"rendered":"<p data-start=\"150\" data-end=\"550\">Alanya&#8217;n\u0131n kalbinde konforlu bir ya\u015fam hayal ediyorsan\u0131z, Gen Deluxe kompleksindeki bu 2+1 daire m\u00fckemmel bir f\u0131rsat. Alanya Merkez&#8217;de bulunan bu 85 m\u00b2&#8217;lik geni\u015f daire, 9. kattan muhte\u015fem manzaralar sunuyor. Alanya&#8217;n\u0131n g\u00fczel plajlar\u0131na sadece 500 metre uzakl\u0131kta bulunan daire, t\u00fcm y\u0131l boyunca g\u00fcne\u015fin, denizin ve Alanya&#8217;n\u0131n canl\u0131 ya\u015fam\u0131n\u0131n tad\u0131n\u0131 \u00e7\u0131karman\u0131z\u0131 sa\u011flar.  <\/p>\n<p data-start=\"552\" data-end=\"987\">\u0130ki banyo, geni\u015f bir balkon ve y\u0131l boyunca konfor sa\u011flayan klima ile bu ev, Alanya&#8217;da ihtiyac\u0131n\u0131z olan her \u015feyi sunuyor. Alanya&#8217;daki Gen Deluxe sitesi, jenerat\u00f6r, havuz bar, kamelya, asans\u00f6rler ve g\u00fcvenli kamera sistemi gibi birinci s\u0131n\u0131f olanaklar sunuyor. Ayr\u0131ca kapal\u0131 ve a\u00e7\u0131k y\u00fczme havuzlar\u0131, huzurlu bir bah\u00e7e, barbek\u00fc alan\u0131, tam donan\u0131ml\u0131 fitness merkezi, sauna, oyun odas\u0131 ve \u00f6zel otopark\u0131n keyfini \u00e7\u0131karabilirsiniz.  <\/p>\n<p data-start=\"989\" data-end=\"1218\">Alanya&#8217;da ya\u015famak, hem do\u011fan\u0131n huzurunu hem de \u015fehrin canl\u0131 atmosferini tad\u0131n\u0131 \u00e7\u0131karmak demektir. \u0130ster ya\u015famak, ister yat\u0131r\u0131m yapmak, ister kiralamak isteyin, bu daire Alanya emlak piyasas\u0131nda m\u00fckemmel bir se\u00e7imdir. <\/p>\n<p data-start=\"1220\" data-end=\"1323\">Akdeniz ya\u015fam tarz\u0131n\u0131n sizi bekledi\u011fi Alanya&#8217;da hayalinizdeki m\u00fclk\u00fc sat\u0131n alma f\u0131rsat\u0131n\u0131 ka\u00e7\u0131rmay\u0131n!<\/p>\n","protected":false},"excerpt":{"rendered":"<p>Alanya&#8217;n\u0131n kalbinde konforlu bir ya\u015fam hayal ediyorsan\u0131z, Gen Deluxe kompleksindeki bu 2+1 daire m\u00fckemmel bir f\u0131rsat. Alanya Merkez&#8217;de bulunan bu<\/p>\n","protected":false},"featured_media":20908,"comment_status":"open","ping_status":"closed","template":"","meta":[],"product_cat":[77],"product_tag":[],"country":[109],"district":[214],"selling-type":[118],"property-type":[120],"location":[152],"property-city":[124],"class_list":{"0":"post-20996","1":"product","2":"type-product","3":"status-publish","4":"has-post-thumbnail","6":"product_cat-acil-satilik","7":"country-turkey-tr","8":"district-center-tr","9":"selling-type-resale-tr","10":"property-type-apartment-tr","11":"location-alanya-tr","12":"property-city-antalya-tr","14":"first","15":"instock","16":"shipping-taxable","17":"purchasable","18":"product-type-simple"},"_links":{"self":[{"href":"https:\/\/www.onurkoserealestate.com\/tr\/wp-json\/wp\/v2\/product\/20996","targetHints":{"allow":["GET"]}}],"collection":[{"href":"https:\/\/www.onurkoserealestate.com\/tr\/wp-json\/wp\/v2\/product"}],"about":[{"href":"https:\/\/www.onurkoserealestate.com\/tr\/wp-json\/wp\/v2\/types\/product"}],"replies":[{"embeddable":true,"href":"https:\/\/www.onurkoserealestate.com\/tr\/wp-json\/wp\/v2\/comments?post=20996"}],"wp:featuredmedia":[{"embeddable":true,"href":"https:\/\/www.onurkoserealestate.com\/tr\/wp-json\/wp\/v2\/media\/20908"}],"wp:attachment":[{"href":"https:\/\/www.onurkoserealestate.com\/tr\/wp-json\/wp\/v2\/media?parent=20996"}],"wp:term":[{"taxonomy":"product_cat","embeddable":true,"href":"https:\/\/www.onurkoserealestate.com\/tr\/wp-json\/wp\/v2\/product_cat?post=20996"},{"taxonomy":"product_tag","embeddable":true,"href":"https:\/\/www.onurkoserealestate.com\/tr\/wp-json\/wp\/v2\/product_tag?post=20996"},{"taxonomy":"country","embeddable":true,"href":"https:\/\/www.onurkoserealestate.com\/tr\/wp-json\/wp\/v2\/country?post=20996"},{"taxonomy":"district","embeddable":true,"href":"https:\/\/www.onurkoserealestate.com\/tr\/wp-json\/wp\/v2\/district?post=20996"},{"taxonomy":"selling-type","embeddable":true,"href":"https:\/\/www.onurkoserealestate.com\/tr\/wp-json\/wp\/v2\/selling-type?post=20996"},{"taxonomy":"property-type","embeddable":true,"href":"https:\/\/www.onurkoserealestate.com\/tr\/wp-json\/wp\/v2\/property-type?post=20996"},{"taxonomy":"location","embeddable":true,"href":"https:\/\/www.onurkoserealestate.com\/tr\/wp-json\/wp\/v2\/location?post=20996"},{"taxonomy":"property-city","embeddable":true,"href":"https:\/\/www.onurkoserealestate.com\/tr\/wp-json\/wp\/v2\/property-city?post=20996"}],"curies":[{"name":"wp","href":"https:\/\/api.w.org\/{rel}","templated":true}]}}