{"id":21164,"date":"2025-08-26T07:40:44","date_gmt":"2025-08-26T07:40:44","guid":{"rendered":"https:\/\/www.onurkoserealestate.com\/product\/alanyada-huzurlu-kacisiniz-sizi-bekliyor\/"},"modified":"2025-08-26T07:40:44","modified_gmt":"2025-08-26T07:40:44","slug":"your-peaceful-escape-in-alanya-awaits","status":"publish","type":"product","link":"https:\/\/www.onurkoserealestate.com\/tr\/product\/your-peaceful-escape-in-alanya-awaits\/","title":{"rendered":"Alanya&#8217;da huzurlu ka\u00e7\u0131\u015f\u0131n\u0131z sizi bekliyor"},"content":{"rendered":"<p data-start=\"141\" data-end=\"546\">Alanya&#8217;n\u0131n kalbinde m\u00fckemmel bir tatil i\u00e7in ho\u015f geldiniz! Pop\u00fcler Saga Best Home kompleksinde bulunan bu rahat 1+1 daire, Alanya&#8217;n\u0131n y\u0131l boyunca sundu\u011fu g\u00fcne\u015fli ya\u015fam tarz\u0131n\u0131n tad\u0131n\u0131 \u00e7\u0131karmak i\u00e7in harika bir f\u0131rsat. Alanya&#8217;n\u0131n p\u0131r\u0131l p\u0131r\u0131l plajlar\u0131na sadece 370 metre uzakl\u0131kta, 2. katta yer alan ve g\u00fcneye bakan ayd\u0131nl\u0131k bir manzaraya sahip olan bu 53 m\u00b2&#8217;lik daire, hem ya\u015famak hem de yat\u0131r\u0131m yapmak i\u00e7in idealdir.  <\/p>\n<p data-start=\"548\" data-end=\"904\">Alanya&#8217;da, birinci s\u0131n\u0131f sosyal tesisleri ile g\u00fcvenli ve bak\u0131ml\u0131 bir kompleksin konforunun tad\u0131n\u0131 \u00e7\u0131kar\u0131n. Saga Best Home, g\u00fczel bir a\u00e7\u0131k y\u00fczme havuzu, dinlendirici bir kapal\u0131 havuz, modern bir fitness merkezi, peyzajl\u0131 bah\u00e7eler, geleneksel Fin saunas\u0131 ve b\u00fcy\u00fcleyici kamelyalar sunmaktad\u0131r. G\u00fcvenlik ve asans\u00f6rler, Alanya&#8217;daki ya\u015fam\u0131n\u0131za ekstra rahatl\u0131k katar.  <\/p>\n<p data-start=\"906\" data-end=\"1143\">Deniz kenar\u0131nda dinlenmek, Alanya&#8217;n\u0131n hareketli \u015fehir merkezini ke\u015ffetmek veya sadece balkonunuzda huzurlu sabahlar\u0131n tad\u0131n\u0131 \u00e7\u0131karmak istiyorsan\u0131z, bu ev sizi her \u015feyin merkezine yerle\u015ftirir. Alanya sadece bir destinasyon de\u011fil, bir ya\u015fam tarz\u0131d\u0131r. <\/p>\n<p data-start=\"1145\" data-end=\"1270\">Akdeniz&#8217;in en \u00e7ekici \u015fehirlerinden biri olan Alanya&#8217;da g\u00fczel bir daire sahibi olmak i\u00e7in bu e\u015fsiz f\u0131rsat\u0131 ka\u00e7\u0131rmay\u0131n!<\/p>\n","protected":false},"excerpt":{"rendered":"<p>Alanya&#8217;n\u0131n kalbinde m\u00fckemmel bir tatil i\u00e7in ho\u015f geldiniz! Pop\u00fcler Saga Best Home kompleksinde bulunan bu rahat 1+1 daire, Alanya&#8217;n\u0131n y\u0131l<\/p>\n","protected":false},"featured_media":21133,"comment_status":"open","ping_status":"closed","template":"","meta":[],"product_cat":[77],"product_tag":[],"country":[109],"district":[214],"selling-type":[118],"property-type":[120],"location":[152],"property-city":[124],"class_list":{"0":"post-21164","1":"product","2":"type-product","3":"status-publish","4":"has-post-thumbnail","6":"product_cat-acil-satilik","7":"country-turkey-tr","8":"district-center-tr","9":"selling-type-resale-tr","10":"property-type-apartment-tr","11":"location-alanya-tr","12":"property-city-antalya-tr","14":"first","15":"instock","16":"shipping-taxable","17":"purchasable","18":"product-type-simple"},"_links":{"self":[{"href":"https:\/\/www.onurkoserealestate.com\/tr\/wp-json\/wp\/v2\/product\/21164","targetHints":{"allow":["GET"]}}],"collection":[{"href":"https:\/\/www.onurkoserealestate.com\/tr\/wp-json\/wp\/v2\/product"}],"about":[{"href":"https:\/\/www.onurkoserealestate.com\/tr\/wp-json\/wp\/v2\/types\/product"}],"replies":[{"embeddable":true,"href":"https:\/\/www.onurkoserealestate.com\/tr\/wp-json\/wp\/v2\/comments?post=21164"}],"wp:featuredmedia":[{"embeddable":true,"href":"https:\/\/www.onurkoserealestate.com\/tr\/wp-json\/wp\/v2\/media\/21133"}],"wp:attachment":[{"href":"https:\/\/www.onurkoserealestate.com\/tr\/wp-json\/wp\/v2\/media?parent=21164"}],"wp:term":[{"taxonomy":"product_cat","embeddable":true,"href":"https:\/\/www.onurkoserealestate.com\/tr\/wp-json\/wp\/v2\/product_cat?post=21164"},{"taxonomy":"product_tag","embeddable":true,"href":"https:\/\/www.onurkoserealestate.com\/tr\/wp-json\/wp\/v2\/product_tag?post=21164"},{"taxonomy":"country","embeddable":true,"href":"https:\/\/www.onurkoserealestate.com\/tr\/wp-json\/wp\/v2\/country?post=21164"},{"taxonomy":"district","embeddable":true,"href":"https:\/\/www.onurkoserealestate.com\/tr\/wp-json\/wp\/v2\/district?post=21164"},{"taxonomy":"selling-type","embeddable":true,"href":"https:\/\/www.onurkoserealestate.com\/tr\/wp-json\/wp\/v2\/selling-type?post=21164"},{"taxonomy":"property-type","embeddable":true,"href":"https:\/\/www.onurkoserealestate.com\/tr\/wp-json\/wp\/v2\/property-type?post=21164"},{"taxonomy":"location","embeddable":true,"href":"https:\/\/www.onurkoserealestate.com\/tr\/wp-json\/wp\/v2\/location?post=21164"},{"taxonomy":"property-city","embeddable":true,"href":"https:\/\/www.onurkoserealestate.com\/tr\/wp-json\/wp\/v2\/property-city?post=21164"}],"curies":[{"name":"wp","href":"https:\/\/api.w.org\/{rel}","templated":true}]}}