{"id":21333,"date":"2025-08-26T09:56:01","date_gmt":"2025-08-26T09:56:01","guid":{"rendered":"https:\/\/www.onurkoserealestate.com\/product\/kleopatra-deluxe-alanyada-luks-daire\/"},"modified":"2025-08-26T09:56:01","modified_gmt":"2025-08-26T09:56:01","slug":"cleopatra-deluxe-luxury-apartment-in-alanya","status":"publish","type":"product","link":"https:\/\/www.onurkoserealestate.com\/tr\/product\/cleopatra-deluxe-luxury-apartment-in-alanya\/","title":{"rendered":"Kleopatra Deluxe: Alanya&#8217;da L\u00fcks Daire"},"content":{"rendered":"<p data-start=\"159\" data-end=\"503\">Alanya&#8217;n\u0131n kalbinde, pop\u00fcler Kleopatra Deluxe kompleksinde bulunan bu modern 1+1 dairede l\u00fcks ya\u015fam\u0131n tad\u0131n\u0131 \u00e7\u0131kar\u0131n. D\u00fcnyaca \u00fcnl\u00fc Kleopatra Plaj\u0131&#8217;na sadece 500 metre uzakl\u0131kta bulunan bu 50 m\u00b2&#8217;lik daire, 2023 y\u0131l\u0131nda in\u015fa edilmi\u015f ve 9. katta yer almaktad\u0131r. Canl\u0131 Alanya&#8217;da muhte\u015fem manzaralar ve \u00e7a\u011fda\u015f konfor sunmaktad\u0131r. <\/p>\n<p data-start=\"505\" data-end=\"981\">Bu g\u00fczel ev, geni\u015f bir yatak odas\u0131, modern bir banyo ve Alanya&#8217;n\u0131n s\u0131cak g\u00fcne\u015finin tad\u0131n\u0131 \u00e7\u0131karmak i\u00e7in m\u00fckemmel olan \u00f6zel bir balkona sahiptir. Kompleks i\u00e7inde, kapal\u0131 ve a\u00e7\u0131k y\u00fczme havuzlar\u0131, buhar odas\u0131, sauna, fitness merkezi, havuz bar, barbek\u00fc alan\u0131, bah\u00e7e ve hatta e\u011flence i\u00e7in oyun odas\u0131 gibi tatil k\u00f6y\u00fc tarz\u0131 olanaklar bulacaks\u0131n\u0131z. 7\/24 g\u00fcvenlik, asans\u00f6r eri\u015fimi, jenerat\u00f6r ve \u00f6zel otopark ile her ayr\u0131nt\u0131, konforunuz ve huzurunuz i\u00e7in tasarlanm\u0131\u015ft\u0131r.  <\/p>\n<p data-start=\"983\" data-end=\"1269\">Alanya&#8217;da, \u00f6zellikle Kleopatra Plaj\u0131 yak\u0131nlar\u0131nda ya\u015famak, do\u011fal g\u00fczellikler, zengin tarih ve canl\u0131 Akdeniz atmosferi ile \u00e7evrili olmak anlam\u0131na gelir. \u0130ster tatil evi, ister yat\u0131r\u0131m, ister yeni bir ya\u015fam tarz\u0131 ar\u0131yor olun, bu daire Alanya&#8217;n\u0131n en iyisine ula\u015fman\u0131n anahtar\u0131d\u0131r. <\/p>\n<p data-start=\"1271\" data-end=\"1335\">Alanya&#8217;da bir cennet par\u00e7as\u0131na sahip olma f\u0131rsat\u0131n\u0131 ka\u00e7\u0131rmay\u0131n!<\/p>\n","protected":false},"excerpt":{"rendered":"<p>Alanya&#8217;n\u0131n kalbinde, pop\u00fcler Kleopatra Deluxe kompleksinde bulunan bu modern 1+1 dairede l\u00fcks ya\u015fam\u0131n tad\u0131n\u0131 \u00e7\u0131kar\u0131n. D\u00fcnyaca \u00fcnl\u00fc Kleopatra Plaj\u0131&#8217;na sadece<\/p>\n","protected":false},"featured_media":21234,"comment_status":"open","ping_status":"closed","template":"","meta":[],"product_cat":[77],"product_tag":[],"country":[109],"district":[214],"selling-type":[118],"property-type":[120],"location":[152],"property-city":[124],"class_list":{"0":"post-21333","1":"product","2":"type-product","3":"status-publish","4":"has-post-thumbnail","6":"product_cat-acil-satilik","7":"country-turkey-tr","8":"district-center-tr","9":"selling-type-resale-tr","10":"property-type-apartment-tr","11":"location-alanya-tr","12":"property-city-antalya-tr","14":"first","15":"instock","16":"shipping-taxable","17":"purchasable","18":"product-type-simple"},"_links":{"self":[{"href":"https:\/\/www.onurkoserealestate.com\/tr\/wp-json\/wp\/v2\/product\/21333","targetHints":{"allow":["GET"]}}],"collection":[{"href":"https:\/\/www.onurkoserealestate.com\/tr\/wp-json\/wp\/v2\/product"}],"about":[{"href":"https:\/\/www.onurkoserealestate.com\/tr\/wp-json\/wp\/v2\/types\/product"}],"replies":[{"embeddable":true,"href":"https:\/\/www.onurkoserealestate.com\/tr\/wp-json\/wp\/v2\/comments?post=21333"}],"wp:featuredmedia":[{"embeddable":true,"href":"https:\/\/www.onurkoserealestate.com\/tr\/wp-json\/wp\/v2\/media\/21234"}],"wp:attachment":[{"href":"https:\/\/www.onurkoserealestate.com\/tr\/wp-json\/wp\/v2\/media?parent=21333"}],"wp:term":[{"taxonomy":"product_cat","embeddable":true,"href":"https:\/\/www.onurkoserealestate.com\/tr\/wp-json\/wp\/v2\/product_cat?post=21333"},{"taxonomy":"product_tag","embeddable":true,"href":"https:\/\/www.onurkoserealestate.com\/tr\/wp-json\/wp\/v2\/product_tag?post=21333"},{"taxonomy":"country","embeddable":true,"href":"https:\/\/www.onurkoserealestate.com\/tr\/wp-json\/wp\/v2\/country?post=21333"},{"taxonomy":"district","embeddable":true,"href":"https:\/\/www.onurkoserealestate.com\/tr\/wp-json\/wp\/v2\/district?post=21333"},{"taxonomy":"selling-type","embeddable":true,"href":"https:\/\/www.onurkoserealestate.com\/tr\/wp-json\/wp\/v2\/selling-type?post=21333"},{"taxonomy":"property-type","embeddable":true,"href":"https:\/\/www.onurkoserealestate.com\/tr\/wp-json\/wp\/v2\/property-type?post=21333"},{"taxonomy":"location","embeddable":true,"href":"https:\/\/www.onurkoserealestate.com\/tr\/wp-json\/wp\/v2\/location?post=21333"},{"taxonomy":"property-city","embeddable":true,"href":"https:\/\/www.onurkoserealestate.com\/tr\/wp-json\/wp\/v2\/property-city?post=21333"}],"curies":[{"name":"wp","href":"https:\/\/api.w.org\/{rel}","templated":true}]}}