{"id":21617,"date":"2025-08-29T07:57:39","date_gmt":"2025-08-29T07:57:39","guid":{"rendered":"https:\/\/www.onurkoserealestate.com\/product\/alanyada-yatirim-firsati-tamamen-mobilyali-21-daire\/"},"modified":"2025-08-29T07:57:39","modified_gmt":"2025-08-29T07:57:39","slug":"investment-opportunity-in-alanya-fully-furnished-21-flat","status":"publish","type":"product","link":"https:\/\/www.onurkoserealestate.com\/tr\/product\/investment-opportunity-in-alanya-fully-furnished-21-flat\/","title":{"rendered":"Alanya&#8217;da Yat\u0131r\u0131m F\u0131rsat\u0131 \u2013 Tamamen Mobilyal\u0131 2+1 Daire"},"content":{"rendered":"<p data-start=\"195\" data-end=\"456\">Bu g\u00fczel 2+1 daire, Alanya&#8217;n\u0131n kalbinde bulunan pop\u00fcler Konak Evleri kompleksinde yer almaktad\u0131r. Toplam br\u00fct alan\u0131 100 m\u00b2 olan daire, 1. katta yer almakta olup, tamamen mobilyal\u0131 ve hemen ta\u015f\u0131nmaya haz\u0131rd\u0131r. <\/p>\n<p data-start=\"458\" data-end=\"692\">Dairede 2 yatak odas\u0131, a\u00e7\u0131k plan mutfakl\u0131 rahat bir oturma odas\u0131 ve bak\u0131ml\u0131 bir banyo bulunmaktad\u0131r. Merkezi konumu ve modern tasar\u0131m\u0131 sayesinde daire, hem kal\u0131c\u0131 ya\u015fam hem de tatil ama\u00e7l\u0131 konaklamalar i\u00e7in idealdir. <\/p>\n<p data-start=\"694\" data-end=\"909\">Konak Evleri kompleksi, a\u00e7\u0131k y\u00fczme havuzu, fitness merkezi, asans\u00f6r ve merkezi uydu sistemi gibi harika tesis i\u00e7i olanaklar\u0131 sunarak g\u00fcnl\u00fck hayat\u0131 konforlu ve keyifli hale getiriyor.<\/p>\n<p data-start=\"911\" data-end=\"1125\">Ma\u011fazalara, restoranlara ve toplu ta\u015f\u0131ma ara\u00e7lar\u0131na y\u00fcr\u00fcme mesafesinde bulunan bu m\u00fclk, Alanya&#8217;da \u015fehir hayat\u0131n\u0131n tad\u0131n\u0131 \u00e7\u0131karmak veya y\u00fcksek talep g\u00f6ren bir kiral\u0131k konuma yat\u0131r\u0131m yapmak isteyenler i\u00e7in m\u00fckemmel bir f\u0131rsatt\u0131r.<\/p>\n","protected":false},"excerpt":{"rendered":"<p>Bu g\u00fczel 2+1 daire, Alanya&#8217;n\u0131n kalbinde bulunan pop\u00fcler Konak Evleri kompleksinde yer almaktad\u0131r. Toplam br\u00fct alan\u0131 100 m\u00b2 olan daire,<\/p>\n","protected":false},"featured_media":21562,"comment_status":"open","ping_status":"closed","template":"","meta":[],"product_cat":[77],"product_tag":[],"country":[109],"district":[214],"selling-type":[118],"property-type":[120],"location":[152],"property-city":[124],"class_list":{"0":"post-21617","1":"product","2":"type-product","3":"status-publish","4":"has-post-thumbnail","6":"product_cat-acil-satilik","7":"country-turkey-tr","8":"district-center-tr","9":"selling-type-resale-tr","10":"property-type-apartment-tr","11":"location-alanya-tr","12":"property-city-antalya-tr","14":"first","15":"instock","16":"shipping-taxable","17":"purchasable","18":"product-type-simple"},"_links":{"self":[{"href":"https:\/\/www.onurkoserealestate.com\/tr\/wp-json\/wp\/v2\/product\/21617","targetHints":{"allow":["GET"]}}],"collection":[{"href":"https:\/\/www.onurkoserealestate.com\/tr\/wp-json\/wp\/v2\/product"}],"about":[{"href":"https:\/\/www.onurkoserealestate.com\/tr\/wp-json\/wp\/v2\/types\/product"}],"replies":[{"embeddable":true,"href":"https:\/\/www.onurkoserealestate.com\/tr\/wp-json\/wp\/v2\/comments?post=21617"}],"wp:featuredmedia":[{"embeddable":true,"href":"https:\/\/www.onurkoserealestate.com\/tr\/wp-json\/wp\/v2\/media\/21562"}],"wp:attachment":[{"href":"https:\/\/www.onurkoserealestate.com\/tr\/wp-json\/wp\/v2\/media?parent=21617"}],"wp:term":[{"taxonomy":"product_cat","embeddable":true,"href":"https:\/\/www.onurkoserealestate.com\/tr\/wp-json\/wp\/v2\/product_cat?post=21617"},{"taxonomy":"product_tag","embeddable":true,"href":"https:\/\/www.onurkoserealestate.com\/tr\/wp-json\/wp\/v2\/product_tag?post=21617"},{"taxonomy":"country","embeddable":true,"href":"https:\/\/www.onurkoserealestate.com\/tr\/wp-json\/wp\/v2\/country?post=21617"},{"taxonomy":"district","embeddable":true,"href":"https:\/\/www.onurkoserealestate.com\/tr\/wp-json\/wp\/v2\/district?post=21617"},{"taxonomy":"selling-type","embeddable":true,"href":"https:\/\/www.onurkoserealestate.com\/tr\/wp-json\/wp\/v2\/selling-type?post=21617"},{"taxonomy":"property-type","embeddable":true,"href":"https:\/\/www.onurkoserealestate.com\/tr\/wp-json\/wp\/v2\/property-type?post=21617"},{"taxonomy":"location","embeddable":true,"href":"https:\/\/www.onurkoserealestate.com\/tr\/wp-json\/wp\/v2\/location?post=21617"},{"taxonomy":"property-city","embeddable":true,"href":"https:\/\/www.onurkoserealestate.com\/tr\/wp-json\/wp\/v2\/property-city?post=21617"}],"curies":[{"name":"wp","href":"https:\/\/api.w.org\/{rel}","templated":true}]}}