{"id":21705,"date":"2025-08-29T08:14:19","date_gmt":"2025-08-29T08:14:19","guid":{"rendered":"https:\/\/www.onurkoserealestate.com\/product\/alanya-merkezinde-sik-daire-plaj-ve-havuz-erisimi-yakininda\/"},"modified":"2025-08-29T08:14:19","modified_gmt":"2025-08-29T08:14:19","slug":"stylish-apartment-in-alanya-center-near-beach-pool-access","status":"publish","type":"product","link":"https:\/\/www.onurkoserealestate.com\/tr\/product\/stylish-apartment-in-alanya-center-near-beach-pool-access\/","title":{"rendered":"Alanya Merkezinde \u015e\u0131k Daire \u2013 Plaj ve Havuz Eri\u015fimi Yak\u0131n\u0131nda"},"content":{"rendered":"<p data-start=\"247\" data-end=\"539\">Alanya&#8217;n\u0131n kalbinde, pop\u00fcler City 10 kompleksinde yer alan bu geni\u015f 2+1 daire, konfor ve m\u00fckemmel konumun m\u00fckemmel birle\u015fimini sunuyor. 110 m\u00b2 br\u00fct alana sahip daire, 3. katta yer almakta olup ayd\u0131nl\u0131k ve ferah bir ya\u015fam alan\u0131 sunmaktad\u0131r. <\/p>\n<p data-start=\"541\" data-end=\"807\">Denize sadece 100 metre uzakl\u0131kta bulunan bu daire, Akdeniz ya\u015fam tarz\u0131n\u0131n tad\u0131n\u0131 \u00e7\u0131karmak isteyenler i\u00e7in idealdir. Plaj sadece birka\u00e7 ad\u0131m uzakl\u0131ktad\u0131r. M\u00fclk, T\u00fcrk vatanda\u015fl\u0131\u011f\u0131 i\u00e7in de uygundur, bu da yabanc\u0131 al\u0131c\u0131lar i\u00e7in ak\u0131ll\u0131 bir yat\u0131r\u0131m f\u0131rsat\u0131 sunmaktad\u0131r. <\/p>\n<p data-start=\"809\" data-end=\"1024\">Dairede 2 yatak odas\u0131, geni\u015f bir oturma odas\u0131, modern bir mutfak ve bir banyo bulunmaktad\u0131r. City 10 kompleksi, sakinlerine kap\u0131lar\u0131n\u0131n hemen d\u0131\u015f\u0131nda dinlendirici bir ka\u00e7\u0131\u015f imkan\u0131 sunan bir a\u00e7\u0131k y\u00fczme havuzuna sahiptir. <\/p>\n<p data-start=\"1026\" data-end=\"1290\">Merkezi konumu sayesinde restoranlar, marketler, kafeler ve toplu ta\u015f\u0131ma gibi t\u00fcm olanaklar y\u00fcr\u00fcme mesafesindedir. \u0130ster kal\u0131c\u0131 bir ev, ister tatil dairesi, ister kiralamak i\u00e7in bir m\u00fclk ar\u0131yor olun, bu daire t\u00fcm ihtiya\u00e7lar\u0131n\u0131z\u0131 kar\u015f\u0131layacakt\u0131r. <\/p>\n","protected":false},"excerpt":{"rendered":"<p>Alanya&#8217;n\u0131n kalbinde, pop\u00fcler City 10 kompleksinde yer alan bu geni\u015f 2+1 daire, konfor ve m\u00fckemmel konumun m\u00fckemmel birle\u015fimini sunuyor. 110<\/p>\n","protected":false},"featured_media":21622,"comment_status":"open","ping_status":"closed","template":"","meta":[],"product_cat":[77],"product_tag":[],"country":[109],"district":[214],"selling-type":[118],"property-type":[120],"location":[152],"property-city":[124],"class_list":{"0":"post-21705","1":"product","2":"type-product","3":"status-publish","4":"has-post-thumbnail","6":"product_cat-acil-satilik","7":"country-turkey-tr","8":"district-center-tr","9":"selling-type-resale-tr","10":"property-type-apartment-tr","11":"location-alanya-tr","12":"property-city-antalya-tr","14":"first","15":"instock","16":"shipping-taxable","17":"purchasable","18":"product-type-simple"},"_links":{"self":[{"href":"https:\/\/www.onurkoserealestate.com\/tr\/wp-json\/wp\/v2\/product\/21705","targetHints":{"allow":["GET"]}}],"collection":[{"href":"https:\/\/www.onurkoserealestate.com\/tr\/wp-json\/wp\/v2\/product"}],"about":[{"href":"https:\/\/www.onurkoserealestate.com\/tr\/wp-json\/wp\/v2\/types\/product"}],"replies":[{"embeddable":true,"href":"https:\/\/www.onurkoserealestate.com\/tr\/wp-json\/wp\/v2\/comments?post=21705"}],"wp:featuredmedia":[{"embeddable":true,"href":"https:\/\/www.onurkoserealestate.com\/tr\/wp-json\/wp\/v2\/media\/21622"}],"wp:attachment":[{"href":"https:\/\/www.onurkoserealestate.com\/tr\/wp-json\/wp\/v2\/media?parent=21705"}],"wp:term":[{"taxonomy":"product_cat","embeddable":true,"href":"https:\/\/www.onurkoserealestate.com\/tr\/wp-json\/wp\/v2\/product_cat?post=21705"},{"taxonomy":"product_tag","embeddable":true,"href":"https:\/\/www.onurkoserealestate.com\/tr\/wp-json\/wp\/v2\/product_tag?post=21705"},{"taxonomy":"country","embeddable":true,"href":"https:\/\/www.onurkoserealestate.com\/tr\/wp-json\/wp\/v2\/country?post=21705"},{"taxonomy":"district","embeddable":true,"href":"https:\/\/www.onurkoserealestate.com\/tr\/wp-json\/wp\/v2\/district?post=21705"},{"taxonomy":"selling-type","embeddable":true,"href":"https:\/\/www.onurkoserealestate.com\/tr\/wp-json\/wp\/v2\/selling-type?post=21705"},{"taxonomy":"property-type","embeddable":true,"href":"https:\/\/www.onurkoserealestate.com\/tr\/wp-json\/wp\/v2\/property-type?post=21705"},{"taxonomy":"location","embeddable":true,"href":"https:\/\/www.onurkoserealestate.com\/tr\/wp-json\/wp\/v2\/location?post=21705"},{"taxonomy":"property-city","embeddable":true,"href":"https:\/\/www.onurkoserealestate.com\/tr\/wp-json\/wp\/v2\/property-city?post=21705"}],"curies":[{"name":"wp","href":"https:\/\/api.w.org\/{rel}","templated":true}]}}