{"id":22497,"date":"2025-09-02T07:36:32","date_gmt":"2025-09-02T07:36:32","guid":{"rendered":"https:\/\/www.onurkoserealestate.com\/product\/alanyada-mukemmel-konum-tam-donanimli-modern-daire\/"},"modified":"2025-09-02T07:36:32","modified_gmt":"2025-09-02T07:36:32","slug":"prime-location-in-alanya-modern-apartment-with-full-amenities","status":"publish","type":"product","link":"https:\/\/www.onurkoserealestate.com\/tr\/product\/prime-location-in-alanya-modern-apartment-with-full-amenities\/","title":{"rendered":"Alanya&#8217;da M\u00fckemmel Konum \u2013 Tam Donan\u0131ml\u0131 Modern Daire"},"content":{"rendered":"<p data-start=\"254\" data-end=\"678\">Alanya&#8217;n\u0131n kalbinde yer alan bu modern ve yepyeni 1+1 daire, May\u0131s 2023&#8217;te tamamlanan prestijli Yekta Royal rezidans\u0131n\u0131n bir par\u00e7as\u0131d\u0131r. Daire, 53 m\u00b2&#8217;lik konforlu bir ya\u015fam alan\u0131 sunar ve binan\u0131n 2. kat\u0131nda yer al\u0131r. 1 yatak odas\u0131, 1 banyo ve 1 balkondan olu\u015fur ve mobilyas\u0131z olarak sunulur, b\u00f6ylece kendi zevkinize g\u00f6re tasarlay\u0131p d\u00f6\u015feyebilirsiniz.  <\/p>\n<p data-start=\"680\" data-end=\"985\">M\u00fckemmel bir konuma sahip olan bu m\u00fclk, \u00fcnl\u00fc Alanya plajlar\u0131na sadece 800 metre ve ma\u011fazalar, restoranlar, kafeler ve daha fazlas\u0131n\u0131n bulundu\u011fu hareketli \u015fehir merkezine sadece 200 metre uzakl\u0131ktad\u0131r. Merkezi konumu, Alanya&#8217;da hem kal\u0131c\u0131 ya\u015fam hem de yat\u0131r\u0131m ama\u00e7l\u0131 kullan\u0131m i\u00e7in idealdir. <\/p>\n<p data-start=\"987\" data-end=\"1523\">Yekta Royal, Alanya&#8217;n\u0131n en modern konut projelerinden biridir ve \u00e7ok \u00e7e\u015fitli l\u00fcks sosyal olanaklar sunmaktad\u0131r. Sakinler a\u00e7\u0131k y\u00fczme havuzu, \u00e7ocuk oyun alan\u0131, \u00e7ocuk havuzu ve hatta bir su park\u0131n\u0131n keyfini \u00e7\u0131karabilirler. Dinlenmek i\u00e7in sauna, buhar odas\u0131, tuz odas\u0131, \u015fok havuzu, T\u00fcrk hamam\u0131 ve masaj odalar\u0131 bulunmaktad\u0131r. Fitness severler tam donan\u0131ml\u0131 spor salonunu takdir edecekler, a\u00e7\u0131k hava olanaklar\u0131 aras\u0131nda g\u00fcne\u015flenme alanlar\u0131, kamelya ve sosyal toplant\u0131lar i\u00e7in barbek\u00fc alan\u0131 bulunmaktad\u0131r.   <\/p>\n<p data-start=\"1525\" data-end=\"1722\">Binada ayr\u0131ca konuklar\u0131 kar\u015f\u0131layan bir lobi, kesintisiz elektrik sa\u011flayan jenerat\u00f6r ve kapal\u0131 ve a\u00e7\u0131k otopark se\u00e7enekleri bulunmakta olup, Alanya&#8217;n\u0131n kalbinde hem konfor hem de rahatl\u0131k sunmaktad\u0131r.<\/p>\n<p data-start=\"1724\" data-end=\"1875\">Alanya&#8217;da tatil yeri, yat\u0131r\u0131m f\u0131rsat\u0131 veya yeni bir ev ar\u0131yorsan\u0131z, Yekta Royal&#8217;deki bu m\u00fclk m\u00fckemmel bir se\u00e7imdir.<\/p>\n","protected":false},"excerpt":{"rendered":"<p>Alanya&#8217;n\u0131n kalbinde yer alan bu modern ve yepyeni 1+1 daire, May\u0131s 2023&#8217;te tamamlanan prestijli Yekta Royal rezidans\u0131n\u0131n bir par\u00e7as\u0131d\u0131r. Daire,<\/p>\n","protected":false},"featured_media":22373,"comment_status":"open","ping_status":"closed","template":"","meta":[],"product_cat":[77],"product_tag":[],"country":[109],"district":[214],"selling-type":[118],"property-type":[120],"location":[152],"property-city":[124],"class_list":{"0":"post-22497","1":"product","2":"type-product","3":"status-publish","4":"has-post-thumbnail","6":"product_cat-acil-satilik","7":"country-turkey-tr","8":"district-center-tr","9":"selling-type-resale-tr","10":"property-type-apartment-tr","11":"location-alanya-tr","12":"property-city-antalya-tr","14":"first","15":"instock","16":"shipping-taxable","17":"purchasable","18":"product-type-simple"},"_links":{"self":[{"href":"https:\/\/www.onurkoserealestate.com\/tr\/wp-json\/wp\/v2\/product\/22497","targetHints":{"allow":["GET"]}}],"collection":[{"href":"https:\/\/www.onurkoserealestate.com\/tr\/wp-json\/wp\/v2\/product"}],"about":[{"href":"https:\/\/www.onurkoserealestate.com\/tr\/wp-json\/wp\/v2\/types\/product"}],"replies":[{"embeddable":true,"href":"https:\/\/www.onurkoserealestate.com\/tr\/wp-json\/wp\/v2\/comments?post=22497"}],"wp:featuredmedia":[{"embeddable":true,"href":"https:\/\/www.onurkoserealestate.com\/tr\/wp-json\/wp\/v2\/media\/22373"}],"wp:attachment":[{"href":"https:\/\/www.onurkoserealestate.com\/tr\/wp-json\/wp\/v2\/media?parent=22497"}],"wp:term":[{"taxonomy":"product_cat","embeddable":true,"href":"https:\/\/www.onurkoserealestate.com\/tr\/wp-json\/wp\/v2\/product_cat?post=22497"},{"taxonomy":"product_tag","embeddable":true,"href":"https:\/\/www.onurkoserealestate.com\/tr\/wp-json\/wp\/v2\/product_tag?post=22497"},{"taxonomy":"country","embeddable":true,"href":"https:\/\/www.onurkoserealestate.com\/tr\/wp-json\/wp\/v2\/country?post=22497"},{"taxonomy":"district","embeddable":true,"href":"https:\/\/www.onurkoserealestate.com\/tr\/wp-json\/wp\/v2\/district?post=22497"},{"taxonomy":"selling-type","embeddable":true,"href":"https:\/\/www.onurkoserealestate.com\/tr\/wp-json\/wp\/v2\/selling-type?post=22497"},{"taxonomy":"property-type","embeddable":true,"href":"https:\/\/www.onurkoserealestate.com\/tr\/wp-json\/wp\/v2\/property-type?post=22497"},{"taxonomy":"location","embeddable":true,"href":"https:\/\/www.onurkoserealestate.com\/tr\/wp-json\/wp\/v2\/location?post=22497"},{"taxonomy":"property-city","embeddable":true,"href":"https:\/\/www.onurkoserealestate.com\/tr\/wp-json\/wp\/v2\/property-city?post=22497"}],"curies":[{"name":"wp","href":"https:\/\/api.w.org\/{rel}","templated":true}]}}