{"id":22711,"date":"2025-09-02T09:52:48","date_gmt":"2025-09-02T09:52:48","guid":{"rendered":"https:\/\/www.onurkoserealestate.com\/product\/alanyanin-kalbinde-yasayin-2-balkonlu-11-daire\/"},"modified":"2025-09-02T09:52:48","modified_gmt":"2025-09-02T09:52:48","slug":"live-in-the-heart-of-alanya-11-apartment-with-2-balconies","status":"publish","type":"product","link":"https:\/\/www.onurkoserealestate.com\/tr\/product\/live-in-the-heart-of-alanya-11-apartment-with-2-balconies\/","title":{"rendered":"Alanya&#8217;n\u0131n kalbinde ya\u015fay\u0131n \u2013 2 balkonlu 1+1 daire"},"content":{"rendered":"<p data-start=\"353\" data-end=\"702\">Alanya&#8217;n\u0131n kalbinde yer alan bu tam donan\u0131ml\u0131 1+1 daire, bak\u0131ml\u0131 \u00c7\u0131nar Sitesi kompleksinde bulunmaktad\u0131r. 55 m\u00b2&#8217;lik konforlu ya\u015fam alan\u0131 sunan daire, 6. katta yer almaktad\u0131r ve 1 banyo ile 2 geni\u015f balkona sahiptir. Manzaray\u0131 ve Akdeniz esintisini keyifle ya\u015fayabilece\u011finiz bu daire, tatilinizi unutulmaz k\u0131lacakt\u0131r. <\/p>\n<p data-start=\"704\" data-end=\"1058\">2003 y\u0131l\u0131nda in\u015fa edilen bu konut, m\u00fckemmel durumda olup, oturma izni almaya uygun oldu\u011fu i\u00e7in Alanya&#8217;da tam zamanl\u0131 ya\u015famak isteyenler i\u00e7in idealdir. Daire, plaja sadece 600 metre ve \u015fehir merkezine sadece 150 metre uzakl\u0131kta olup, ma\u011fazalara, restoranlara, marketlere ve toplu ta\u015f\u0131ma ara\u00e7lar\u0131na y\u00fcr\u00fcme mesafesindedir. <\/p>\n<p data-start=\"1060\" data-end=\"1333\">\u00c7\u0131nar Sitesi, a\u00e7\u0131k y\u00fczme havuzu, dinlenmek i\u00e7in \u00e7ardak, ye\u015fil bah\u00e7e, bisiklet park yeri, asans\u00f6r ve sakinlerin konforunu ve g\u00fcvenli\u011fini sa\u011flayan site bek\u00e7isi gibi \u00f6zellikleriyle huzurlu ve keyifli bir ya\u015fam tarz\u0131 sunmaktad\u0131r.<\/p>\n<p data-start=\"1335\" data-end=\"1535\">G\u00fcne\u015fli Alanya&#8217;da ta\u015f\u0131nmay\u0131, yat\u0131r\u0131m yapmay\u0131 veya ikinci bir evin keyfini \u00e7\u0131karmay\u0131 planl\u0131yorsan\u0131z, bu ta\u015f\u0131nmaya haz\u0131r daire, \u015fehrin en merkezi ve elveri\u015fli konumlar\u0131ndan birinde harika bir f\u0131rsat sunuyor.<\/p>\n","protected":false},"excerpt":{"rendered":"<p>Alanya&#8217;n\u0131n kalbinde yer alan bu tam donan\u0131ml\u0131 1+1 daire, bak\u0131ml\u0131 \u00c7\u0131nar Sitesi kompleksinde bulunmaktad\u0131r. 55 m\u00b2&#8217;lik konforlu ya\u015fam alan\u0131 sunan<\/p>\n","protected":false},"featured_media":22548,"comment_status":"open","ping_status":"closed","template":"","meta":[],"product_cat":[77],"product_tag":[],"country":[109],"district":[214],"selling-type":[118],"property-type":[120],"location":[152],"property-city":[124],"class_list":{"0":"post-22711","1":"product","2":"type-product","3":"status-publish","4":"has-post-thumbnail","6":"product_cat-acil-satilik","7":"country-turkey-tr","8":"district-center-tr","9":"selling-type-resale-tr","10":"property-type-apartment-tr","11":"location-alanya-tr","12":"property-city-antalya-tr","14":"first","15":"instock","16":"shipping-taxable","17":"purchasable","18":"product-type-simple"},"_links":{"self":[{"href":"https:\/\/www.onurkoserealestate.com\/tr\/wp-json\/wp\/v2\/product\/22711","targetHints":{"allow":["GET"]}}],"collection":[{"href":"https:\/\/www.onurkoserealestate.com\/tr\/wp-json\/wp\/v2\/product"}],"about":[{"href":"https:\/\/www.onurkoserealestate.com\/tr\/wp-json\/wp\/v2\/types\/product"}],"replies":[{"embeddable":true,"href":"https:\/\/www.onurkoserealestate.com\/tr\/wp-json\/wp\/v2\/comments?post=22711"}],"wp:featuredmedia":[{"embeddable":true,"href":"https:\/\/www.onurkoserealestate.com\/tr\/wp-json\/wp\/v2\/media\/22548"}],"wp:attachment":[{"href":"https:\/\/www.onurkoserealestate.com\/tr\/wp-json\/wp\/v2\/media?parent=22711"}],"wp:term":[{"taxonomy":"product_cat","embeddable":true,"href":"https:\/\/www.onurkoserealestate.com\/tr\/wp-json\/wp\/v2\/product_cat?post=22711"},{"taxonomy":"product_tag","embeddable":true,"href":"https:\/\/www.onurkoserealestate.com\/tr\/wp-json\/wp\/v2\/product_tag?post=22711"},{"taxonomy":"country","embeddable":true,"href":"https:\/\/www.onurkoserealestate.com\/tr\/wp-json\/wp\/v2\/country?post=22711"},{"taxonomy":"district","embeddable":true,"href":"https:\/\/www.onurkoserealestate.com\/tr\/wp-json\/wp\/v2\/district?post=22711"},{"taxonomy":"selling-type","embeddable":true,"href":"https:\/\/www.onurkoserealestate.com\/tr\/wp-json\/wp\/v2\/selling-type?post=22711"},{"taxonomy":"property-type","embeddable":true,"href":"https:\/\/www.onurkoserealestate.com\/tr\/wp-json\/wp\/v2\/property-type?post=22711"},{"taxonomy":"location","embeddable":true,"href":"https:\/\/www.onurkoserealestate.com\/tr\/wp-json\/wp\/v2\/location?post=22711"},{"taxonomy":"property-city","embeddable":true,"href":"https:\/\/www.onurkoserealestate.com\/tr\/wp-json\/wp\/v2\/property-city?post=22711"}],"curies":[{"name":"wp","href":"https:\/\/api.w.org\/{rel}","templated":true}]}}