{"id":22714,"date":"2025-09-02T10:01:31","date_gmt":"2025-09-02T10:01:31","guid":{"rendered":"https:\/\/www.onurkoserealestate.com\/product\/alanyada-satilik-mobilyasiz-11-sinema-spa-fitness-ve-daha-fazlasi\/"},"modified":"2025-09-02T10:01:31","modified_gmt":"2025-09-02T10:01:31","slug":"unfurnished-11-for-sale-in-alanya-cinema-spa-fitness-more","status":"publish","type":"product","link":"https:\/\/www.onurkoserealestate.com\/tr\/product\/unfurnished-11-for-sale-in-alanya-cinema-spa-fitness-more\/","title":{"rendered":"Alanya&#8217;da Sat\u0131l\u0131k Mobilyas\u0131z 1+1 \u2013 Sinema, Spa, Fitness ve Daha Fazlas\u0131"},"content":{"rendered":"<p data-start=\"332\" data-end=\"725\">Alanya&#8217;n\u0131n hareketli merkezinde yer alan bu modern ve yepyeni 1+1 daire, 2023 y\u0131l\u0131nda tamamlanan Troy Heaven kompleksinde bulunmaktad\u0131r. Daire, 52 m\u00b2&#8217;lik iyi tasarlanm\u0131\u015f ya\u015fam alan\u0131, 1 banyo, 1 balkon sunmaktad\u0131r ve 1. katta yer almaktad\u0131r. Mobilyas\u0131z olarak sunulmakta olup, ki\u015fisel zevkinize g\u00f6re dekore edebilece\u011finiz bo\u015f bir tuval sunmaktad\u0131r.  <\/p>\n<p data-start=\"727\" data-end=\"976\">\u0130deal bir konuma sahip olan tesis, Alanya&#8217;n\u0131n g\u00fczel plajlar\u0131na sadece 850 metre ve \u015fehir merkezine sadece 200 metre uzakl\u0131ktad\u0131r. Bu sayede ma\u011fazalar, kafeler, restoranlar ve Alanya&#8217;n\u0131n sundu\u011fu t\u00fcm g\u00fcnl\u00fck olanaklara y\u00fcr\u00fcme mesafesinde olursunuz.<\/p>\n<p data-start=\"978\" data-end=\"1339\">Troy Heaven, k\u0131\u015f havuzu, sauna, T\u00fcrk hamam\u0131, buhar odas\u0131, tuz odas\u0131 ve tam donan\u0131ml\u0131 fitness merkezi gibi l\u00fcks sosyal tesisleriyle \u00f6ne \u00e7\u0131k\u0131yor. Ek ya\u015fam tarz\u0131 \u00f6zellikleri aras\u0131nda masaj odas\u0131, sinema ve m\u00fczik odas\u0131 bulunmakta olup, Alanya&#8217;n\u0131n tam merkezinde tam bir tatil k\u00f6y\u00fc deneyimi sunmaktad\u0131r. <\/p>\n<p data-start=\"1341\" data-end=\"1483\">Bu, Alanya&#8217;da modern bir m\u00fclk arayanlar i\u00e7in, ister ikamet, ister tatil ama\u00e7l\u0131, ister yat\u0131r\u0131m ama\u00e7l\u0131 olsun, harika bir f\u0131rsat.<\/p>\n","protected":false},"excerpt":{"rendered":"<p>Alanya&#8217;n\u0131n hareketli merkezinde yer alan bu modern ve yepyeni 1+1 daire, 2023 y\u0131l\u0131nda tamamlanan Troy Heaven kompleksinde bulunmaktad\u0131r. Daire, 52<\/p>\n","protected":false},"featured_media":22668,"comment_status":"open","ping_status":"closed","template":"","meta":[],"product_cat":[77],"product_tag":[],"country":[109],"district":[214],"selling-type":[118],"property-type":[120],"location":[152],"property-city":[124],"class_list":{"0":"post-22714","1":"product","2":"type-product","3":"status-publish","4":"has-post-thumbnail","6":"product_cat-acil-satilik","7":"country-turkey-tr","8":"district-center-tr","9":"selling-type-resale-tr","10":"property-type-apartment-tr","11":"location-alanya-tr","12":"property-city-antalya-tr","14":"first","15":"instock","16":"shipping-taxable","17":"purchasable","18":"product-type-simple"},"_links":{"self":[{"href":"https:\/\/www.onurkoserealestate.com\/tr\/wp-json\/wp\/v2\/product\/22714","targetHints":{"allow":["GET"]}}],"collection":[{"href":"https:\/\/www.onurkoserealestate.com\/tr\/wp-json\/wp\/v2\/product"}],"about":[{"href":"https:\/\/www.onurkoserealestate.com\/tr\/wp-json\/wp\/v2\/types\/product"}],"replies":[{"embeddable":true,"href":"https:\/\/www.onurkoserealestate.com\/tr\/wp-json\/wp\/v2\/comments?post=22714"}],"wp:featuredmedia":[{"embeddable":true,"href":"https:\/\/www.onurkoserealestate.com\/tr\/wp-json\/wp\/v2\/media\/22668"}],"wp:attachment":[{"href":"https:\/\/www.onurkoserealestate.com\/tr\/wp-json\/wp\/v2\/media?parent=22714"}],"wp:term":[{"taxonomy":"product_cat","embeddable":true,"href":"https:\/\/www.onurkoserealestate.com\/tr\/wp-json\/wp\/v2\/product_cat?post=22714"},{"taxonomy":"product_tag","embeddable":true,"href":"https:\/\/www.onurkoserealestate.com\/tr\/wp-json\/wp\/v2\/product_tag?post=22714"},{"taxonomy":"country","embeddable":true,"href":"https:\/\/www.onurkoserealestate.com\/tr\/wp-json\/wp\/v2\/country?post=22714"},{"taxonomy":"district","embeddable":true,"href":"https:\/\/www.onurkoserealestate.com\/tr\/wp-json\/wp\/v2\/district?post=22714"},{"taxonomy":"selling-type","embeddable":true,"href":"https:\/\/www.onurkoserealestate.com\/tr\/wp-json\/wp\/v2\/selling-type?post=22714"},{"taxonomy":"property-type","embeddable":true,"href":"https:\/\/www.onurkoserealestate.com\/tr\/wp-json\/wp\/v2\/property-type?post=22714"},{"taxonomy":"location","embeddable":true,"href":"https:\/\/www.onurkoserealestate.com\/tr\/wp-json\/wp\/v2\/location?post=22714"},{"taxonomy":"property-city","embeddable":true,"href":"https:\/\/www.onurkoserealestate.com\/tr\/wp-json\/wp\/v2\/property-city?post=22714"}],"curies":[{"name":"wp","href":"https:\/\/api.w.org\/{rel}","templated":true}]}}