{"id":22844,"date":"2025-09-04T13:24:32","date_gmt":"2025-09-04T13:24:32","guid":{"rendered":"https:\/\/www.onurkoserealestate.com\/product\/obada-deniz-kenarinda-yasam-havuzlu-ve-otoparkli-31-daire\/"},"modified":"2025-09-04T13:24:32","modified_gmt":"2025-09-04T13:24:32","slug":"seaside-living-in-oba-31-apartment-with-pools-and-parking","status":"publish","type":"product","link":"https:\/\/www.onurkoserealestate.com\/tr\/product\/seaside-living-in-oba-31-apartment-with-pools-and-parking\/","title":{"rendered":"Oba&#8217;da Deniz Kenar\u0131nda Ya\u015fam \u2013 Havuzlu ve Otoparkl\u0131 3+1 Daire"},"content":{"rendered":"<p data-start=\"147\" data-end=\"584\">Alanya&#8217;n\u0131n Oba b\u00f6lgesinde bulunan prestijli Y\u00fczba\u015f\u0131o\u011flu Konaklar\u0131 kompleksinde yer alan bu geni\u015f 3+1 dairede konfor ve rahatl\u0131\u011f\u0131 ke\u015ffedin. 150 m\u00b2 net ya\u015fam alan\u0131na sahip bu modern ev, ekstra alan ve mahremiyet arayan aileler i\u00e7in ideal olan ayr\u0131 bir mutfa\u011fa sahiptir. Bak\u0131ml\u0131, 10 y\u0131ll\u0131k bir binan\u0131n 3. kat\u0131nda yer alan daire, huzur ve eri\u015filebilirlik aras\u0131nda m\u00fckemmel bir denge sunmaktad\u0131r.  <\/p>\n<p data-start=\"586\" data-end=\"908\">Alanya&#8217;n\u0131n g\u00fczel plajlar\u0131na sadece 1,5 km uzakl\u0131kta bulunan bu tesis, \u015fehir olanaklar\u0131na yak\u0131n olman\u0131n yan\u0131 s\u0131ra sahil ya\u015fam\u0131n\u0131n tad\u0131n\u0131 \u00e7\u0131karman\u0131z\u0131 sa\u011flar. Kapal\u0131 kompleks, kapal\u0131 ve a\u00e7\u0131k y\u00fczme havuzlar\u0131, \u00e7ocuk oyun alan\u0131, \u00e7ardaklar, 7\/24 g\u00fcvenlik ve \u00f6zel otopark gibi ola\u011fan\u00fcst\u00fc olanaklar sunmaktad\u0131r. <\/p>\n<p data-start=\"910\" data-end=\"1158\">Alanya&#8217;n\u0131n en g\u00f6zde mahallelerinden birinde bulunan bu ev, y\u0131l boyunca ya\u015famak veya tatil evi olarak kullanmak i\u00e7in idealdir. Ayl\u0131k 3500 TL bak\u0131m \u00fccreti ile Alanya&#8217;n\u0131n kalbinde l\u00fcks bir ya\u015fam tarz\u0131n\u0131n t\u00fcm \u00f6zelliklerinin tad\u0131n\u0131 \u00e7\u0131karabilirsiniz. <\/p>\n<p data-start=\"1160\" data-end=\"1242\">Alanya&#8217;n\u0131n en h\u0131zl\u0131 b\u00fcy\u00fcyen b\u00f6lgelerinden birine yat\u0131r\u0131m yapma f\u0131rsat\u0131n\u0131 ka\u00e7\u0131rmay\u0131n.<\/p>\n","protected":false},"excerpt":{"rendered":"<p>Alanya&#8217;n\u0131n Oba b\u00f6lgesinde bulunan prestijli Y\u00fczba\u015f\u0131o\u011flu Konaklar\u0131 kompleksinde yer alan bu geni\u015f 3+1 dairede konfor ve rahatl\u0131\u011f\u0131 ke\u015ffedin. 150 m\u00b2<\/p>\n","protected":false},"featured_media":22757,"comment_status":"open","ping_status":"closed","template":"","meta":[],"product_cat":[77],"product_tag":[],"country":[109],"district":[193],"selling-type":[118],"property-type":[120],"location":[152],"property-city":[124],"class_list":{"0":"post-22844","1":"product","2":"type-product","3":"status-publish","4":"has-post-thumbnail","6":"product_cat-acil-satilik","7":"country-turkey-tr","8":"district-oba-tr","9":"selling-type-resale-tr","10":"property-type-apartment-tr","11":"location-alanya-tr","12":"property-city-antalya-tr","14":"first","15":"instock","16":"shipping-taxable","17":"purchasable","18":"product-type-simple"},"_links":{"self":[{"href":"https:\/\/www.onurkoserealestate.com\/tr\/wp-json\/wp\/v2\/product\/22844","targetHints":{"allow":["GET"]}}],"collection":[{"href":"https:\/\/www.onurkoserealestate.com\/tr\/wp-json\/wp\/v2\/product"}],"about":[{"href":"https:\/\/www.onurkoserealestate.com\/tr\/wp-json\/wp\/v2\/types\/product"}],"replies":[{"embeddable":true,"href":"https:\/\/www.onurkoserealestate.com\/tr\/wp-json\/wp\/v2\/comments?post=22844"}],"wp:featuredmedia":[{"embeddable":true,"href":"https:\/\/www.onurkoserealestate.com\/tr\/wp-json\/wp\/v2\/media\/22757"}],"wp:attachment":[{"href":"https:\/\/www.onurkoserealestate.com\/tr\/wp-json\/wp\/v2\/media?parent=22844"}],"wp:term":[{"taxonomy":"product_cat","embeddable":true,"href":"https:\/\/www.onurkoserealestate.com\/tr\/wp-json\/wp\/v2\/product_cat?post=22844"},{"taxonomy":"product_tag","embeddable":true,"href":"https:\/\/www.onurkoserealestate.com\/tr\/wp-json\/wp\/v2\/product_tag?post=22844"},{"taxonomy":"country","embeddable":true,"href":"https:\/\/www.onurkoserealestate.com\/tr\/wp-json\/wp\/v2\/country?post=22844"},{"taxonomy":"district","embeddable":true,"href":"https:\/\/www.onurkoserealestate.com\/tr\/wp-json\/wp\/v2\/district?post=22844"},{"taxonomy":"selling-type","embeddable":true,"href":"https:\/\/www.onurkoserealestate.com\/tr\/wp-json\/wp\/v2\/selling-type?post=22844"},{"taxonomy":"property-type","embeddable":true,"href":"https:\/\/www.onurkoserealestate.com\/tr\/wp-json\/wp\/v2\/property-type?post=22844"},{"taxonomy":"location","embeddable":true,"href":"https:\/\/www.onurkoserealestate.com\/tr\/wp-json\/wp\/v2\/location?post=22844"},{"taxonomy":"property-city","embeddable":true,"href":"https:\/\/www.onurkoserealestate.com\/tr\/wp-json\/wp\/v2\/property-city?post=22844"}],"curies":[{"name":"wp","href":"https:\/\/api.w.org\/{rel}","templated":true}]}}