{"id":22914,"date":"2025-09-08T07:15:39","date_gmt":"2025-09-08T07:15:39","guid":{"rendered":"https:\/\/www.onurkoserealestate.com\/product\/%d0%b6%d0%b8%d0%b2%d0%b8%d1%82%d0%b5-%d0%bf%d0%be-%d0%b0%d0%bb%d0%b0%d0%bd%d0%b8%d0%b9%d1%81%d0%ba%d0%b8-%d1%86%d0%b5%d0%bd%d1%82%d1%80%d0%b0%d0%bb%d1%8c%d0%bd%d0%be%d0%b5-%d1%80%d0%b0%d1%81\/"},"modified":"2025-09-08T07:29:10","modified_gmt":"2025-09-08T07:29:10","slug":"live-the-alanya-lifestyle-central-location-luxury-amenities","status":"publish","type":"product","link":"https:\/\/www.onurkoserealestate.com\/tr\/product\/live-the-alanya-lifestyle-central-location-luxury-amenities\/","title":{"rendered":"Alanya Ya\u015fam Tarz\u0131n\u0131 Ya\u015fay\u0131n \u2013 Merkezi Konum, L\u00fcks Olanaklar"},"content":{"rendered":"<p data-start=\"267\" data-end=\"767\">Alanya&#8217;n\u0131n hareketli merkezinde yer alan Fenercio\u011flu Tower&#8217;daki bu \u015f\u0131k 1+1 daire, konfor, rahatl\u0131k ve l\u00fcks\u00fcn m\u00fckemmel bir kar\u0131\u015f\u0131m\u0131n\u0131 sunuyor. Toplam 53 m\u00b2 alana sahip daire, yeni in\u015fa edilmi\u015f bir kompleksin (2023) A Blok&#8217;unun 2. kat\u0131nda yer almaktad\u0131r. Bir banyo, iki geni\u015f balkon ve modern i\u00e7 mekanlara sahiptir. Plaj sadece 550 metre uzakl\u0131kta ve Alanya \u015fehir merkezi 300 metrelik k\u0131sa bir y\u00fcr\u00fcy\u00fc\u015f mesafesindedir, bu da size ma\u011fazalara, restoranlara ve e\u011flence mekanlar\u0131na h\u0131zl\u0131 eri\u015fim imkan\u0131 sunar.   <\/p>\n<p data-start=\"769\" data-end=\"1132\">Kompleks, iki a\u00e7\u0131k y\u00fczme havuzu, \u0131s\u0131tmal\u0131 kapal\u0131 y\u00fczme havuzu, masaj odas\u0131, sauna, dinlenme odas\u0131, fitness merkezi ve \u00e7ocuk oyun alan\u0131 gibi \u00e7ok \u00e7e\u015fitli \u00fcst d\u00fczey olanaklara sahiptir. Sosyal toplant\u0131lar i\u00e7in barbek\u00fc alan\u0131 ve kamelyadan yararlanabilirsiniz. Ayr\u0131ca oyun odas\u0131, kap\u0131c\u0131 dairesi, asans\u00f6r ve kesintisiz konfor i\u00e7in jenerat\u00f6r de bulunmaktad\u0131r.  <\/p>\n<p data-start=\"1134\" data-end=\"1387\">Tatil evi, yat\u0131r\u0131m ama\u00e7l\u0131 gayrimenkul veya kal\u0131c\u0131 ikamet yeri ar\u0131yorsan\u0131z, bu daire konum, l\u00fcks ve ya\u015fam tarz\u0131na de\u011fer verenler i\u00e7in ideal bir se\u00e7imdir. Alanya&#8217;n\u0131n kalbinde bir cennet par\u00e7as\u0131na sahip olma f\u0131rsat\u0131n\u0131 ka\u00e7\u0131rmay\u0131n! <\/p>\n","protected":false},"excerpt":{"rendered":"<p>Alanya&#8217;n\u0131n hareketli merkezinde yer alan Fenercio\u011flu Tower&#8217;daki bu \u015f\u0131k 1+1 daire, konfor, rahatl\u0131k ve l\u00fcks\u00fcn m\u00fckemmel bir kar\u0131\u015f\u0131m\u0131n\u0131 sunuyor. Toplam<\/p>\n","protected":false},"featured_media":22906,"comment_status":"open","ping_status":"closed","template":"","meta":[],"product_cat":[77],"product_tag":[],"country":[109],"district":[214],"selling-type":[118],"property-type":[120],"location":[152],"property-city":[124],"class_list":{"0":"post-22914","1":"product","2":"type-product","3":"status-publish","4":"has-post-thumbnail","6":"product_cat-acil-satilik","7":"country-turkey-tr","8":"district-center-tr","9":"selling-type-resale-tr","10":"property-type-apartment-tr","11":"location-alanya-tr","12":"property-city-antalya-tr","14":"first","15":"instock","16":"shipping-taxable","17":"purchasable","18":"product-type-simple"},"_links":{"self":[{"href":"https:\/\/www.onurkoserealestate.com\/tr\/wp-json\/wp\/v2\/product\/22914","targetHints":{"allow":["GET"]}}],"collection":[{"href":"https:\/\/www.onurkoserealestate.com\/tr\/wp-json\/wp\/v2\/product"}],"about":[{"href":"https:\/\/www.onurkoserealestate.com\/tr\/wp-json\/wp\/v2\/types\/product"}],"replies":[{"embeddable":true,"href":"https:\/\/www.onurkoserealestate.com\/tr\/wp-json\/wp\/v2\/comments?post=22914"}],"wp:featuredmedia":[{"embeddable":true,"href":"https:\/\/www.onurkoserealestate.com\/tr\/wp-json\/wp\/v2\/media\/22906"}],"wp:attachment":[{"href":"https:\/\/www.onurkoserealestate.com\/tr\/wp-json\/wp\/v2\/media?parent=22914"}],"wp:term":[{"taxonomy":"product_cat","embeddable":true,"href":"https:\/\/www.onurkoserealestate.com\/tr\/wp-json\/wp\/v2\/product_cat?post=22914"},{"taxonomy":"product_tag","embeddable":true,"href":"https:\/\/www.onurkoserealestate.com\/tr\/wp-json\/wp\/v2\/product_tag?post=22914"},{"taxonomy":"country","embeddable":true,"href":"https:\/\/www.onurkoserealestate.com\/tr\/wp-json\/wp\/v2\/country?post=22914"},{"taxonomy":"district","embeddable":true,"href":"https:\/\/www.onurkoserealestate.com\/tr\/wp-json\/wp\/v2\/district?post=22914"},{"taxonomy":"selling-type","embeddable":true,"href":"https:\/\/www.onurkoserealestate.com\/tr\/wp-json\/wp\/v2\/selling-type?post=22914"},{"taxonomy":"property-type","embeddable":true,"href":"https:\/\/www.onurkoserealestate.com\/tr\/wp-json\/wp\/v2\/property-type?post=22914"},{"taxonomy":"location","embeddable":true,"href":"https:\/\/www.onurkoserealestate.com\/tr\/wp-json\/wp\/v2\/location?post=22914"},{"taxonomy":"property-city","embeddable":true,"href":"https:\/\/www.onurkoserealestate.com\/tr\/wp-json\/wp\/v2\/property-city?post=22914"}],"curies":[{"name":"wp","href":"https:\/\/api.w.org\/{rel}","templated":true}]}}