{"id":23002,"date":"2025-09-08T07:40:26","date_gmt":"2025-09-08T07:40:26","guid":{"rendered":"https:\/\/www.onurkoserealestate.com\/product\/saray-mahallesinde-konforlu-yasam-genis-21-daire\/"},"modified":"2025-09-08T07:40:26","modified_gmt":"2025-09-08T07:40:26","slug":"comfortable-living-in-saray-neighborhood-spacious-21-apartment","status":"publish","type":"product","link":"https:\/\/www.onurkoserealestate.com\/tr\/product\/comfortable-living-in-saray-neighborhood-spacious-21-apartment\/","title":{"rendered":"Saray Mahallesi&#8217;nde Konforlu Ya\u015fam \u2013 Geni\u015f 2+1 Daire"},"content":{"rendered":"<p data-start=\"249\" data-end=\"606\">Bu g\u00fczel 2+1 daire, Alanya&#8217;n\u0131n g\u00f6zde Saray semtinde, modern Tulip City kompleksinin i\u00e7inde yer almaktad\u0131r. 110 m\u00b2 alana sahip olan bu birinci kat daire, 2021 y\u0131l\u0131nda in\u015fa edilmi\u015f olup, iki banyo ve bir balkon ile konforlu ve \u015f\u0131k bir ya\u015fam alan\u0131 sunmaktad\u0131r. Daire tamamen mobilyal\u0131d\u0131r ve hemen ta\u015f\u0131nmaya veya kiralanmaya haz\u0131rd\u0131r.  <\/p>\n<p data-start=\"608\" data-end=\"864\">Denize sadece 750 metre ve \u015fehir merkezine sadece 300 metre uzakl\u0131kta bulunan bu daire, rahatl\u0131k ve ya\u015fam tarz\u0131n\u0131 m\u00fckemmel bir \u015fekilde birle\u015ftiriyor. Sakinler, Alanya&#8217;n\u0131n hareketli ma\u011fazalar\u0131na, restoranlar\u0131na ve e\u011flence mekanlar\u0131na kolay eri\u015fim imkan\u0131na sahip olurken, huzurlu bir ortam\u0131n tad\u0131n\u0131 \u00e7\u0131karabilirler. <\/p>\n<p data-start=\"866\" data-end=\"1167\">Tulip City, konfor ve g\u00fcvenli\u011fi sa\u011flamak i\u00e7in asans\u00f6r, b\u00fcy\u00fcleyici kamelya oturma alan\u0131, 7\/24 g\u00fcvenlik kameralar\u0131 ve \u00f6zel konsiyerj gibi temel olanaklar\u0131 sunmaktad\u0131r. Binan\u0131n modern tasar\u0131m\u0131 ve pratik olanaklar\u0131, aileler, \u00e7iftler veya yat\u0131r\u0131mc\u0131lar i\u00e7in ideal olan s\u0131cak bir ortam yaratmaktad\u0131r. <\/p>\n<p data-start=\"1169\" data-end=\"1376\">\u0130ster tatil evi ister kal\u0131c\u0131 ikametgah ar\u0131yor olun, Tulip City&#8217;deki bu daire, g\u00fcvenli ve bak\u0131ml\u0131 bir kompleksin t\u00fcm konforlar\u0131yla Alanya&#8217;n\u0131n en iyisini ya\u015faman\u0131z i\u00e7in m\u00fckemmel bir f\u0131rsat sunuyor.<\/p>\n","protected":false},"excerpt":{"rendered":"<p>Bu g\u00fczel 2+1 daire, Alanya&#8217;n\u0131n g\u00f6zde Saray semtinde, modern Tulip City kompleksinin i\u00e7inde yer almaktad\u0131r. 110 m\u00b2 alana sahip olan<\/p>\n","protected":false},"featured_media":22919,"comment_status":"open","ping_status":"closed","template":"","meta":[],"product_cat":[77],"product_tag":[],"country":[109],"district":[214],"selling-type":[118],"property-type":[120],"location":[152],"property-city":[124],"class_list":{"0":"post-23002","1":"product","2":"type-product","3":"status-publish","4":"has-post-thumbnail","6":"product_cat-acil-satilik","7":"country-turkey-tr","8":"district-center-tr","9":"selling-type-resale-tr","10":"property-type-apartment-tr","11":"location-alanya-tr","12":"property-city-antalya-tr","14":"first","15":"instock","16":"shipping-taxable","17":"purchasable","18":"product-type-simple"},"_links":{"self":[{"href":"https:\/\/www.onurkoserealestate.com\/tr\/wp-json\/wp\/v2\/product\/23002","targetHints":{"allow":["GET"]}}],"collection":[{"href":"https:\/\/www.onurkoserealestate.com\/tr\/wp-json\/wp\/v2\/product"}],"about":[{"href":"https:\/\/www.onurkoserealestate.com\/tr\/wp-json\/wp\/v2\/types\/product"}],"replies":[{"embeddable":true,"href":"https:\/\/www.onurkoserealestate.com\/tr\/wp-json\/wp\/v2\/comments?post=23002"}],"wp:featuredmedia":[{"embeddable":true,"href":"https:\/\/www.onurkoserealestate.com\/tr\/wp-json\/wp\/v2\/media\/22919"}],"wp:attachment":[{"href":"https:\/\/www.onurkoserealestate.com\/tr\/wp-json\/wp\/v2\/media?parent=23002"}],"wp:term":[{"taxonomy":"product_cat","embeddable":true,"href":"https:\/\/www.onurkoserealestate.com\/tr\/wp-json\/wp\/v2\/product_cat?post=23002"},{"taxonomy":"product_tag","embeddable":true,"href":"https:\/\/www.onurkoserealestate.com\/tr\/wp-json\/wp\/v2\/product_tag?post=23002"},{"taxonomy":"country","embeddable":true,"href":"https:\/\/www.onurkoserealestate.com\/tr\/wp-json\/wp\/v2\/country?post=23002"},{"taxonomy":"district","embeddable":true,"href":"https:\/\/www.onurkoserealestate.com\/tr\/wp-json\/wp\/v2\/district?post=23002"},{"taxonomy":"selling-type","embeddable":true,"href":"https:\/\/www.onurkoserealestate.com\/tr\/wp-json\/wp\/v2\/selling-type?post=23002"},{"taxonomy":"property-type","embeddable":true,"href":"https:\/\/www.onurkoserealestate.com\/tr\/wp-json\/wp\/v2\/property-type?post=23002"},{"taxonomy":"location","embeddable":true,"href":"https:\/\/www.onurkoserealestate.com\/tr\/wp-json\/wp\/v2\/location?post=23002"},{"taxonomy":"property-city","embeddable":true,"href":"https:\/\/www.onurkoserealestate.com\/tr\/wp-json\/wp\/v2\/property-city?post=23002"}],"curies":[{"name":"wp","href":"https:\/\/api.w.org\/{rel}","templated":true}]}}