{"id":23071,"date":"2025-09-09T06:52:07","date_gmt":"2025-09-09T06:52:07","guid":{"rendered":"https:\/\/www.onurkoserealestate.com\/product\/alanyanin-en-iyisi-kleopatra-ventri-residence\/"},"modified":"2025-09-09T06:52:07","modified_gmt":"2025-09-09T06:52:07","slug":"alanyas-finest-cleopatra-ventri-residence","status":"publish","type":"product","link":"https:\/\/www.onurkoserealestate.com\/tr\/product\/alanyas-finest-cleopatra-ventri-residence\/","title":{"rendered":"Alanya&#8217;n\u0131n En \u0130yisi: Kleopatra Ventri Residence"},"content":{"rendered":"<p data-start=\"198\" data-end=\"715\">Alanya&#8217;n\u0131n kalbinde, d\u00fcnyaca \u00fcnl\u00fc Kleopatra Plaj\u0131&#8217;na sadece 370 metre ve Alanya&#8217;n\u0131n hareketli \u015fehir merkezine sadece 200 metre uzakl\u0131kta bulunan modern bir ya\u015fam alan\u0131 olan Kleopatra Ventri Residence&#8217;a ho\u015f geldiniz. 2023 y\u0131l\u0131nda tamamlanan bu yepyeni rezidans, 2. katta toplam 72 m\u00b2 alana sahip geni\u015f bir 2+1 daire sunmaktad\u0131r. Dairede 2 balkon ve 1 banyo bulunmaktad\u0131r ve mobilyas\u0131z olarak sunulmaktad\u0131r, bu da g\u00fcne\u015fli Alanya&#8217;da hayalinizdeki evi yaratmak i\u00e7in m\u00fckemmel bir f\u0131rsat sunmaktad\u0131r.  <\/p>\n<p data-start=\"717\" data-end=\"1164\">Y\u00fczme havuzu, fitness merkezi, jakuzi, sauna, lobi ve kamera sistemleri ile 7\/24 g\u00fcvenlik gibi birinci s\u0131n\u0131f olanaklar\u0131n keyfini \u00e7\u0131kar\u0131n. Ek \u00f6zellikler aras\u0131nda d\u0131\u015f ayd\u0131nlatma, g\u00f6r\u00fcnt\u00fcl\u00fc interkom sistemi ve kesintisiz g\u00fc\u00e7 kayna\u011f\u0131 i\u00e7in jenerat\u00f6r bulunmaktad\u0131r. \u0130ster kal\u0131c\u0131 bir konut, ister tatil evi veya yat\u0131r\u0131m f\u0131rsat\u0131 ar\u0131yor olun, Alanya&#8217;n\u0131n Kleopatra b\u00f6lgesindeki bu m\u00fclk t\u00fcm kriterleri kar\u015f\u0131lamaktad\u0131r.  <\/p>\n<p data-start=\"1166\" data-end=\"1458\">Denize yak\u0131n ya\u015fay\u0131n, g\u00fcne\u015fin tad\u0131n\u0131 \u00e7\u0131kar\u0131n ve Alanya&#8217;n\u0131n sundu\u011fu canl\u0131 ama huzurlu ya\u015fam tarz\u0131n\u0131n keyfini \u00e7\u0131kar\u0131n. Rakipsiz konumu, modern mimarisi ve eksiksiz olanaklar\u0131 ile Cleopatra Ventri Residence, bug\u00fcn Alanya&#8217;n\u0131n en cazip gayrimenkul f\u0131rsatlar\u0131ndan birini temsil ediyor. <\/p>\n","protected":false},"excerpt":{"rendered":"<p>Alanya&#8217;n\u0131n kalbinde, d\u00fcnyaca \u00fcnl\u00fc Kleopatra Plaj\u0131&#8217;na sadece 370 metre ve Alanya&#8217;n\u0131n hareketli \u015fehir merkezine sadece 200 metre uzakl\u0131kta bulunan modern<\/p>\n","protected":false},"featured_media":23064,"comment_status":"open","ping_status":"closed","template":"","meta":[],"product_cat":[77],"product_tag":[],"country":[109],"district":[214],"selling-type":[118],"property-type":[120],"location":[152],"property-city":[124],"class_list":{"0":"post-23071","1":"product","2":"type-product","3":"status-publish","4":"has-post-thumbnail","6":"product_cat-acil-satilik","7":"country-turkey-tr","8":"district-center-tr","9":"selling-type-resale-tr","10":"property-type-apartment-tr","11":"location-alanya-tr","12":"property-city-antalya-tr","14":"first","15":"instock","16":"shipping-taxable","17":"purchasable","18":"product-type-simple"},"_links":{"self":[{"href":"https:\/\/www.onurkoserealestate.com\/tr\/wp-json\/wp\/v2\/product\/23071","targetHints":{"allow":["GET"]}}],"collection":[{"href":"https:\/\/www.onurkoserealestate.com\/tr\/wp-json\/wp\/v2\/product"}],"about":[{"href":"https:\/\/www.onurkoserealestate.com\/tr\/wp-json\/wp\/v2\/types\/product"}],"replies":[{"embeddable":true,"href":"https:\/\/www.onurkoserealestate.com\/tr\/wp-json\/wp\/v2\/comments?post=23071"}],"wp:featuredmedia":[{"embeddable":true,"href":"https:\/\/www.onurkoserealestate.com\/tr\/wp-json\/wp\/v2\/media\/23064"}],"wp:attachment":[{"href":"https:\/\/www.onurkoserealestate.com\/tr\/wp-json\/wp\/v2\/media?parent=23071"}],"wp:term":[{"taxonomy":"product_cat","embeddable":true,"href":"https:\/\/www.onurkoserealestate.com\/tr\/wp-json\/wp\/v2\/product_cat?post=23071"},{"taxonomy":"product_tag","embeddable":true,"href":"https:\/\/www.onurkoserealestate.com\/tr\/wp-json\/wp\/v2\/product_tag?post=23071"},{"taxonomy":"country","embeddable":true,"href":"https:\/\/www.onurkoserealestate.com\/tr\/wp-json\/wp\/v2\/country?post=23071"},{"taxonomy":"district","embeddable":true,"href":"https:\/\/www.onurkoserealestate.com\/tr\/wp-json\/wp\/v2\/district?post=23071"},{"taxonomy":"selling-type","embeddable":true,"href":"https:\/\/www.onurkoserealestate.com\/tr\/wp-json\/wp\/v2\/selling-type?post=23071"},{"taxonomy":"property-type","embeddable":true,"href":"https:\/\/www.onurkoserealestate.com\/tr\/wp-json\/wp\/v2\/property-type?post=23071"},{"taxonomy":"location","embeddable":true,"href":"https:\/\/www.onurkoserealestate.com\/tr\/wp-json\/wp\/v2\/location?post=23071"},{"taxonomy":"property-city","embeddable":true,"href":"https:\/\/www.onurkoserealestate.com\/tr\/wp-json\/wp\/v2\/property-city?post=23071"}],"curies":[{"name":"wp","href":"https:\/\/api.w.org\/{rel}","templated":true}]}}