{"id":23139,"date":"2025-09-09T07:16:14","date_gmt":"2025-09-09T07:16:14","guid":{"rendered":"https:\/\/www.onurkoserealestate.com\/product\/legend-loft-avsallar-mukemmel-konumda-sik-konfor\/"},"modified":"2025-09-09T07:16:14","modified_gmt":"2025-09-09T07:16:14","slug":"legend-loft-avsallar-stylish-comfort-in-a-prime-location","status":"publish","type":"product","link":"https:\/\/www.onurkoserealestate.com\/tr\/product\/legend-loft-avsallar-stylish-comfort-in-a-prime-location\/","title":{"rendered":"Legend Loft Avsallar \u2013 M\u00fckemmel Konumda \u015e\u0131k Konfor"},"content":{"rendered":"<p data-start=\"305\" data-end=\"646\">Alanya&#8217;n\u0131n huzurlu Avsallar b\u00f6lgesinde bulunan \u015f\u0131k ve tamamen mobilyal\u0131 1+1 daire Legend Loft&#8217;a ho\u015f geldiniz. 2025 y\u0131l\u0131nda tamamlanmas\u0131 planlanan bu yepyeni m\u00fclk, B Blok&#8217;un 2. kat\u0131nda 60 m\u00b2&#8217;lik modern ya\u015fam alan\u0131, 1 banyo, 1 balkon ve zarif tasar\u0131m detaylar\u0131 sunmaktad\u0131r. <\/p>\n<p data-start=\"648\" data-end=\"939\">Plaja sadece 1.200 metre ve hareketli Avsallar merkezine 800 metre uzakl\u0131kta bulunan bu daire, denizin ve \u015fehrin tad\u0131n\u0131 \u00e7\u0131karmak i\u00e7in yeterince yak\u0131n, ancak huzur i\u00e7inde dinlenmek i\u00e7in yeterince uzak, dengeli bir ya\u015fam tarz\u0131 sunar. Tatil ya\u015fam\u0131, uzun s\u00fcreli ikamet veya kiral\u0131k yat\u0131r\u0131m i\u00e7in ideal bir se\u00e7imdir. <\/p>\n<p data-start=\"941\" data-end=\"1287\">Legend Loft, kapal\u0131 ve a\u00e7\u0131k y\u00fczme havuzlar\u0131, T\u00fcrk hamam\u0131, fitness merkezi, sauna, bah\u00e7e, sinema salonu, lobi, otopark, asans\u00f6r ve yedek jenerat\u00f6r gibi eksiksiz bir \u00fcst d\u00fczey olanak yelpazesine sahiptir. Her ayr\u0131nt\u0131, konforunuzu ve ya\u015fam kalitenizi art\u0131rmak i\u00e7in tasarlanm\u0131\u015ft\u0131r. <\/p>\n<p data-start=\"1289\" data-end=\"1493\">Alanya&#8217;da gayrimenkul yat\u0131r\u0131m\u0131 yapmak ya da Akdeniz k\u0131y\u0131s\u0131nda l\u00fcks bir ya\u015fam s\u00fcrmek istiyorsan\u0131z, Avsallar&#8217;daki Legend Loft&#8217;ta bulunan bu daire ka\u00e7\u0131r\u0131lmayacak harika bir f\u0131rsat.<\/p>\n","protected":false},"excerpt":{"rendered":"<p>Alanya&#8217;n\u0131n huzurlu Avsallar b\u00f6lgesinde bulunan \u015f\u0131k ve tamamen mobilyal\u0131 1+1 daire Legend Loft&#8217;a ho\u015f geldiniz. 2025 y\u0131l\u0131nda tamamlanmas\u0131 planlanan bu<\/p>\n","protected":false},"featured_media":0,"comment_status":"open","ping_status":"closed","template":"","meta":[],"product_cat":[77],"product_tag":[],"country":[109],"district":[153],"selling-type":[118],"property-type":[120],"location":[152],"property-city":[124],"class_list":{"0":"post-23139","1":"product","2":"type-product","3":"status-publish","5":"product_cat-acil-satilik","6":"country-turkey-tr","7":"district-avsallar-tr","8":"selling-type-resale-tr","9":"property-type-apartment-tr","10":"location-alanya-tr","11":"property-city-antalya-tr","13":"first","14":"instock","15":"shipping-taxable","16":"purchasable","17":"product-type-simple"},"_links":{"self":[{"href":"https:\/\/www.onurkoserealestate.com\/tr\/wp-json\/wp\/v2\/product\/23139","targetHints":{"allow":["GET"]}}],"collection":[{"href":"https:\/\/www.onurkoserealestate.com\/tr\/wp-json\/wp\/v2\/product"}],"about":[{"href":"https:\/\/www.onurkoserealestate.com\/tr\/wp-json\/wp\/v2\/types\/product"}],"replies":[{"embeddable":true,"href":"https:\/\/www.onurkoserealestate.com\/tr\/wp-json\/wp\/v2\/comments?post=23139"}],"wp:attachment":[{"href":"https:\/\/www.onurkoserealestate.com\/tr\/wp-json\/wp\/v2\/media?parent=23139"}],"wp:term":[{"taxonomy":"product_cat","embeddable":true,"href":"https:\/\/www.onurkoserealestate.com\/tr\/wp-json\/wp\/v2\/product_cat?post=23139"},{"taxonomy":"product_tag","embeddable":true,"href":"https:\/\/www.onurkoserealestate.com\/tr\/wp-json\/wp\/v2\/product_tag?post=23139"},{"taxonomy":"country","embeddable":true,"href":"https:\/\/www.onurkoserealestate.com\/tr\/wp-json\/wp\/v2\/country?post=23139"},{"taxonomy":"district","embeddable":true,"href":"https:\/\/www.onurkoserealestate.com\/tr\/wp-json\/wp\/v2\/district?post=23139"},{"taxonomy":"selling-type","embeddable":true,"href":"https:\/\/www.onurkoserealestate.com\/tr\/wp-json\/wp\/v2\/selling-type?post=23139"},{"taxonomy":"property-type","embeddable":true,"href":"https:\/\/www.onurkoserealestate.com\/tr\/wp-json\/wp\/v2\/property-type?post=23139"},{"taxonomy":"location","embeddable":true,"href":"https:\/\/www.onurkoserealestate.com\/tr\/wp-json\/wp\/v2\/location?post=23139"},{"taxonomy":"property-city","embeddable":true,"href":"https:\/\/www.onurkoserealestate.com\/tr\/wp-json\/wp\/v2\/property-city?post=23139"}],"curies":[{"name":"wp","href":"https:\/\/api.w.org\/{rel}","templated":true}]}}