{"id":23252,"date":"2025-09-09T07:34:16","date_gmt":"2025-09-09T07:34:16","guid":{"rendered":"https:\/\/www.onurkoserealestate.com\/product\/avsallarda-tatil-koyu-yasamini-yasayin-nobby-garden-1-residence\/"},"modified":"2025-09-09T07:34:16","modified_gmt":"2025-09-09T07:34:16","slug":"live-the-resort-life-in-avsallar-nobby-garden-1-residence","status":"publish","type":"product","link":"https:\/\/www.onurkoserealestate.com\/tr\/product\/live-the-resort-life-in-avsallar-nobby-garden-1-residence\/","title":{"rendered":"Avsallar&#8217;da Tatil K\u00f6y\u00fc Ya\u015fam\u0131n\u0131 Ya\u015fay\u0131n \u2013 Nobby Garden 1 Residence"},"content":{"rendered":"<p data-start=\"301\" data-end=\"737\">Alanya&#8217;n\u0131n pop\u00fcler Avsallar b\u00f6lgesinde, plaja sadece 800 metre ve \u015fehir merkezine 500 metre uzakl\u0131kta bulunan ola\u011fan\u00fcst\u00fc bir 1+1 daire olan Nobby Garden 1&#8217;e ho\u015f geldiniz. B blo\u011funun 5. kat\u0131nda yer alan bu 58 m\u00b2&#8217;lik daire, Aral\u0131k 2023&#8217;te tamamlanm\u0131\u015f olup 1 banyo, 1 balkon ve modern i\u00e7 mekanlara sahiptir. T\u00fcm y\u0131l boyunca konforlu bir ya\u015fam veya tatil konaklamalar\u0131 i\u00e7in m\u00fckemmeldir. <\/p>\n<p data-start=\"739\" data-end=\"1160\">Konut, su kayd\u0131rakl\u0131 a\u00e7\u0131k y\u00fczme havuzu, \u00e7ocuk havuzu, \u00e7ocuk b\u00f6l\u00fcm\u00fc olan \u0131s\u0131tmal\u0131 kapal\u0131 y\u00fczme havuzu, fitness merkezi, T\u00fcrk hamam\u0131, sauna, masaj odalar\u0131, bilardo, mini sinema, barbek\u00fc alan\u0131, \u00e7ocuk oyun alan\u0131 ve \u00e7ocuk oyun odas\u0131, g\u00fczel peyzajl\u0131 bah\u00e7e ve hatta tenis kortu gibi etkileyici bir dizi tatil k\u00f6y\u00fc tarz\u0131 olanak sunmaktad\u0131r.<\/p>\n<p data-start=\"1162\" data-end=\"1364\">Ekstra kolayl\u0131klar aras\u0131nda kapal\u0131 ve a\u00e7\u0131k otopark, uydu TV, asans\u00f6rler, yedek jenerat\u00f6r, 7\/24 video g\u00f6zetimi ve huzur i\u00e7in tesis i\u00e7inde g\u00fcvenlik g\u00f6revlisi bulunmaktad\u0131r.<\/p>\n<p data-start=\"1366\" data-end=\"1664\">M\u00fckemmel konumu, kapsaml\u0131 olanaklar\u0131 ve modern tasar\u0131m\u0131yla bu tam hizmetli daire, Alanya&#8217;n\u0131n h\u0131zla geli\u015fen Avsallar b\u00f6lgesinde hem ideal bir yat\u0131r\u0131m hem de l\u00fcks bir ya\u015fam tarz\u0131 sunuyor. \u0130ster ta\u015f\u0131n\u0131yor, ister yat\u0131r\u0131m yap\u0131yor, ister tatil yap\u0131yor olun, Nobby Garden 1 eviniz gibi hissedece\u011finiz bir yer. <\/p>\n","protected":false},"excerpt":{"rendered":"<p>Alanya&#8217;n\u0131n pop\u00fcler Avsallar b\u00f6lgesinde, plaja sadece 800 metre ve \u015fehir merkezine 500 metre uzakl\u0131kta bulunan ola\u011fan\u00fcst\u00fc bir 1+1 daire olan<\/p>\n","protected":false},"featured_media":23149,"comment_status":"open","ping_status":"closed","template":"","meta":[],"product_cat":[77],"product_tag":[],"country":[109],"district":[153],"selling-type":[118],"property-type":[120],"location":[152],"property-city":[124],"class_list":{"0":"post-23252","1":"product","2":"type-product","3":"status-publish","4":"has-post-thumbnail","6":"product_cat-acil-satilik","7":"country-turkey-tr","8":"district-avsallar-tr","9":"selling-type-resale-tr","10":"property-type-apartment-tr","11":"location-alanya-tr","12":"property-city-antalya-tr","14":"first","15":"instock","16":"shipping-taxable","17":"purchasable","18":"product-type-simple"},"_links":{"self":[{"href":"https:\/\/www.onurkoserealestate.com\/tr\/wp-json\/wp\/v2\/product\/23252","targetHints":{"allow":["GET"]}}],"collection":[{"href":"https:\/\/www.onurkoserealestate.com\/tr\/wp-json\/wp\/v2\/product"}],"about":[{"href":"https:\/\/www.onurkoserealestate.com\/tr\/wp-json\/wp\/v2\/types\/product"}],"replies":[{"embeddable":true,"href":"https:\/\/www.onurkoserealestate.com\/tr\/wp-json\/wp\/v2\/comments?post=23252"}],"wp:featuredmedia":[{"embeddable":true,"href":"https:\/\/www.onurkoserealestate.com\/tr\/wp-json\/wp\/v2\/media\/23149"}],"wp:attachment":[{"href":"https:\/\/www.onurkoserealestate.com\/tr\/wp-json\/wp\/v2\/media?parent=23252"}],"wp:term":[{"taxonomy":"product_cat","embeddable":true,"href":"https:\/\/www.onurkoserealestate.com\/tr\/wp-json\/wp\/v2\/product_cat?post=23252"},{"taxonomy":"product_tag","embeddable":true,"href":"https:\/\/www.onurkoserealestate.com\/tr\/wp-json\/wp\/v2\/product_tag?post=23252"},{"taxonomy":"country","embeddable":true,"href":"https:\/\/www.onurkoserealestate.com\/tr\/wp-json\/wp\/v2\/country?post=23252"},{"taxonomy":"district","embeddable":true,"href":"https:\/\/www.onurkoserealestate.com\/tr\/wp-json\/wp\/v2\/district?post=23252"},{"taxonomy":"selling-type","embeddable":true,"href":"https:\/\/www.onurkoserealestate.com\/tr\/wp-json\/wp\/v2\/selling-type?post=23252"},{"taxonomy":"property-type","embeddable":true,"href":"https:\/\/www.onurkoserealestate.com\/tr\/wp-json\/wp\/v2\/property-type?post=23252"},{"taxonomy":"location","embeddable":true,"href":"https:\/\/www.onurkoserealestate.com\/tr\/wp-json\/wp\/v2\/location?post=23252"},{"taxonomy":"property-city","embeddable":true,"href":"https:\/\/www.onurkoserealestate.com\/tr\/wp-json\/wp\/v2\/property-city?post=23252"}],"curies":[{"name":"wp","href":"https:\/\/api.w.org\/{rel}","templated":true}]}}