{"id":23304,"date":"2025-09-09T07:50:47","date_gmt":"2025-09-09T07:50:47","guid":{"rendered":"https:\/\/www.onurkoserealestate.com\/product\/avsallarda-aile-dostu-21-tasinmaya-hazir\/"},"modified":"2025-09-09T07:50:47","modified_gmt":"2025-09-09T07:50:47","slug":"family-friendly-21-in-avsallar-move-in-ready","status":"publish","type":"product","link":"https:\/\/www.onurkoserealestate.com\/tr\/product\/family-friendly-21-in-avsallar-move-in-ready\/","title":{"rendered":"Avsallar&#8217;da Aile Dostu 2+1 \u2013 Ta\u015f\u0131nmaya Haz\u0131r"},"content":{"rendered":"<p data-start=\"281\" data-end=\"708\">Alanya&#8217;n\u0131n huzurlu ve aile dostu Avsallar b\u00f6lgesinde bulunan, iyi tasarlanm\u0131\u015f 2+1 daire Larin Garden&#8217;da konforlu ve modern bir ya\u015fam deneyimi ya\u015fay\u0131n. 4. katta yer alan bu 94 m\u00b2&#8217;lik geni\u015f konut, Mart 2023&#8217;te tamamlanm\u0131\u015f olup, iki yatak odas\u0131, bir banyo ve geni\u015f bir ya\u015fam alan\u0131na sahip ak\u0131ll\u0131 bir yerle\u015fim plan\u0131 sunmaktad\u0131r. Kal\u0131c\u0131 ya\u015fam, tatil ama\u00e7l\u0131 konaklama veya kiral\u0131k yat\u0131r\u0131m i\u00e7in idealdir. <\/p>\n<p data-start=\"710\" data-end=\"1131\">Plaja sadece 1.000 metre ve \u015fehir merkezine 500 metre uzakl\u0131kta bulunan Larin Garden, denize kolay eri\u015fim ile ma\u011fazalara, kafelere ve yerel hizmetlere yak\u0131nl\u0131\u011f\u0131 bir araya getiriyor. Ya\u015fam tarz\u0131 ve i\u015flevsellik g\u00f6z \u00f6n\u00fcnde bulundurularak tasarlanan kompleks, y\u00fczme havuzu, fitness merkezi, peyzajl\u0131 bah\u00e7e, \u00e7ocuk oyun alan\u0131, yar\u0131 a\u00e7\u0131k oturma alanlar\u0131 ve yar\u0131 kapal\u0131 otopark alan\u0131na sahiptir. <\/p>\n<p data-start=\"1133\" data-end=\"1299\">Daha fazla rahatl\u0131k ve g\u00fcvenlik i\u00e7in binada \u00e7ift asans\u00f6r, yang\u0131n merdiveni ve yedek jenerat\u00f6r bulunmakta olup, her ko\u015fulda huzurlu bir ortam sa\u011flanmaktad\u0131r.<\/p>\n<p data-start=\"1301\" data-end=\"1517\">Aileniz, \u00e7iftiniz veya yat\u0131r\u0131mc\u0131 olman\u0131z fark etmez, Avsallar&#8217;daki bu \u015f\u0131k daire, Alanya&#8217;n\u0131n sundu\u011fu her \u015feyin tad\u0131n\u0131 \u00e7\u0131karmak i\u00e7in harika bir f\u0131rsat sunuyor \u2014 konfor, ferahl\u0131k ve modern olanaklar kap\u0131n\u0131z\u0131n \u00f6n\u00fcnde.<\/p>\n","protected":false},"excerpt":{"rendered":"<p>Alanya&#8217;n\u0131n huzurlu ve aile dostu Avsallar b\u00f6lgesinde bulunan, iyi tasarlanm\u0131\u015f 2+1 daire Larin Garden&#8217;da konforlu ve modern bir ya\u015fam deneyimi<\/p>\n","protected":false},"featured_media":23265,"comment_status":"open","ping_status":"closed","template":"","meta":[],"product_cat":[77],"product_tag":[],"country":[109],"district":[153],"selling-type":[118],"property-type":[120],"location":[152],"property-city":[124],"class_list":{"0":"post-23304","1":"product","2":"type-product","3":"status-publish","4":"has-post-thumbnail","6":"product_cat-acil-satilik","7":"country-turkey-tr","8":"district-avsallar-tr","9":"selling-type-resale-tr","10":"property-type-apartment-tr","11":"location-alanya-tr","12":"property-city-antalya-tr","14":"first","15":"instock","16":"shipping-taxable","17":"purchasable","18":"product-type-simple"},"_links":{"self":[{"href":"https:\/\/www.onurkoserealestate.com\/tr\/wp-json\/wp\/v2\/product\/23304","targetHints":{"allow":["GET"]}}],"collection":[{"href":"https:\/\/www.onurkoserealestate.com\/tr\/wp-json\/wp\/v2\/product"}],"about":[{"href":"https:\/\/www.onurkoserealestate.com\/tr\/wp-json\/wp\/v2\/types\/product"}],"replies":[{"embeddable":true,"href":"https:\/\/www.onurkoserealestate.com\/tr\/wp-json\/wp\/v2\/comments?post=23304"}],"wp:featuredmedia":[{"embeddable":true,"href":"https:\/\/www.onurkoserealestate.com\/tr\/wp-json\/wp\/v2\/media\/23265"}],"wp:attachment":[{"href":"https:\/\/www.onurkoserealestate.com\/tr\/wp-json\/wp\/v2\/media?parent=23304"}],"wp:term":[{"taxonomy":"product_cat","embeddable":true,"href":"https:\/\/www.onurkoserealestate.com\/tr\/wp-json\/wp\/v2\/product_cat?post=23304"},{"taxonomy":"product_tag","embeddable":true,"href":"https:\/\/www.onurkoserealestate.com\/tr\/wp-json\/wp\/v2\/product_tag?post=23304"},{"taxonomy":"country","embeddable":true,"href":"https:\/\/www.onurkoserealestate.com\/tr\/wp-json\/wp\/v2\/country?post=23304"},{"taxonomy":"district","embeddable":true,"href":"https:\/\/www.onurkoserealestate.com\/tr\/wp-json\/wp\/v2\/district?post=23304"},{"taxonomy":"selling-type","embeddable":true,"href":"https:\/\/www.onurkoserealestate.com\/tr\/wp-json\/wp\/v2\/selling-type?post=23304"},{"taxonomy":"property-type","embeddable":true,"href":"https:\/\/www.onurkoserealestate.com\/tr\/wp-json\/wp\/v2\/property-type?post=23304"},{"taxonomy":"location","embeddable":true,"href":"https:\/\/www.onurkoserealestate.com\/tr\/wp-json\/wp\/v2\/location?post=23304"},{"taxonomy":"property-city","embeddable":true,"href":"https:\/\/www.onurkoserealestate.com\/tr\/wp-json\/wp\/v2\/property-city?post=23304"}],"curies":[{"name":"wp","href":"https:\/\/api.w.org\/{rel}","templated":true}]}}