{"id":23410,"date":"2025-09-10T06:55:18","date_gmt":"2025-09-10T06:55:18","guid":{"rendered":"https:\/\/www.onurkoserealestate.com\/product\/alanyayi-kesfedin-avsallarda-yeni-bir-yasam-tarzi\/"},"modified":"2025-09-10T06:55:18","modified_gmt":"2025-09-10T06:55:18","slug":"discover-alanya-a-new-way-of-living-in-avsallar","status":"publish","type":"product","link":"https:\/\/www.onurkoserealestate.com\/tr\/product\/discover-alanya-a-new-way-of-living-in-avsallar\/","title":{"rendered":"Alanya&#8217;y\u0131 Ke\u015ffedin: Avsallar&#8217;da Yeni Bir Ya\u015fam Tarz\u0131"},"content":{"rendered":"<p data-start=\"228\" data-end=\"730\">Alanya&#8217;da bir hayat hayal ediyorsan\u0131z, Avsallar&#8217;daki Nobby Garden 1 ba\u015flamak i\u00e7in m\u00fckemmel bir yer. B blo\u011funun 2. kat\u0131nda bulunan bu yepyeni 1+1 daire, 1 banyo ve 1 balkon dahil olmak \u00fczere 58 m\u00b2&#8217;lik modern ya\u015fam alan\u0131 sunmaktad\u0131r. Aral\u0131k 2023&#8217;te in\u015fa edilen bu konut, Alanya&#8217;n\u0131n g\u00fczel plajlar\u0131na sadece 800 metre ve hareketli \u015fehir merkezine sadece 500 metre uzakl\u0131ktad\u0131r. Alanya, do\u011fal g\u00fczelli\u011fi ve kentsel rahatl\u0131\u011f\u0131yla bilinir ve bu m\u00fclk bu dengeyi m\u00fckemmel bir \u015fekilde yakalar.   <\/p>\n<p data-start=\"732\" data-end=\"1445\">Alanya&#8217;da ya\u015famak, a\u00e7\u0131k ve \u0131s\u0131tmal\u0131 kapal\u0131 havuzlar, \u00e7ocuk havuzlar\u0131, su kayd\u0131raklar\u0131, tam donan\u0131ml\u0131 spor salonu, T\u00fcrk hamam\u0131, sauna, Roma buhar odas\u0131, masaj odalar\u0131 ve mini sinema gibi l\u00fcks olanaklar\u0131n keyfini \u00e7\u0131karmak anlam\u0131na gelir. Alanya&#8217;daki aileler, peyzajl\u0131 bah\u00e7e, \u00e7ocuk oyun alanlar\u0131 ve kapal\u0131 oyun odalar\u0131n\u0131 \u00e7ok sevecekler. Rezidans ayr\u0131ca tenis kortu, a\u00e7\u0131k ve kapal\u0131 otopark, barbek\u00fc alan\u0131, asans\u00f6rler, uydu sistemi, jenerat\u00f6r ve 7\/24 video g\u00f6zetimi ile tesis i\u00e7i g\u00fcvenlik hizmetleri sunmaktad\u0131r. Alanya sadece s\u0131cak iklimi ve muhte\u015fem do\u011fas\u0131 ile de\u011fil, ayn\u0131 zamanda canl\u0131 ve g\u00fcvenli bir ya\u015fam tarz\u0131 ile de \u00f6ne \u00e7\u0131kmaktad\u0131r. \u0130ster yat\u0131r\u0131m yapmak ister ta\u015f\u0131nmak isteyin, Alanya&#8217;daki Nobby Garden 1 konfor ve huzur i\u00e7in ihtiyac\u0131n\u0131z olan her \u015feyi sunmaktad\u0131r.    <\/p>\n","protected":false},"excerpt":{"rendered":"<p>Alanya&#8217;da bir hayat hayal ediyorsan\u0131z, Avsallar&#8217;daki Nobby Garden 1 ba\u015flamak i\u00e7in m\u00fckemmel bir yer. B blo\u011funun 2. kat\u0131nda bulunan bu<\/p>\n","protected":false},"featured_media":23318,"comment_status":"open","ping_status":"closed","template":"","meta":[],"product_cat":[77,95],"product_tag":[],"country":[109],"district":[153],"selling-type":[118],"property-type":[120],"location":[152],"property-city":[124],"class_list":{"0":"post-23410","1":"product","2":"type-product","3":"status-publish","4":"has-post-thumbnail","6":"product_cat-acil-satilik","7":"product_cat-havuz-manzarasi","8":"country-turkey-tr","9":"district-avsallar-tr","10":"selling-type-resale-tr","11":"property-type-apartment-tr","12":"location-alanya-tr","13":"property-city-antalya-tr","15":"first","16":"instock","17":"shipping-taxable","18":"purchasable","19":"product-type-simple"},"_links":{"self":[{"href":"https:\/\/www.onurkoserealestate.com\/tr\/wp-json\/wp\/v2\/product\/23410","targetHints":{"allow":["GET"]}}],"collection":[{"href":"https:\/\/www.onurkoserealestate.com\/tr\/wp-json\/wp\/v2\/product"}],"about":[{"href":"https:\/\/www.onurkoserealestate.com\/tr\/wp-json\/wp\/v2\/types\/product"}],"replies":[{"embeddable":true,"href":"https:\/\/www.onurkoserealestate.com\/tr\/wp-json\/wp\/v2\/comments?post=23410"}],"wp:featuredmedia":[{"embeddable":true,"href":"https:\/\/www.onurkoserealestate.com\/tr\/wp-json\/wp\/v2\/media\/23318"}],"wp:attachment":[{"href":"https:\/\/www.onurkoserealestate.com\/tr\/wp-json\/wp\/v2\/media?parent=23410"}],"wp:term":[{"taxonomy":"product_cat","embeddable":true,"href":"https:\/\/www.onurkoserealestate.com\/tr\/wp-json\/wp\/v2\/product_cat?post=23410"},{"taxonomy":"product_tag","embeddable":true,"href":"https:\/\/www.onurkoserealestate.com\/tr\/wp-json\/wp\/v2\/product_tag?post=23410"},{"taxonomy":"country","embeddable":true,"href":"https:\/\/www.onurkoserealestate.com\/tr\/wp-json\/wp\/v2\/country?post=23410"},{"taxonomy":"district","embeddable":true,"href":"https:\/\/www.onurkoserealestate.com\/tr\/wp-json\/wp\/v2\/district?post=23410"},{"taxonomy":"selling-type","embeddable":true,"href":"https:\/\/www.onurkoserealestate.com\/tr\/wp-json\/wp\/v2\/selling-type?post=23410"},{"taxonomy":"property-type","embeddable":true,"href":"https:\/\/www.onurkoserealestate.com\/tr\/wp-json\/wp\/v2\/property-type?post=23410"},{"taxonomy":"location","embeddable":true,"href":"https:\/\/www.onurkoserealestate.com\/tr\/wp-json\/wp\/v2\/location?post=23410"},{"taxonomy":"property-city","embeddable":true,"href":"https:\/\/www.onurkoserealestate.com\/tr\/wp-json\/wp\/v2\/property-city?post=23410"}],"curies":[{"name":"wp","href":"https:\/\/api.w.org\/{rel}","templated":true}]}}