{"id":23463,"date":"2025-09-10T08:03:25","date_gmt":"2025-09-10T08:03:25","guid":{"rendered":"https:\/\/www.onurkoserealestate.com\/product\/alanyanin-en-iyi-yasam-tarzi-lemon-garden-cikcilli\/"},"modified":"2025-09-10T08:03:25","modified_gmt":"2025-09-10T08:03:25","slug":"alanya-lifestyle-at-its-best-lemon-garden-cikcilli","status":"publish","type":"product","link":"https:\/\/www.onurkoserealestate.com\/tr\/product\/alanya-lifestyle-at-its-best-lemon-garden-cikcilli\/","title":{"rendered":"Alanya&#8217;n\u0131n En \u0130yi Ya\u015fam Tarz\u0131 \u2013 Lemon Garden, \u00c7ikcilli"},"content":{"rendered":"<p data-start=\"242\" data-end=\"737\">Konfor ve rahatl\u0131\u011f\u0131n Cikcilli&#8217;nin kalbinde bulu\u015ftu\u011fu Alanya&#8217;ya ho\u015f geldiniz. Pop\u00fcler Lemon Garden kompleksinde bulunan, B Blok&#8217;un 3. kat\u0131ndaki bu tam donan\u0131ml\u0131 1+1 daire, 1 banyo ve 1 balkon dahil olmak \u00fczere 60 m\u00b2&#8217;lik iyi tasarlanm\u0131\u015f ya\u015fam alan\u0131 sunmaktad\u0131r. 2008 y\u0131l\u0131nda in\u015fa edilen m\u00fclk, Alanya&#8217;n\u0131n muhte\u015fem plajlar\u0131na sadece 700 metre ve hareketli \u015fehir merkezine sadece 250 metre uzakl\u0131ktad\u0131r. \u0130ster yat\u0131r\u0131m yapmak ister ta\u015f\u0131nmak isteyin, Alanya&#8217;daki bu daire harika bir f\u0131rsatt\u0131r.   <\/p>\n<p data-start=\"739\" data-end=\"1434\">Alanya&#8217;n\u0131n Lemon Garden&#8217;daki ya\u015fam, ola\u011fan\u00fcst\u00fc olanaklarla donat\u0131lm\u0131\u015ft\u0131r. Sakinler a\u00e7\u0131k y\u00fczme havuzu, kapal\u0131 y\u00fczme havuzu, su park\u0131, sauna, T\u00fcrk hamam\u0131, buhar odas\u0131, masaj odas\u0131 ve tam donan\u0131ml\u0131 fitness merkezinin keyfini \u00e7\u0131karabilirler. Alanya, rahat Akdeniz ya\u015fam tarz\u0131yla tan\u0131n\u0131r ve bu kompleks, \u00e7ardaklar, barbek\u00fc alanlar\u0131, bilardo, masa tenisi ve otopark gibi \u00f6zellikleriyle bunu daha da zenginle\u015ftirir. Asans\u00f6r, jenerat\u00f6r ve tesis i\u00e7i olanaklar ekstra konfor sa\u011flar. Alanya&#8217;da ya\u015famak, do\u011fal g\u00fczellikler, g\u00fcne\u015f \u0131\u015f\u0131\u011f\u0131 ve s\u0131cakkanl\u0131 bir toplulukla \u00e7evrili olmak demektir. Konumu, olanaklar\u0131 ve tamamen mobilyal\u0131 i\u00e7 mekan\u0131 ile bu daire, Alanya&#8217;da huzurlu ve keyifli bir ya\u015fam i\u00e7in ihtiyac\u0131n\u0131z olan her \u015feyi sunar.     <\/p>\n","protected":false},"excerpt":{"rendered":"<p>Konfor ve rahatl\u0131\u011f\u0131n Cikcilli&#8217;nin kalbinde bulu\u015ftu\u011fu Alanya&#8217;ya ho\u015f geldiniz. Pop\u00fcler Lemon Garden kompleksinde bulunan, B Blok&#8217;un 3. kat\u0131ndaki bu tam<\/p>\n","protected":false},"featured_media":23435,"comment_status":"open","ping_status":"closed","template":"","meta":[],"product_cat":[77,95],"product_tag":[],"country":[109],"district":[219],"selling-type":[118],"property-type":[120],"location":[152],"property-city":[124],"class_list":{"0":"post-23463","1":"product","2":"type-product","3":"status-publish","4":"has-post-thumbnail","6":"product_cat-acil-satilik","7":"product_cat-havuz-manzarasi","8":"country-turkey-tr","9":"district-cikcilli-tr","10":"selling-type-resale-tr","11":"property-type-apartment-tr","12":"location-alanya-tr","13":"property-city-antalya-tr","15":"first","16":"instock","17":"shipping-taxable","18":"purchasable","19":"product-type-simple"},"_links":{"self":[{"href":"https:\/\/www.onurkoserealestate.com\/tr\/wp-json\/wp\/v2\/product\/23463","targetHints":{"allow":["GET"]}}],"collection":[{"href":"https:\/\/www.onurkoserealestate.com\/tr\/wp-json\/wp\/v2\/product"}],"about":[{"href":"https:\/\/www.onurkoserealestate.com\/tr\/wp-json\/wp\/v2\/types\/product"}],"replies":[{"embeddable":true,"href":"https:\/\/www.onurkoserealestate.com\/tr\/wp-json\/wp\/v2\/comments?post=23463"}],"wp:featuredmedia":[{"embeddable":true,"href":"https:\/\/www.onurkoserealestate.com\/tr\/wp-json\/wp\/v2\/media\/23435"}],"wp:attachment":[{"href":"https:\/\/www.onurkoserealestate.com\/tr\/wp-json\/wp\/v2\/media?parent=23463"}],"wp:term":[{"taxonomy":"product_cat","embeddable":true,"href":"https:\/\/www.onurkoserealestate.com\/tr\/wp-json\/wp\/v2\/product_cat?post=23463"},{"taxonomy":"product_tag","embeddable":true,"href":"https:\/\/www.onurkoserealestate.com\/tr\/wp-json\/wp\/v2\/product_tag?post=23463"},{"taxonomy":"country","embeddable":true,"href":"https:\/\/www.onurkoserealestate.com\/tr\/wp-json\/wp\/v2\/country?post=23463"},{"taxonomy":"district","embeddable":true,"href":"https:\/\/www.onurkoserealestate.com\/tr\/wp-json\/wp\/v2\/district?post=23463"},{"taxonomy":"selling-type","embeddable":true,"href":"https:\/\/www.onurkoserealestate.com\/tr\/wp-json\/wp\/v2\/selling-type?post=23463"},{"taxonomy":"property-type","embeddable":true,"href":"https:\/\/www.onurkoserealestate.com\/tr\/wp-json\/wp\/v2\/property-type?post=23463"},{"taxonomy":"location","embeddable":true,"href":"https:\/\/www.onurkoserealestate.com\/tr\/wp-json\/wp\/v2\/location?post=23463"},{"taxonomy":"property-city","embeddable":true,"href":"https:\/\/www.onurkoserealestate.com\/tr\/wp-json\/wp\/v2\/property-city?post=23463"}],"curies":[{"name":"wp","href":"https:\/\/api.w.org\/{rel}","templated":true}]}}