{"id":23516,"date":"2025-09-10T09:25:14","date_gmt":"2025-09-10T09:25:14","guid":{"rendered":"https:\/\/www.onurkoserealestate.com\/product\/alanyada-denizden-sadece-400-metre-uzaklikta-sik-11-daire\/"},"modified":"2025-09-10T09:25:14","modified_gmt":"2025-09-10T09:25:14","slug":"stylish-11-apartment-in-alanya-just-400m-from-the-sea","status":"publish","type":"product","link":"https:\/\/www.onurkoserealestate.com\/tr\/product\/stylish-11-apartment-in-alanya-just-400m-from-the-sea\/","title":{"rendered":"Alanya&#8217;da Denizden Sadece 400 Metre Uzakl\u0131kta \u015e\u0131k 1+1 Daire"},"content":{"rendered":"<p data-start=\"237\" data-end=\"711\">Zodiac 2 Residence&#8217;da bulunan bu tamamen mobilyal\u0131 1+1 daire ile Alanya&#8217;n\u0131n hareketli Mahmutlar semtinde modern bir ya\u015fam tarz\u0131n\u0131 ke\u015ffedin. 1. katta bulunan ve 50 m\u00b2&#8217;lik kullan\u0131\u015fl\u0131 ya\u015fam alan\u0131 sunan bu daire, 1 banyo ve 1 balkona sahiptir ve Alanya&#8217;n\u0131n s\u0131cak ikliminin tad\u0131n\u0131 \u00e7\u0131karmak i\u00e7in m\u00fckemmeldir. 2021 y\u0131l\u0131nda in\u015fa edilen bina, \u0131\u015f\u0131lt\u0131l\u0131 Akdeniz&#8217;e sadece 400 metre ve Alanya&#8217;n\u0131n en dinamik b\u00f6lgelerinden biri olan Mahmutlar&#8217;\u0131n merkezine sadece 200 metre uzakl\u0131ktad\u0131r.  <\/p>\n<p data-start=\"713\" data-end=\"1434\">Alanya&#8217;da ya\u015famak sadece g\u00fcne\u015f ve denizden ibaret de\u011fildir; konfor ve kalitenin tad\u0131n\u0131 \u00e7\u0131karmak demektir. Zodiac 2, g\u00fcnl\u00fck hayat\u0131 tatil gibi hissettiren olanaklar sunar. Sakinler, tam donan\u0131ml\u0131 bir fitness merkezi, buhar odas\u0131, dinlendirici bir salon alan\u0131, g\u00fczel bir y\u00fczme havuzu ve s\u0131cak bir lobiden yararlanabilirler. Alanya, aile dostu atmosferiyle bilinir ve bu kompleks, \u00e7ocuk oyun alan\u0131, barbek\u00fc alan\u0131, bisiklet park yeri ve kesintisiz konfor i\u00e7in jenerat\u00f6r i\u00e7erir. Ak\u0131ll\u0131 bir yat\u0131r\u0131m m\u0131, yoksa huzurlu bir ya\u015fam alan\u0131 m\u0131 ar\u0131yorsan\u0131z, Mahmutlar&#8217;daki bu Alanya m\u00fclk\u00fc her ikisinin de en iyisini sunar: merkezi konum, modern tasar\u0131m ve tam donan\u0131ml\u0131 mobilyalar. Zodiac 2&#8217;de Alanya&#8217;da ya\u015faman\u0131n rahatl\u0131\u011f\u0131n\u0131 deneyimleyin.     <\/p>\n","protected":false},"excerpt":{"rendered":"<p>Zodiac 2 Residence&#8217;da bulunan bu tamamen mobilyal\u0131 1+1 daire ile Alanya&#8217;n\u0131n hareketli Mahmutlar semtinde modern bir ya\u015fam tarz\u0131n\u0131 ke\u015ffedin. 1.<\/p>\n","protected":false},"featured_media":23468,"comment_status":"open","ping_status":"closed","template":"","meta":[],"product_cat":[77,95],"product_tag":[],"country":[109],"district":[186],"selling-type":[118],"property-type":[120],"location":[152],"property-city":[124],"class_list":{"0":"post-23516","1":"product","2":"type-product","3":"status-publish","4":"has-post-thumbnail","6":"product_cat-acil-satilik","7":"product_cat-havuz-manzarasi","8":"country-turkey-tr","9":"district-mahmutlar-tr","10":"selling-type-resale-tr","11":"property-type-apartment-tr","12":"location-alanya-tr","13":"property-city-antalya-tr","15":"first","16":"instock","17":"shipping-taxable","18":"purchasable","19":"product-type-simple"},"_links":{"self":[{"href":"https:\/\/www.onurkoserealestate.com\/tr\/wp-json\/wp\/v2\/product\/23516","targetHints":{"allow":["GET"]}}],"collection":[{"href":"https:\/\/www.onurkoserealestate.com\/tr\/wp-json\/wp\/v2\/product"}],"about":[{"href":"https:\/\/www.onurkoserealestate.com\/tr\/wp-json\/wp\/v2\/types\/product"}],"replies":[{"embeddable":true,"href":"https:\/\/www.onurkoserealestate.com\/tr\/wp-json\/wp\/v2\/comments?post=23516"}],"wp:featuredmedia":[{"embeddable":true,"href":"https:\/\/www.onurkoserealestate.com\/tr\/wp-json\/wp\/v2\/media\/23468"}],"wp:attachment":[{"href":"https:\/\/www.onurkoserealestate.com\/tr\/wp-json\/wp\/v2\/media?parent=23516"}],"wp:term":[{"taxonomy":"product_cat","embeddable":true,"href":"https:\/\/www.onurkoserealestate.com\/tr\/wp-json\/wp\/v2\/product_cat?post=23516"},{"taxonomy":"product_tag","embeddable":true,"href":"https:\/\/www.onurkoserealestate.com\/tr\/wp-json\/wp\/v2\/product_tag?post=23516"},{"taxonomy":"country","embeddable":true,"href":"https:\/\/www.onurkoserealestate.com\/tr\/wp-json\/wp\/v2\/country?post=23516"},{"taxonomy":"district","embeddable":true,"href":"https:\/\/www.onurkoserealestate.com\/tr\/wp-json\/wp\/v2\/district?post=23516"},{"taxonomy":"selling-type","embeddable":true,"href":"https:\/\/www.onurkoserealestate.com\/tr\/wp-json\/wp\/v2\/selling-type?post=23516"},{"taxonomy":"property-type","embeddable":true,"href":"https:\/\/www.onurkoserealestate.com\/tr\/wp-json\/wp\/v2\/property-type?post=23516"},{"taxonomy":"location","embeddable":true,"href":"https:\/\/www.onurkoserealestate.com\/tr\/wp-json\/wp\/v2\/location?post=23516"},{"taxonomy":"property-city","embeddable":true,"href":"https:\/\/www.onurkoserealestate.com\/tr\/wp-json\/wp\/v2\/property-city?post=23516"}],"curies":[{"name":"wp","href":"https:\/\/api.w.org\/{rel}","templated":true}]}}