{"id":23773,"date":"2025-09-17T10:05:35","date_gmt":"2025-09-17T10:05:35","guid":{"rendered":"https:\/\/www.onurkoserealestate.com\/product\/alanyadaki-gelecekteki-eviniz-yekta-kingdomda-luks-11\/"},"modified":"2025-09-17T10:05:35","modified_gmt":"2025-09-17T10:05:35","slug":"your-future-home-in-alanya-luxury-11-in-yekta-kingdom","status":"publish","type":"product","link":"https:\/\/www.onurkoserealestate.com\/tr\/product\/your-future-home-in-alanya-luxury-11-in-yekta-kingdom\/","title":{"rendered":"Alanya&#8217;daki Gelecekteki Eviniz \u2013 Yekta Kingdom&#8217;da L\u00fcks 1+1"},"content":{"rendered":"<p data-start=\"251\" data-end=\"693\">Alanya&#8217;n\u0131n kalbinde modern bir ya\u015fam tarz\u0131 m\u0131 ar\u0131yorsunuz? Alanya&#8217;n\u0131n pop\u00fcler Mahmutlar b\u00f6lgesinde bulunan Yekta Kingdom Premium Residence&#8217;da yer alan bu yepyeni 1+1 daire, l\u00fcks, konfor ve konumun m\u00fckemmel birle\u015fimini sunuyor. D blo\u011funun 8. kat\u0131nda yer alan 68 m\u00b2&#8217;lik daire, g\u00fcne\u015fli Alanya&#8217;da konforunuz i\u00e7in tasarlanm\u0131\u015f geni\u015f bir yatak odas\u0131, bir banyo ve g\u00fczel manzaral\u0131 bir balkona sahiptir.  <\/p>\n<p data-start=\"695\" data-end=\"1247\">2025 y\u0131l\u0131nda tamamlanmas\u0131 planlanan bu konut, plaja sadece 600 metre ve Alanya merkezine sadece 300 metre uzakl\u0131kta olup, ihtiyac\u0131n\u0131z olan her \u015feye kolayca ula\u015fabilece\u011finiz bir konumdad\u0131r. Alanya&#8217;da ya\u015famak sadece g\u00fcne\u015f \u0131\u015f\u0131\u011f\u0131 demek de\u011fildir ve bu kompleks, a\u00e7\u0131k ve kapal\u0131 y\u00fczme havuzlar\u0131, tam donan\u0131ml\u0131 fitness merkezi, \u00e7ocuk oyun alan\u0131 ve havuzu, aquapark, tenis kortu, mini golf alan\u0131, barbek\u00fc alan\u0131, a\u00e7\u0131k hava sinemas\u0131 ve \u00f6zel otopark gibi \u00fcst d\u00fczey olanaklarla bunu kan\u0131tlamaktad\u0131r. Ayr\u0131ca bah\u00e7e, jenerat\u00f6r, 7\/24 g\u00fcvenlik ve asans\u00f6rler de mevcuttur.  <\/p>\n<p data-start=\"1249\" data-end=\"1429\">\u0130ster yat\u0131r\u0131m, ister tatil, ister kal\u0131c\u0131 ya\u015fam i\u00e7in sat\u0131n al\u0131yor olun, bu, Alanya&#8217;n\u0131n en cazip yeni projelerinden birinde resort tarz\u0131 ya\u015fam\u0131n tad\u0131n\u0131 \u00e7\u0131karmak i\u00e7in nadir bir f\u0131rsatt\u0131r.<\/p>\n","protected":false},"excerpt":{"rendered":"<p>Alanya&#8217;n\u0131n kalbinde modern bir ya\u015fam tarz\u0131 m\u0131 ar\u0131yorsunuz? Alanya&#8217;n\u0131n pop\u00fcler Mahmutlar b\u00f6lgesinde bulunan Yekta Kingdom Premium Residence&#8217;da yer alan bu<\/p>\n","protected":false},"featured_media":23729,"comment_status":"open","ping_status":"closed","template":"","meta":[],"product_cat":[77],"product_tag":[],"country":[109],"district":[186],"selling-type":[118],"property-type":[120],"location":[152],"property-city":[124],"class_list":{"0":"post-23773","1":"product","2":"type-product","3":"status-publish","4":"has-post-thumbnail","6":"product_cat-acil-satilik","7":"country-turkey-tr","8":"district-mahmutlar-tr","9":"selling-type-resale-tr","10":"property-type-apartment-tr","11":"location-alanya-tr","12":"property-city-antalya-tr","14":"first","15":"instock","16":"shipping-taxable","17":"purchasable","18":"product-type-simple"},"_links":{"self":[{"href":"https:\/\/www.onurkoserealestate.com\/tr\/wp-json\/wp\/v2\/product\/23773","targetHints":{"allow":["GET"]}}],"collection":[{"href":"https:\/\/www.onurkoserealestate.com\/tr\/wp-json\/wp\/v2\/product"}],"about":[{"href":"https:\/\/www.onurkoserealestate.com\/tr\/wp-json\/wp\/v2\/types\/product"}],"replies":[{"embeddable":true,"href":"https:\/\/www.onurkoserealestate.com\/tr\/wp-json\/wp\/v2\/comments?post=23773"}],"wp:featuredmedia":[{"embeddable":true,"href":"https:\/\/www.onurkoserealestate.com\/tr\/wp-json\/wp\/v2\/media\/23729"}],"wp:attachment":[{"href":"https:\/\/www.onurkoserealestate.com\/tr\/wp-json\/wp\/v2\/media?parent=23773"}],"wp:term":[{"taxonomy":"product_cat","embeddable":true,"href":"https:\/\/www.onurkoserealestate.com\/tr\/wp-json\/wp\/v2\/product_cat?post=23773"},{"taxonomy":"product_tag","embeddable":true,"href":"https:\/\/www.onurkoserealestate.com\/tr\/wp-json\/wp\/v2\/product_tag?post=23773"},{"taxonomy":"country","embeddable":true,"href":"https:\/\/www.onurkoserealestate.com\/tr\/wp-json\/wp\/v2\/country?post=23773"},{"taxonomy":"district","embeddable":true,"href":"https:\/\/www.onurkoserealestate.com\/tr\/wp-json\/wp\/v2\/district?post=23773"},{"taxonomy":"selling-type","embeddable":true,"href":"https:\/\/www.onurkoserealestate.com\/tr\/wp-json\/wp\/v2\/selling-type?post=23773"},{"taxonomy":"property-type","embeddable":true,"href":"https:\/\/www.onurkoserealestate.com\/tr\/wp-json\/wp\/v2\/property-type?post=23773"},{"taxonomy":"location","embeddable":true,"href":"https:\/\/www.onurkoserealestate.com\/tr\/wp-json\/wp\/v2\/location?post=23773"},{"taxonomy":"property-city","embeddable":true,"href":"https:\/\/www.onurkoserealestate.com\/tr\/wp-json\/wp\/v2\/property-city?post=23773"}],"curies":[{"name":"wp","href":"https:\/\/api.w.org\/{rel}","templated":true}]}}