{"id":23835,"date":"2025-09-26T07:28:42","date_gmt":"2025-09-26T07:28:42","guid":{"rendered":"https:\/\/www.onurkoserealestate.com\/product\/alanyada-plaja-sadece-200-metre-mesafede-genis-21-daire\/"},"modified":"2025-09-26T07:28:42","modified_gmt":"2025-09-26T07:28:42","slug":"spacious-21-apartment-just-200m-from-the-beach-in-alanya","status":"publish","type":"product","link":"https:\/\/www.onurkoserealestate.com\/tr\/product\/spacious-21-apartment-just-200m-from-the-beach-in-alanya\/","title":{"rendered":"Alanya&#8217;da Plaja Sadece 200 Metre Mesafede Geni\u015f 2+1 Daire"},"content":{"rendered":"<p>Alanya&#8217;n\u0131n kalbinde, olduk\u00e7a pop\u00fcler Oba semtinde bulunan OBA MM STAR rezidans\u0131ndaki bu yepyeni 2+1 daire, hem konfor hem de rahatl\u0131k sunuyor. 2. katta bulunan 80 m\u00b2&#8217;lik bu daire, bir banyo ve bir balkona sahip olup, Alanya&#8217;da modern ya\u015fam i\u00e7in geni\u015f ve pratik bir d\u00fczen sunuyor. 2024 y\u0131l\u0131nda tamamlanan bina yenidir ve Alanya&#8217;da rahat bir ya\u015fam tarz\u0131 i\u00e7in gerekli t\u00fcm olanaklarla donat\u0131lm\u0131\u015ft\u0131r. Daire, plaja sadece 200 metre ve \u015fehir merkezine de sadece 200 metre uzakl\u0131kta olup, Alanya&#8217;da en ideal konumdaki m\u00fclklerden biridir. Alanya&#8217;da kal\u0131c\u0131 bir konut veya tatil yeri ar\u0131yorsan\u0131z, bu daire m\u00fckemmel bir se\u00e7enektir. Site, y\u00fczme havuzu, fitness merkezi, sauna ve asans\u00f6r eri\u015fimi gibi kaliteli sosyal olanaklar sunmaktad\u0131r. Alanya&#8217;da ya\u015famak, g\u00fcne\u015fli g\u00fcnlerin, denize yak\u0131nl\u0131\u011f\u0131n ve canl\u0131 Akdeniz ya\u015fam tarz\u0131n\u0131n tad\u0131n\u0131 \u00e7\u0131karmak demektir ve bu konut bu ruha m\u00fckemmel bir \u015fekilde uymaktad\u0131r. Alanya pop\u00fclerli\u011fini art\u0131rmaya devam ediyor ve Oba&#8217;n\u0131n merkezinde bulunan bu gibi m\u00fclkler, Alanya&#8217;n\u0131n sundu\u011fu en iyi \u015feyleri kolayca deneyimlemenizi sa\u011fl\u0131yor.       <\/p>\n","protected":false},"excerpt":{"rendered":"<p>Alanya&#8217;n\u0131n kalbinde, olduk\u00e7a pop\u00fcler Oba semtinde bulunan OBA MM STAR rezidans\u0131ndaki bu yepyeni 2+1 daire, hem konfor hem de rahatl\u0131k<\/p>\n","protected":false},"featured_media":23779,"comment_status":"open","ping_status":"closed","template":"","meta":[],"product_cat":[77],"product_tag":[],"country":[109],"district":[193],"selling-type":[118],"property-type":[120],"location":[152],"property-city":[124],"class_list":{"0":"post-23835","1":"product","2":"type-product","3":"status-publish","4":"has-post-thumbnail","6":"product_cat-acil-satilik","7":"country-turkey-tr","8":"district-oba-tr","9":"selling-type-resale-tr","10":"property-type-apartment-tr","11":"location-alanya-tr","12":"property-city-antalya-tr","14":"first","15":"instock","16":"shipping-taxable","17":"purchasable","18":"product-type-simple"},"_links":{"self":[{"href":"https:\/\/www.onurkoserealestate.com\/tr\/wp-json\/wp\/v2\/product\/23835","targetHints":{"allow":["GET"]}}],"collection":[{"href":"https:\/\/www.onurkoserealestate.com\/tr\/wp-json\/wp\/v2\/product"}],"about":[{"href":"https:\/\/www.onurkoserealestate.com\/tr\/wp-json\/wp\/v2\/types\/product"}],"replies":[{"embeddable":true,"href":"https:\/\/www.onurkoserealestate.com\/tr\/wp-json\/wp\/v2\/comments?post=23835"}],"wp:featuredmedia":[{"embeddable":true,"href":"https:\/\/www.onurkoserealestate.com\/tr\/wp-json\/wp\/v2\/media\/23779"}],"wp:attachment":[{"href":"https:\/\/www.onurkoserealestate.com\/tr\/wp-json\/wp\/v2\/media?parent=23835"}],"wp:term":[{"taxonomy":"product_cat","embeddable":true,"href":"https:\/\/www.onurkoserealestate.com\/tr\/wp-json\/wp\/v2\/product_cat?post=23835"},{"taxonomy":"product_tag","embeddable":true,"href":"https:\/\/www.onurkoserealestate.com\/tr\/wp-json\/wp\/v2\/product_tag?post=23835"},{"taxonomy":"country","embeddable":true,"href":"https:\/\/www.onurkoserealestate.com\/tr\/wp-json\/wp\/v2\/country?post=23835"},{"taxonomy":"district","embeddable":true,"href":"https:\/\/www.onurkoserealestate.com\/tr\/wp-json\/wp\/v2\/district?post=23835"},{"taxonomy":"selling-type","embeddable":true,"href":"https:\/\/www.onurkoserealestate.com\/tr\/wp-json\/wp\/v2\/selling-type?post=23835"},{"taxonomy":"property-type","embeddable":true,"href":"https:\/\/www.onurkoserealestate.com\/tr\/wp-json\/wp\/v2\/property-type?post=23835"},{"taxonomy":"location","embeddable":true,"href":"https:\/\/www.onurkoserealestate.com\/tr\/wp-json\/wp\/v2\/location?post=23835"},{"taxonomy":"property-city","embeddable":true,"href":"https:\/\/www.onurkoserealestate.com\/tr\/wp-json\/wp\/v2\/property-city?post=23835"}],"curies":[{"name":"wp","href":"https:\/\/api.w.org\/{rel}","templated":true}]}}