{"id":23907,"date":"2025-09-26T07:42:24","date_gmt":"2025-09-26T07:42:24","guid":{"rendered":"https:\/\/www.onurkoserealestate.com\/product\/alanyada-mukemmel-konum-yuksek-kira-potansiyeli\/"},"modified":"2025-09-26T07:42:24","modified_gmt":"2025-09-26T07:42:24","slug":"prime-location-in-alanya-high-rental-potential","status":"publish","type":"product","link":"https:\/\/www.onurkoserealestate.com\/tr\/product\/prime-location-in-alanya-high-rental-potential\/","title":{"rendered":"Alanya&#8217;da M\u00fckemmel Konum \u2013 Y\u00fcksek Kira Potansiyeli"},"content":{"rendered":"<p>Bu g\u00fczel 2+1 mobilyal\u0131 daire, Alanya&#8217;n\u0131n kalbinde, pop\u00fcler Oba semtinde, tan\u0131nm\u0131\u015f Oba Lake Residence i\u00e7inde yer almaktad\u0131r. B blo\u011funun zemin kat\u0131nda bulunan daire, 2 banyo ve 1 balkon ile 110 m\u00b2&#8217;lik konforlu bir ya\u015fam alan\u0131 sunmaktad\u0131r. Alanya&#8217;n\u0131n canl\u0131 ya\u015fam tarz\u0131n\u0131n tad\u0131n\u0131 \u00e7\u0131karmak istiyorsan\u0131z, bu daire m\u00fckemmel bir se\u00e7imdir. 2014 y\u0131l\u0131nda in\u015fa edilen rezidans, bak\u0131ml\u0131d\u0131r ve Alanya&#8217;da hem kal\u0131c\u0131 ya\u015fam hem de tatil ama\u00e7l\u0131 kullan\u0131m i\u00e7in idealdir. Plaja sadece 300 metre ve Alanya \u015fehir merkezine sadece 100 metre uzakl\u0131kta olan dairede, ihtiyac\u0131n\u0131z olan her \u015fey y\u00fcr\u00fcme mesafesindedir: marketler, restoranlar, kafeler ve \u0131l\u0131k Akdeniz. Daire tamamen mobilyal\u0131, ta\u015f\u0131nmaya haz\u0131rd\u0131r ve Alanya&#8217;n\u0131n sundu\u011fu her \u015feye kolay eri\u015fim sa\u011flar. Oba, huzurlu atmosferi ve modern altyap\u0131s\u0131 ile Alanya&#8217;n\u0131n en \u00e7ok ra\u011fbet g\u00f6ren b\u00f6lgelerinden biridir. Komplekste y\u00fczme havuzu, fitness merkezi ve kap\u0131c\u0131 bulunmaktad\u0131r, bu da g\u00fcvenli ve rahat bir ortam sunmaktad\u0131r. Alanya&#8217;da y\u0131l boyunca ya\u015famak veya kiral\u0131k bir m\u00fclke yat\u0131r\u0131m yapmak istiyorsan\u0131z, bu daire Alanya&#8217;n\u0131n \u00fcnl\u00fc e\u015fsiz cazibesi ve g\u00fcne\u015fli ya\u015fam tarz\u0131n\u0131n bir par\u00e7as\u0131 olmak i\u00e7in harika bir f\u0131rsatt\u0131r.        <\/p>\n","protected":false},"excerpt":{"rendered":"<p>Bu g\u00fczel 2+1 mobilyal\u0131 daire, Alanya&#8217;n\u0131n kalbinde, pop\u00fcler Oba semtinde, tan\u0131nm\u0131\u015f Oba Lake Residence i\u00e7inde yer almaktad\u0131r. B blo\u011funun zemin<\/p>\n","protected":false},"featured_media":23904,"comment_status":"open","ping_status":"closed","template":"","meta":[],"product_cat":[77],"product_tag":[],"country":[109],"district":[193],"selling-type":[118],"property-type":[120],"location":[152],"property-city":[124],"class_list":{"0":"post-23907","1":"product","2":"type-product","3":"status-publish","4":"has-post-thumbnail","6":"product_cat-acil-satilik","7":"country-turkey-tr","8":"district-oba-tr","9":"selling-type-resale-tr","10":"property-type-apartment-tr","11":"location-alanya-tr","12":"property-city-antalya-tr","14":"first","15":"instock","16":"shipping-taxable","17":"purchasable","18":"product-type-simple"},"_links":{"self":[{"href":"https:\/\/www.onurkoserealestate.com\/tr\/wp-json\/wp\/v2\/product\/23907","targetHints":{"allow":["GET"]}}],"collection":[{"href":"https:\/\/www.onurkoserealestate.com\/tr\/wp-json\/wp\/v2\/product"}],"about":[{"href":"https:\/\/www.onurkoserealestate.com\/tr\/wp-json\/wp\/v2\/types\/product"}],"replies":[{"embeddable":true,"href":"https:\/\/www.onurkoserealestate.com\/tr\/wp-json\/wp\/v2\/comments?post=23907"}],"wp:featuredmedia":[{"embeddable":true,"href":"https:\/\/www.onurkoserealestate.com\/tr\/wp-json\/wp\/v2\/media\/23904"}],"wp:attachment":[{"href":"https:\/\/www.onurkoserealestate.com\/tr\/wp-json\/wp\/v2\/media?parent=23907"}],"wp:term":[{"taxonomy":"product_cat","embeddable":true,"href":"https:\/\/www.onurkoserealestate.com\/tr\/wp-json\/wp\/v2\/product_cat?post=23907"},{"taxonomy":"product_tag","embeddable":true,"href":"https:\/\/www.onurkoserealestate.com\/tr\/wp-json\/wp\/v2\/product_tag?post=23907"},{"taxonomy":"country","embeddable":true,"href":"https:\/\/www.onurkoserealestate.com\/tr\/wp-json\/wp\/v2\/country?post=23907"},{"taxonomy":"district","embeddable":true,"href":"https:\/\/www.onurkoserealestate.com\/tr\/wp-json\/wp\/v2\/district?post=23907"},{"taxonomy":"selling-type","embeddable":true,"href":"https:\/\/www.onurkoserealestate.com\/tr\/wp-json\/wp\/v2\/selling-type?post=23907"},{"taxonomy":"property-type","embeddable":true,"href":"https:\/\/www.onurkoserealestate.com\/tr\/wp-json\/wp\/v2\/property-type?post=23907"},{"taxonomy":"location","embeddable":true,"href":"https:\/\/www.onurkoserealestate.com\/tr\/wp-json\/wp\/v2\/location?post=23907"},{"taxonomy":"property-city","embeddable":true,"href":"https:\/\/www.onurkoserealestate.com\/tr\/wp-json\/wp\/v2\/property-city?post=23907"}],"curies":[{"name":"wp","href":"https:\/\/api.w.org\/{rel}","templated":true}]}}