{"id":24011,"date":"2025-09-26T07:54:19","date_gmt":"2025-09-26T07:54:19","guid":{"rendered":"https:\/\/www.onurkoserealestate.com\/product\/alanya-tosmurda-modern-daire-denize-250-m-mesafede\/"},"modified":"2025-09-26T07:54:19","modified_gmt":"2025-09-26T07:54:19","slug":"modern-apartment-in-tosmur-alanya-250m-from-the-sea","status":"publish","type":"product","link":"https:\/\/www.onurkoserealestate.com\/tr\/product\/modern-apartment-in-tosmur-alanya-250m-from-the-sea\/","title":{"rendered":"Alanya Tosmur&#8217;da Modern Daire \u2013 Denize 250 m Mesafede"},"content":{"rendered":"<p>Alanya&#8217;ya ho\u015f geldiniz! Bu tamamen mobilyal\u0131 1+1 daire, Alanya&#8217;n\u0131n en pop\u00fcler ve canl\u0131 mahallelerinden biri olan Tosmur&#8217;daki prestijli Nordic Life Residence&#8217;da yer almaktad\u0131r. B blo\u011funun 2. kat\u0131nda bulunan daire, 1 banyo ve 1 balkon dahil olmak \u00fczere 65 m\u00b2&#8217;lik iyi tasarlanm\u0131\u015f bir ya\u015fam alan\u0131 sunmaktad\u0131r. G\u00fczel Alanya plaj\u0131na sadece 250 metre ve \u015fehir merkezine sadece 100 metre uzakl\u0131kta bulunan bu daire, Alanya&#8217;da konfor ve rahatl\u0131k aras\u0131nda m\u00fckemmel bir denge sunmaktad\u0131r. 2015 y\u0131l\u0131nda in\u015fa edilen rezidans, Alanya&#8217;n\u0131n rahat ve dinamik ya\u015fam tarz\u0131n\u0131 yans\u0131tan etkileyici bir dizi sosyal olanak sunmaktad\u0131r. Bunlar aras\u0131nda a\u00e7\u0131k y\u00fczme havuzu, \u00e7ocuk havuzu, jakuzi, fitness merkezi, sauna, T\u00fcrk hamam\u0131, Roma buhar odas\u0131, masaj odalar\u0131 ve \u00e7ok daha fazlas\u0131 bulunmaktad\u0131r. Aileler ve misafirler i\u00e7in kapal\u0131 ve a\u00e7\u0131k oyun alanlar\u0131, bilardo, masa tenisi, hava hokeyi ve \u00e7ocuklar i\u00e7in \u00f6zel oyun odalar\u0131 bulunmaktad\u0131r. Her dairede ayr\u0131ca \u00f6zel bir depo odas\u0131 bulunmaktad\u0131r. G\u00fcvenlik ve video g\u00f6zetimi, g\u00fcvenli bir ortam sa\u011flar. A\u00e7\u0131k ve kapal\u0131 otopark se\u00e7enekleri ile bu daire, Alanya&#8217;da y\u0131l boyunca ya\u015famak, tatil yapmak veya yat\u0131r\u0131m ama\u00e7l\u0131 gayrimenkul olarak idealdir. Alanya&#8217;n\u0131n en l\u00fcks komplekslerinden birinde, Alanya&#8217;n\u0131n en iyi sahil ya\u015fam tarz\u0131n\u0131n tad\u0131n\u0131 \u00e7\u0131karmak i\u00e7in bu f\u0131rsat\u0131 ka\u00e7\u0131rmay\u0131n.          <\/p>\n","protected":false},"excerpt":{"rendered":"<p>Alanya&#8217;ya ho\u015f geldiniz! Bu tamamen mobilyal\u0131 1+1 daire, Alanya&#8217;n\u0131n en pop\u00fcler ve canl\u0131 mahallelerinden biri olan Tosmur&#8217;daki prestijli Nordic Life<\/p>\n","protected":false},"featured_media":23988,"comment_status":"open","ping_status":"closed","template":"","meta":[],"product_cat":[77],"product_tag":[],"country":[109],"district":[199],"selling-type":[118],"property-type":[120],"location":[152],"property-city":[124],"class_list":{"0":"post-24011","1":"product","2":"type-product","3":"status-publish","4":"has-post-thumbnail","6":"product_cat-acil-satilik","7":"country-turkey-tr","8":"district-tosmur-tr","9":"selling-type-resale-tr","10":"property-type-apartment-tr","11":"location-alanya-tr","12":"property-city-antalya-tr","14":"first","15":"instock","16":"shipping-taxable","17":"purchasable","18":"product-type-simple"},"_links":{"self":[{"href":"https:\/\/www.onurkoserealestate.com\/tr\/wp-json\/wp\/v2\/product\/24011","targetHints":{"allow":["GET"]}}],"collection":[{"href":"https:\/\/www.onurkoserealestate.com\/tr\/wp-json\/wp\/v2\/product"}],"about":[{"href":"https:\/\/www.onurkoserealestate.com\/tr\/wp-json\/wp\/v2\/types\/product"}],"replies":[{"embeddable":true,"href":"https:\/\/www.onurkoserealestate.com\/tr\/wp-json\/wp\/v2\/comments?post=24011"}],"wp:featuredmedia":[{"embeddable":true,"href":"https:\/\/www.onurkoserealestate.com\/tr\/wp-json\/wp\/v2\/media\/23988"}],"wp:attachment":[{"href":"https:\/\/www.onurkoserealestate.com\/tr\/wp-json\/wp\/v2\/media?parent=24011"}],"wp:term":[{"taxonomy":"product_cat","embeddable":true,"href":"https:\/\/www.onurkoserealestate.com\/tr\/wp-json\/wp\/v2\/product_cat?post=24011"},{"taxonomy":"product_tag","embeddable":true,"href":"https:\/\/www.onurkoserealestate.com\/tr\/wp-json\/wp\/v2\/product_tag?post=24011"},{"taxonomy":"country","embeddable":true,"href":"https:\/\/www.onurkoserealestate.com\/tr\/wp-json\/wp\/v2\/country?post=24011"},{"taxonomy":"district","embeddable":true,"href":"https:\/\/www.onurkoserealestate.com\/tr\/wp-json\/wp\/v2\/district?post=24011"},{"taxonomy":"selling-type","embeddable":true,"href":"https:\/\/www.onurkoserealestate.com\/tr\/wp-json\/wp\/v2\/selling-type?post=24011"},{"taxonomy":"property-type","embeddable":true,"href":"https:\/\/www.onurkoserealestate.com\/tr\/wp-json\/wp\/v2\/property-type?post=24011"},{"taxonomy":"location","embeddable":true,"href":"https:\/\/www.onurkoserealestate.com\/tr\/wp-json\/wp\/v2\/location?post=24011"},{"taxonomy":"property-city","embeddable":true,"href":"https:\/\/www.onurkoserealestate.com\/tr\/wp-json\/wp\/v2\/property-city?post=24011"}],"curies":[{"name":"wp","href":"https:\/\/api.w.org\/{rel}","templated":true}]}}