{"id":24230,"date":"2025-09-29T07:44:58","date_gmt":"2025-09-29T07:44:58","guid":{"rendered":"https:\/\/www.onurkoserealestate.com\/product\/alanyada-uygun-fiyatli-luks-alan-palace-sizi-bekliyor\/"},"modified":"2025-09-29T07:44:58","modified_gmt":"2025-09-29T07:44:58","slug":"affordable-luxury-in-alanya-alan-palace-awaits","status":"publish","type":"product","link":"https:\/\/www.onurkoserealestate.com\/tr\/product\/affordable-luxury-in-alanya-alan-palace-awaits\/","title":{"rendered":"Alanya&#8217;da Uygun Fiyatl\u0131 L\u00fcks: Alan Palace Sizi Bekliyor"},"content":{"rendered":"<p data-start=\"552\" data-end=\"1042\">Alanya&#8217;n\u0131n g\u00fczel ve sakin Avsallar b\u00f6lgesinde bulunan Alan Palace, modern ya\u015fam ve uzun vadeli de\u011fer i\u00e7in tasarlanm\u0131\u015f yepyeni bir konut kompleksidir. 1. katta bulunan bu 1+1 daire, 55 m\u00b2&#8217;lik ak\u0131ll\u0131ca tasarlanm\u0131\u015f bir alana sahiptir ve Alanya&#8217;da m\u00fclk sahibi olmak isteyen bekarlar, \u00e7iftler veya yat\u0131r\u0131mc\u0131lar i\u00e7in m\u00fckemmeldir. 2025 y\u0131l\u0131nda tamamlanmas\u0131 planlanan bu daire, Alanya&#8217;y\u0131 y\u0131l boyunca en g\u00f6zde destinasyonlardan biri yapan muhte\u015fem Akdeniz sahil \u015feridine sadece 1 km uzakl\u0131ktad\u0131r.  <\/p>\n<p data-start=\"1044\" data-end=\"1342\">Alan Palace, Alanya&#8217;da konforlu bir ya\u015fam tarz\u0131 i\u00e7in ihtiyac\u0131n\u0131z olan t\u00fcm temel olanaklar\u0131 sunar. Kompleks, a\u00e7\u0131k ve kapal\u0131 y\u00fczme havuzlar\u0131, tam donan\u0131ml\u0131 bir fitness merkezi, sauna, \u00f6zel otopark, yedek jenerat\u00f6r ve 7\/24 g\u00fcvenlik hizmetleri ile g\u00fcvenli ve huzurlu bir ortam sunar. <\/p>\n<p data-start=\"1344\" data-end=\"1689\">Avsallar, rahat atmosferi, temiz plajlar\u0131 ve yerel ma\u011fazalara, restoranlara ve pazarlara kolay eri\u015fimi ile Alanya&#8217;n\u0131n en \u00e7ok ra\u011fbet g\u00f6ren mahallelerinden biridir. Alanya&#8217;da tatil evi, kal\u0131c\u0131 ikametgah veya ak\u0131ll\u0131 bir gayrimenkul yat\u0131r\u0131m\u0131 ar\u0131yorsan\u0131z, Alan Palace&#8217;daki bu daire harika bir f\u0131rsatt\u0131r. <\/p>\n<p data-start=\"1691\" data-end=\"1776\">Alanya&#8217;n\u0131n canl\u0131 ve b\u00fcy\u00fcyen toplulu\u011funun bir par\u00e7as\u0131 olma f\u0131rsat\u0131n\u0131 ka\u00e7\u0131rmay\u0131n!<\/p>\n","protected":false},"excerpt":{"rendered":"<p>Alanya&#8217;n\u0131n g\u00fczel ve sakin Avsallar b\u00f6lgesinde bulunan Alan Palace, modern ya\u015fam ve uzun vadeli de\u011fer i\u00e7in tasarlanm\u0131\u015f yepyeni bir konut<\/p>\n","protected":false},"featured_media":24203,"comment_status":"open","ping_status":"closed","template":"","meta":[],"product_cat":[77,95],"product_tag":[],"country":[109],"district":[153],"selling-type":[118],"property-type":[120],"location":[152],"property-city":[124],"class_list":{"0":"post-24230","1":"product","2":"type-product","3":"status-publish","4":"has-post-thumbnail","6":"product_cat-acil-satilik","7":"product_cat-havuz-manzarasi","8":"country-turkey-tr","9":"district-avsallar-tr","10":"selling-type-resale-tr","11":"property-type-apartment-tr","12":"location-alanya-tr","13":"property-city-antalya-tr","15":"first","16":"instock","17":"shipping-taxable","18":"purchasable","19":"product-type-simple"},"_links":{"self":[{"href":"https:\/\/www.onurkoserealestate.com\/tr\/wp-json\/wp\/v2\/product\/24230","targetHints":{"allow":["GET"]}}],"collection":[{"href":"https:\/\/www.onurkoserealestate.com\/tr\/wp-json\/wp\/v2\/product"}],"about":[{"href":"https:\/\/www.onurkoserealestate.com\/tr\/wp-json\/wp\/v2\/types\/product"}],"replies":[{"embeddable":true,"href":"https:\/\/www.onurkoserealestate.com\/tr\/wp-json\/wp\/v2\/comments?post=24230"}],"wp:featuredmedia":[{"embeddable":true,"href":"https:\/\/www.onurkoserealestate.com\/tr\/wp-json\/wp\/v2\/media\/24203"}],"wp:attachment":[{"href":"https:\/\/www.onurkoserealestate.com\/tr\/wp-json\/wp\/v2\/media?parent=24230"}],"wp:term":[{"taxonomy":"product_cat","embeddable":true,"href":"https:\/\/www.onurkoserealestate.com\/tr\/wp-json\/wp\/v2\/product_cat?post=24230"},{"taxonomy":"product_tag","embeddable":true,"href":"https:\/\/www.onurkoserealestate.com\/tr\/wp-json\/wp\/v2\/product_tag?post=24230"},{"taxonomy":"country","embeddable":true,"href":"https:\/\/www.onurkoserealestate.com\/tr\/wp-json\/wp\/v2\/country?post=24230"},{"taxonomy":"district","embeddable":true,"href":"https:\/\/www.onurkoserealestate.com\/tr\/wp-json\/wp\/v2\/district?post=24230"},{"taxonomy":"selling-type","embeddable":true,"href":"https:\/\/www.onurkoserealestate.com\/tr\/wp-json\/wp\/v2\/selling-type?post=24230"},{"taxonomy":"property-type","embeddable":true,"href":"https:\/\/www.onurkoserealestate.com\/tr\/wp-json\/wp\/v2\/property-type?post=24230"},{"taxonomy":"location","embeddable":true,"href":"https:\/\/www.onurkoserealestate.com\/tr\/wp-json\/wp\/v2\/location?post=24230"},{"taxonomy":"property-city","embeddable":true,"href":"https:\/\/www.onurkoserealestate.com\/tr\/wp-json\/wp\/v2\/property-city?post=24230"}],"curies":[{"name":"wp","href":"https:\/\/api.w.org\/{rel}","templated":true}]}}