{"id":24330,"date":"2025-09-30T07:00:51","date_gmt":"2025-09-30T07:00:51","guid":{"rendered":"https:\/\/www.onurkoserealestate.com\/product\/avsallarda-zengin-olanaklara-sahip-modern-11-daire-sis-royal-9\/"},"modified":"2025-09-30T07:00:51","modified_gmt":"2025-09-30T07:00:51","slug":"modern-11-apartment-with-rich-amenities-in-avsallar-sis-royal-9","status":"publish","type":"product","link":"https:\/\/www.onurkoserealestate.com\/tr\/product\/modern-11-apartment-with-rich-amenities-in-avsallar-sis-royal-9\/","title":{"rendered":"Avsallar&#8217;da Zengin Olanaklara Sahip Modern 1+1 Daire \u2013 Sis Royal 9"},"content":{"rendered":"<p data-start=\"639\" data-end=\"1038\">Avsallar&#8217;\u0131n kalbinde yer alan Sis Royal 9 kompleksindeki bu modern 1+1 daire, konfor ve rahatl\u0131\u011f\u0131n ideal bir kombinasyonunu sunuyor. 2022 y\u0131l\u0131nda in\u015fa edilen daire, 50 m\u00b2 ya\u015fam alan\u0131na sahip, Amerikan tarz\u0131 a\u00e7\u0131k mutfakl\u0131, tamamen mobilyal\u0131 ve ta\u015f\u0131nmaya haz\u0131rd\u0131r. Birinci katta yer alan daire, plaja sadece 1,6 km uzakl\u0131kta olup, m\u00fckemmel bir tatil evi veya yat\u0131r\u0131m f\u0131rsat\u0131 sunmaktad\u0131r.  <\/p>\n<p data-start=\"1040\" data-end=\"1525\">Sis Royal 9, rahat bir ya\u015fam tarz\u0131 i\u00e7in tasarlanm\u0131\u015f \u00e7ok \u00e7e\u015fitli olanaklara sahip, g\u00fcvenli bir site. A\u00e7\u0131k y\u00fczme havuzunda g\u00fcne\u015fli g\u00fcnlerin tad\u0131n\u0131 \u00e7\u0131kar\u0131n veya \u00e7ocuklar\u0131n\u0131z\u0131n \u00f6zel \u00e7ocuk havuzunda ve oyun alan\u0131nda g\u00fcvenle oynamas\u0131na izin verin. Sa\u011fl\u0131kl\u0131 ya\u015fam\u0131 sevenler i\u00e7in, kompleks i\u00e7inde T\u00fcrk hamam\u0131, sauna, buhar odas\u0131 ve kapal\u0131 y\u00fczme havuzu bulunan tam donan\u0131ml\u0131 bir spa bulunmaktad\u0131r. Ayr\u0131ca bir fitness merkezi, \u015f\u00f6mine ve TV bulunan rahatlat\u0131c\u0131 bir salon ve hatta sosyalle\u015fmek i\u00e7in bir kafe-bar ve barbek\u00fc alan\u0131 da bulunmaktad\u0131r.   <\/p>\n<p data-start=\"1527\" data-end=\"1770\">Site ayr\u0131ca 7\/24 g\u00fcvenlik, Wi-Fi, jenerat\u00f6r, ara\u00e7, bisiklet ve motosiklet park yeri, yemye\u015fil bir bah\u00e7e ve dinlenme alanlar\u0131 sunmaktad\u0131r. \u0130deal konumu ve l\u00fcks olanaklar\u0131 ile bu m\u00fclk, Alanya&#8217;da nadir bulunan bir f\u0131rsat. <\/p>\n","protected":false},"excerpt":{"rendered":"<p>Avsallar&#8217;\u0131n kalbinde yer alan Sis Royal 9 kompleksindeki bu modern 1+1 daire, konfor ve rahatl\u0131\u011f\u0131n ideal bir kombinasyonunu sunuyor. 2022<\/p>\n","protected":false},"featured_media":24307,"comment_status":"open","ping_status":"closed","template":"","meta":[],"product_cat":[77],"product_tag":[],"country":[109],"district":[153],"selling-type":[118],"property-type":[120],"location":[152],"property-city":[124],"class_list":{"0":"post-24330","1":"product","2":"type-product","3":"status-publish","4":"has-post-thumbnail","6":"product_cat-acil-satilik","7":"country-turkey-tr","8":"district-avsallar-tr","9":"selling-type-resale-tr","10":"property-type-apartment-tr","11":"location-alanya-tr","12":"property-city-antalya-tr","14":"first","15":"instock","16":"shipping-taxable","17":"purchasable","18":"product-type-simple"},"_links":{"self":[{"href":"https:\/\/www.onurkoserealestate.com\/tr\/wp-json\/wp\/v2\/product\/24330","targetHints":{"allow":["GET"]}}],"collection":[{"href":"https:\/\/www.onurkoserealestate.com\/tr\/wp-json\/wp\/v2\/product"}],"about":[{"href":"https:\/\/www.onurkoserealestate.com\/tr\/wp-json\/wp\/v2\/types\/product"}],"replies":[{"embeddable":true,"href":"https:\/\/www.onurkoserealestate.com\/tr\/wp-json\/wp\/v2\/comments?post=24330"}],"wp:featuredmedia":[{"embeddable":true,"href":"https:\/\/www.onurkoserealestate.com\/tr\/wp-json\/wp\/v2\/media\/24307"}],"wp:attachment":[{"href":"https:\/\/www.onurkoserealestate.com\/tr\/wp-json\/wp\/v2\/media?parent=24330"}],"wp:term":[{"taxonomy":"product_cat","embeddable":true,"href":"https:\/\/www.onurkoserealestate.com\/tr\/wp-json\/wp\/v2\/product_cat?post=24330"},{"taxonomy":"product_tag","embeddable":true,"href":"https:\/\/www.onurkoserealestate.com\/tr\/wp-json\/wp\/v2\/product_tag?post=24330"},{"taxonomy":"country","embeddable":true,"href":"https:\/\/www.onurkoserealestate.com\/tr\/wp-json\/wp\/v2\/country?post=24330"},{"taxonomy":"district","embeddable":true,"href":"https:\/\/www.onurkoserealestate.com\/tr\/wp-json\/wp\/v2\/district?post=24330"},{"taxonomy":"selling-type","embeddable":true,"href":"https:\/\/www.onurkoserealestate.com\/tr\/wp-json\/wp\/v2\/selling-type?post=24330"},{"taxonomy":"property-type","embeddable":true,"href":"https:\/\/www.onurkoserealestate.com\/tr\/wp-json\/wp\/v2\/property-type?post=24330"},{"taxonomy":"location","embeddable":true,"href":"https:\/\/www.onurkoserealestate.com\/tr\/wp-json\/wp\/v2\/location?post=24330"},{"taxonomy":"property-city","embeddable":true,"href":"https:\/\/www.onurkoserealestate.com\/tr\/wp-json\/wp\/v2\/property-city?post=24330"}],"curies":[{"name":"wp","href":"https:\/\/api.w.org\/{rel}","templated":true}]}}