{"id":24458,"date":"2025-09-30T07:23:29","date_gmt":"2025-09-30T07:23:29","guid":{"rendered":"https:\/\/www.onurkoserealestate.com\/product\/avsallarda-uygun-fiyatli-luks-havuzlu-spa-ve-spor-alanlari-bulunan-11-daire\/"},"modified":"2025-09-30T07:23:29","modified_gmt":"2025-09-30T07:23:29","slug":"affordable-luxury-in-avsallar-11-flat-with-pools-spa-sports-areas","status":"publish","type":"product","link":"https:\/\/www.onurkoserealestate.com\/tr\/product\/affordable-luxury-in-avsallar-11-flat-with-pools-spa-sports-areas\/","title":{"rendered":"Avsallar&#8217;da Uygun Fiyatl\u0131 L\u00fcks \u2013 Havuzlu, Spa ve Spor Alanlar\u0131 Bulunan 1+1 Daire"},"content":{"rendered":"<p data-start=\"755\" data-end=\"1151\">Alanya&#8217;n\u0131n huzurlu Avsallar b\u00f6lgesinde bulunan Stay Forest Park 2 \u2013 Valley Residence\/Avsallar&#8217;daki bu 1+1 daire ile konfor, rahatl\u0131k ve l\u00fcks\u00fcn m\u00fckemmel kar\u0131\u015f\u0131m\u0131n\u0131 ke\u015ffedin. 2. katta bulunan bu 38 m\u00b2&#8217;lik tam donan\u0131ml\u0131 daire, Amerikan tarz\u0131 bir mutfa\u011fa sahiptir ve g\u00fczel Akdeniz sahiline sadece 1,6 km uzakl\u0131ktad\u0131r, bu da onu tatil evi veya yat\u0131r\u0131m ama\u00e7l\u0131 gayrimenkul olarak ideal hale getirir. <\/p>\n<p data-start=\"1153\" data-end=\"1520\">2021 y\u0131l\u0131nda in\u015fa edilen Valley Residence, her ya\u015ftan misafire resort tarz\u0131 olanaklar sunmaktad\u0131r. Sakinler, kapal\u0131 ve a\u00e7\u0131k y\u00fczme havuzlar\u0131, su park\u0131, T\u00fcrk hamam\u0131, sauna, buhar odas\u0131 ve dinlenme salonuna sahip tam hizmet spa&#8217;n\u0131n keyfini \u00e7\u0131karabilirler. Aktif ya\u015fam tarz\u0131, fitness merkezi, tenis kortu, basketbol ve voleybol alanlar\u0131 ve hatta mini golf sahas\u0131 ile desteklenmektedir.  <\/p>\n<p data-start=\"1522\" data-end=\"1861\">Aileler, \u00e7ocuk oyun alan\u0131, mini kul\u00fcp, oyun odas\u0131 ve tesis b\u00fcnyesindeki sinemay\u0131 \u00e7ok sevecekler. Sosyal alanlar aras\u0131nda restoran, kafe-bar, k\u00fct\u00fcphane ve a\u00e7\u0131k havada vakit ge\u00e7irmek i\u00e7in ideal pergolalar bulunmaktad\u0131r. 7\/24 g\u00fcvenlik, g\u00fcvenlik kameralar\u0131, \u00fccretsiz Wi-Fi, jenerat\u00f6r ve tesis b\u00fcnyesindeki otopark gibi ek \u00f6zellikler, her an g\u00fcvenli\u011fi ve konforu garanti eder.  <\/p>\n<p data-start=\"1863\" data-end=\"2054\">Alanya&#8217;da sakin bir tatil ka\u00e7ama\u011f\u0131 ya da ak\u0131ll\u0131 bir gayrimenkul yat\u0131r\u0131m\u0131 ar\u0131yorsan\u0131z, bu daire ihtiyac\u0131n\u0131z olan her \u015feyi sunuyor \u2014 hepsi iyi y\u00f6netilen ve olanaklarla donat\u0131lm\u0131\u015f bir kompleks i\u00e7inde.<\/p>\n","protected":false},"excerpt":{"rendered":"<p>Alanya&#8217;n\u0131n huzurlu Avsallar b\u00f6lgesinde bulunan Stay Forest Park 2 \u2013 Valley Residence\/Avsallar&#8217;daki bu 1+1 daire ile konfor, rahatl\u0131k ve l\u00fcks\u00fcn<\/p>\n","protected":false},"featured_media":24363,"comment_status":"open","ping_status":"closed","template":"","meta":[],"product_cat":[77],"product_tag":[],"country":[109],"district":[153],"selling-type":[118],"property-type":[120],"location":[152],"property-city":[124],"class_list":{"0":"post-24458","1":"product","2":"type-product","3":"status-publish","4":"has-post-thumbnail","6":"product_cat-acil-satilik","7":"country-turkey-tr","8":"district-avsallar-tr","9":"selling-type-resale-tr","10":"property-type-apartment-tr","11":"location-alanya-tr","12":"property-city-antalya-tr","14":"first","15":"instock","16":"shipping-taxable","17":"purchasable","18":"product-type-simple"},"_links":{"self":[{"href":"https:\/\/www.onurkoserealestate.com\/tr\/wp-json\/wp\/v2\/product\/24458","targetHints":{"allow":["GET"]}}],"collection":[{"href":"https:\/\/www.onurkoserealestate.com\/tr\/wp-json\/wp\/v2\/product"}],"about":[{"href":"https:\/\/www.onurkoserealestate.com\/tr\/wp-json\/wp\/v2\/types\/product"}],"replies":[{"embeddable":true,"href":"https:\/\/www.onurkoserealestate.com\/tr\/wp-json\/wp\/v2\/comments?post=24458"}],"wp:featuredmedia":[{"embeddable":true,"href":"https:\/\/www.onurkoserealestate.com\/tr\/wp-json\/wp\/v2\/media\/24363"}],"wp:attachment":[{"href":"https:\/\/www.onurkoserealestate.com\/tr\/wp-json\/wp\/v2\/media?parent=24458"}],"wp:term":[{"taxonomy":"product_cat","embeddable":true,"href":"https:\/\/www.onurkoserealestate.com\/tr\/wp-json\/wp\/v2\/product_cat?post=24458"},{"taxonomy":"product_tag","embeddable":true,"href":"https:\/\/www.onurkoserealestate.com\/tr\/wp-json\/wp\/v2\/product_tag?post=24458"},{"taxonomy":"country","embeddable":true,"href":"https:\/\/www.onurkoserealestate.com\/tr\/wp-json\/wp\/v2\/country?post=24458"},{"taxonomy":"district","embeddable":true,"href":"https:\/\/www.onurkoserealestate.com\/tr\/wp-json\/wp\/v2\/district?post=24458"},{"taxonomy":"selling-type","embeddable":true,"href":"https:\/\/www.onurkoserealestate.com\/tr\/wp-json\/wp\/v2\/selling-type?post=24458"},{"taxonomy":"property-type","embeddable":true,"href":"https:\/\/www.onurkoserealestate.com\/tr\/wp-json\/wp\/v2\/property-type?post=24458"},{"taxonomy":"location","embeddable":true,"href":"https:\/\/www.onurkoserealestate.com\/tr\/wp-json\/wp\/v2\/location?post=24458"},{"taxonomy":"property-city","embeddable":true,"href":"https:\/\/www.onurkoserealestate.com\/tr\/wp-json\/wp\/v2\/property-city?post=24458"}],"curies":[{"name":"wp","href":"https:\/\/api.w.org\/{rel}","templated":true}]}}