{"id":24619,"date":"2025-10-01T07:35:59","date_gmt":"2025-10-01T07:35:59","guid":{"rendered":"https:\/\/www.onurkoserealestate.com\/product\/exodus-garden-avsallar-tam-donanimli-yeni-yapim-11-daire\/"},"modified":"2025-10-01T07:35:59","modified_gmt":"2025-10-01T07:35:59","slug":"exodus-garden-avsallar-new-built-11-flat-with-full-facilities","status":"publish","type":"product","link":"https:\/\/www.onurkoserealestate.com\/tr\/product\/exodus-garden-avsallar-new-built-11-flat-with-full-facilities\/","title":{"rendered":"Exodus Garden Avsallar \u2013 Tam Donan\u0131ml\u0131 Yeni Yap\u0131m 1+1 Daire"},"content":{"rendered":"<p data-start=\"714\" data-end=\"1096\">Alanya, Avsallar&#8217;daki huzurlu Exodus Garden kompleksinde bulunan bu g\u00fczel tasarlanm\u0131\u015f 1+1 dairede modern konforu ya\u015fay\u0131n. 2022 y\u0131l\u0131nda in\u015fa edilen bu \u00fc\u00e7\u00fcnc\u00fc kat daire, Amerikan tarz\u0131 a\u00e7\u0131k mutfak ve ayd\u0131nl\u0131k, havadar bir oturma alan\u0131 dahil olmak \u00fczere 45 m\u00b2&#8217;lik iyi planlanm\u0131\u015f bir ya\u015fam alan\u0131 sunmaktad\u0131r. Tatil ka\u00e7ama\u011f\u0131, yat\u0131r\u0131m ama\u00e7l\u0131 gayrimenkul veya y\u0131l boyunca ya\u015fanacak bir ev i\u00e7in m\u00fckemmel bir se\u00e7enektir.  <\/p>\n<p data-start=\"1098\" data-end=\"1455\">Denize sadece 1,4 km uzakl\u0131kta bulunan daire, sahil eri\u015fimi ile sakin ve ye\u015fil bir \u00e7evre aras\u0131nda m\u00fckemmel bir denge sunmaktad\u0131r. Exodus Garden kompleksi, kapal\u0131 ve a\u00e7\u0131k y\u00fczme havuzlar\u0131, tam donan\u0131ml\u0131 fitness merkezi, Fin saunas\u0131, geleneksel T\u00fcrk hamam\u0131 ve g\u00fczel peyzajl\u0131 ye\u015fil bah\u00e7eler dahil olmak \u00fczere ya\u015fam tarz\u0131n\u0131z\u0131 zenginle\u015ftiren bir\u00e7ok olanak sunmaktad\u0131r. <\/p>\n<p data-start=\"1457\" data-end=\"1722\">Geni\u015f barbek\u00fc alan\u0131 ile a\u00e7\u0131k havada ya\u015fam\u0131n tad\u0131n\u0131 \u00e7\u0131kar\u0131n. 7\/24 g\u00fcvenlik kameralar\u0131, yedek jenerat\u00f6r ve tesis i\u00e7indeki a\u00e7\u0131k otopark gibi ek olanaklar ise size huzur ve g\u00fcven sa\u011flar. Tesis, her ya\u015ftan sakinlerine g\u00fcvenli, bak\u0131ml\u0131 ve modern bir ortam sunar. <\/p>\n<p data-start=\"1724\" data-end=\"1956\">Akdeniz ya\u015fam tarz\u0131n\u0131n tad\u0131n\u0131 \u00e7\u0131karmak veya Alanya&#8217;da ak\u0131ll\u0131 bir gayrimenkul yat\u0131r\u0131m\u0131 yapmak istiyorsan\u0131z, Exodus Garden&#8217;daki bu daire, kalite, uygun fiyat ve konforu bir araya getiren, plaja sadece birka\u00e7 dakika uzakl\u0131kta harika bir se\u00e7imdir.<\/p>\n","protected":false},"excerpt":{"rendered":"<p>Alanya, Avsallar&#8217;daki huzurlu Exodus Garden kompleksinde bulunan bu g\u00fczel tasarlanm\u0131\u015f 1+1 dairede modern konforu ya\u015fay\u0131n. 2022 y\u0131l\u0131nda in\u015fa edilen bu<\/p>\n","protected":false},"featured_media":24584,"comment_status":"open","ping_status":"closed","template":"","meta":[],"product_cat":[77],"product_tag":[],"country":[109],"district":[153],"selling-type":[118],"property-type":[120],"location":[152],"property-city":[124],"class_list":{"0":"post-24619","1":"product","2":"type-product","3":"status-publish","4":"has-post-thumbnail","6":"product_cat-acil-satilik","7":"country-turkey-tr","8":"district-avsallar-tr","9":"selling-type-resale-tr","10":"property-type-apartment-tr","11":"location-alanya-tr","12":"property-city-antalya-tr","14":"first","15":"instock","16":"shipping-taxable","17":"purchasable","18":"product-type-simple"},"_links":{"self":[{"href":"https:\/\/www.onurkoserealestate.com\/tr\/wp-json\/wp\/v2\/product\/24619","targetHints":{"allow":["GET"]}}],"collection":[{"href":"https:\/\/www.onurkoserealestate.com\/tr\/wp-json\/wp\/v2\/product"}],"about":[{"href":"https:\/\/www.onurkoserealestate.com\/tr\/wp-json\/wp\/v2\/types\/product"}],"replies":[{"embeddable":true,"href":"https:\/\/www.onurkoserealestate.com\/tr\/wp-json\/wp\/v2\/comments?post=24619"}],"wp:featuredmedia":[{"embeddable":true,"href":"https:\/\/www.onurkoserealestate.com\/tr\/wp-json\/wp\/v2\/media\/24584"}],"wp:attachment":[{"href":"https:\/\/www.onurkoserealestate.com\/tr\/wp-json\/wp\/v2\/media?parent=24619"}],"wp:term":[{"taxonomy":"product_cat","embeddable":true,"href":"https:\/\/www.onurkoserealestate.com\/tr\/wp-json\/wp\/v2\/product_cat?post=24619"},{"taxonomy":"product_tag","embeddable":true,"href":"https:\/\/www.onurkoserealestate.com\/tr\/wp-json\/wp\/v2\/product_tag?post=24619"},{"taxonomy":"country","embeddable":true,"href":"https:\/\/www.onurkoserealestate.com\/tr\/wp-json\/wp\/v2\/country?post=24619"},{"taxonomy":"district","embeddable":true,"href":"https:\/\/www.onurkoserealestate.com\/tr\/wp-json\/wp\/v2\/district?post=24619"},{"taxonomy":"selling-type","embeddable":true,"href":"https:\/\/www.onurkoserealestate.com\/tr\/wp-json\/wp\/v2\/selling-type?post=24619"},{"taxonomy":"property-type","embeddable":true,"href":"https:\/\/www.onurkoserealestate.com\/tr\/wp-json\/wp\/v2\/property-type?post=24619"},{"taxonomy":"location","embeddable":true,"href":"https:\/\/www.onurkoserealestate.com\/tr\/wp-json\/wp\/v2\/location?post=24619"},{"taxonomy":"property-city","embeddable":true,"href":"https:\/\/www.onurkoserealestate.com\/tr\/wp-json\/wp\/v2\/property-city?post=24619"}],"curies":[{"name":"wp","href":"https:\/\/api.w.org\/{rel}","templated":true}]}}