{"id":24944,"date":"2025-10-21T08:01:26","date_gmt":"2025-10-21T08:01:26","guid":{"rendered":"https:\/\/www.onurkoserealestate.com\/product\/guvenli-sik-ve-merkezi-alanyada-21-oba-daire\/"},"modified":"2025-10-21T08:01:26","modified_gmt":"2025-10-21T08:01:26","slug":"safe-stylish-and-central-21-oba-apartment-in-alanya","status":"publish","type":"product","link":"https:\/\/www.onurkoserealestate.com\/tr\/product\/safe-stylish-and-central-21-oba-apartment-in-alanya\/","title":{"rendered":"G\u00fcvenli, \u015e\u0131k ve Merkezi \u2013 Alanya&#8217;da 2+1 Oba Daire"},"content":{"rendered":"<p data-start=\"146\" data-end=\"696\">Alanya&#8217;n\u0131n g\u00fczel Oba semtinde bulunan bu geni\u015f ve tamamen mobilyal\u0131 2+1 daire, denizden sadece 800 metre uzakl\u0131kta 130 m\u00b2&#8217;lik konforlu bir ya\u015fam alan\u0131 sunmaktad\u0131r. G\u00fcneydo\u011fuya bakan \u00e7ift balkonlu 3. katta yer alan daire, bol miktarda do\u011fal g\u00fcne\u015f \u0131\u015f\u0131\u011f\u0131 ve huzurlu bir atmosfer sunmaktad\u0131r. En \u00f6nemli \u00f6zelliklerinden biri, mahremiyet ve rahatl\u0131k sa\u011flayan ana yatak odas\u0131ndaki en-suite banyodur. \u0130kamet i\u00e7in m\u00fckemmel olan bu m\u00fclk, Alanya&#8217;n\u0131n rahat ya\u015fam tarz\u0131n\u0131n tad\u0131n\u0131 \u00e7\u0131karmak isteyenler i\u00e7in idealdir.   <\/p>\n<p data-start=\"698\" data-end=\"1409\">Alanya&#8217;da bulunan bu modern kompleks, kapal\u0131 ve a\u00e7\u0131k y\u00fczme havuzlar\u0131, \u00e7ocuk havuzu, su park\u0131, havuz bar\u0131 ve daha fazlas\u0131n\u0131 i\u00e7eren birinci s\u0131n\u0131f sosyal olanaklara sahiptir. Sakinler T\u00fcrk hamam\u0131, sauna, buhar odas\u0131, masaj odalar\u0131 ve dinlendirici bir salondan yararlanabilirler. Alanya&#8217;da aktif bir ya\u015fam s\u00fcrmek i\u00e7in fitness merkezi, bilardo ve masa tenisi bulunmaktad\u0131r. Site ayr\u0131ca \u015f\u0131k bir bar, lobi ve 7\/24 kamera g\u00f6zetimi ve g\u00fcvenli\u011fi ile g\u00fcvenli bir giri\u015fe sahiptir. A\u00e7\u0131k otopark alan\u0131 sayesinde park sorunu asla ya\u015fanmaz. Alanya&#8217;da kal\u0131c\u0131 olarak ya\u015famak veya tatil evi yat\u0131r\u0131m\u0131 yapmak istiyorsan\u0131z, Oba&#8217;daki bu m\u00fclk, Alanya&#8217;n\u0131n sundu\u011fu her \u015feyin tad\u0131n\u0131 \u00e7\u0131karmak i\u00e7in harika bir f\u0131rsatt\u0131r.     <\/p>\n","protected":false},"excerpt":{"rendered":"<p>Alanya&#8217;n\u0131n g\u00fczel Oba semtinde bulunan bu geni\u015f ve tamamen mobilyal\u0131 2+1 daire, denizden sadece 800 metre uzakl\u0131kta 130 m\u00b2&#8217;lik konforlu<\/p>\n","protected":false},"featured_media":24881,"comment_status":"open","ping_status":"closed","template":"","meta":[],"product_cat":[77],"product_tag":[],"country":[109],"district":[193],"selling-type":[118],"property-type":[120],"location":[152],"property-city":[124],"class_list":{"0":"post-24944","1":"product","2":"type-product","3":"status-publish","4":"has-post-thumbnail","6":"product_cat-acil-satilik","7":"country-turkey-tr","8":"district-oba-tr","9":"selling-type-resale-tr","10":"property-type-apartment-tr","11":"location-alanya-tr","12":"property-city-antalya-tr","14":"first","15":"instock","16":"shipping-taxable","17":"purchasable","18":"product-type-simple"},"_links":{"self":[{"href":"https:\/\/www.onurkoserealestate.com\/tr\/wp-json\/wp\/v2\/product\/24944","targetHints":{"allow":["GET"]}}],"collection":[{"href":"https:\/\/www.onurkoserealestate.com\/tr\/wp-json\/wp\/v2\/product"}],"about":[{"href":"https:\/\/www.onurkoserealestate.com\/tr\/wp-json\/wp\/v2\/types\/product"}],"replies":[{"embeddable":true,"href":"https:\/\/www.onurkoserealestate.com\/tr\/wp-json\/wp\/v2\/comments?post=24944"}],"wp:featuredmedia":[{"embeddable":true,"href":"https:\/\/www.onurkoserealestate.com\/tr\/wp-json\/wp\/v2\/media\/24881"}],"wp:attachment":[{"href":"https:\/\/www.onurkoserealestate.com\/tr\/wp-json\/wp\/v2\/media?parent=24944"}],"wp:term":[{"taxonomy":"product_cat","embeddable":true,"href":"https:\/\/www.onurkoserealestate.com\/tr\/wp-json\/wp\/v2\/product_cat?post=24944"},{"taxonomy":"product_tag","embeddable":true,"href":"https:\/\/www.onurkoserealestate.com\/tr\/wp-json\/wp\/v2\/product_tag?post=24944"},{"taxonomy":"country","embeddable":true,"href":"https:\/\/www.onurkoserealestate.com\/tr\/wp-json\/wp\/v2\/country?post=24944"},{"taxonomy":"district","embeddable":true,"href":"https:\/\/www.onurkoserealestate.com\/tr\/wp-json\/wp\/v2\/district?post=24944"},{"taxonomy":"selling-type","embeddable":true,"href":"https:\/\/www.onurkoserealestate.com\/tr\/wp-json\/wp\/v2\/selling-type?post=24944"},{"taxonomy":"property-type","embeddable":true,"href":"https:\/\/www.onurkoserealestate.com\/tr\/wp-json\/wp\/v2\/property-type?post=24944"},{"taxonomy":"location","embeddable":true,"href":"https:\/\/www.onurkoserealestate.com\/tr\/wp-json\/wp\/v2\/location?post=24944"},{"taxonomy":"property-city","embeddable":true,"href":"https:\/\/www.onurkoserealestate.com\/tr\/wp-json\/wp\/v2\/property-city?post=24944"}],"curies":[{"name":"wp","href":"https:\/\/api.w.org\/{rel}","templated":true}]}}