{"id":25508,"date":"2025-11-10T13:11:32","date_gmt":"2025-11-10T13:11:32","guid":{"rendered":"https:\/\/www.onurkoserealestate.com\/product\/alanya-sehir-merkezinde-luks-51-dubleks-konak-city-tower\/"},"modified":"2025-11-10T13:11:32","modified_gmt":"2025-11-10T13:11:32","slug":"luxury-51-duplex-in-alanya-city-center-konak-city-tower","status":"publish","type":"product","link":"https:\/\/www.onurkoserealestate.com\/tr\/product\/luxury-51-duplex-in-alanya-city-center-konak-city-tower\/","title":{"rendered":"Alanya \u015eehir Merkezi&#8217;nde L\u00fcks 5+1 Dubleks \u2013 Konak City Tower"},"content":{"rendered":"<p>Alanya&#8217;n\u0131n kalbinde yer alan Konak City Tower&#8217;daki bu zarif 5+1 dubleks daire, l\u00fcks, konfor ve rahatl\u0131\u011f\u0131n m\u00fckemmel bir kar\u0131\u015f\u0131m\u0131n\u0131 sunuyor. 8. katta bulunan daire 260 m\u00b2 alana sahip ve ayr\u0131 bir mutfak, geni\u015f ya\u015fam alanlar\u0131 ve deniz ile Alanya Kalesi manzaras\u0131n\u0131n muhte\u015fem bir kombinasyonunu sunuyor. G\u00fcn boyu g\u00fcne\u015f \u0131\u015f\u0131\u011f\u0131n\u0131n tad\u0131n\u0131 \u00e7\u0131karmak i\u00e7in tasarlanan daire g\u00fcney, kuzey ve bat\u0131ya bak\u0131yor. Bu modern Alanya konutu, \u00fc\u00e7 adet en-suite banyo, iki adet ortak banyo, bir giyinme odas\u0131 ve y\u00fcksek kaliteli kaplamalar i\u00e7ermektedir. Sadece be\u015f y\u0131l \u00f6nce in\u015fa edilen daire, merkezi tavan tipi klima, elektrikli panjurlar, elektrikli tenteler ve Alanya&#8217;n\u0131n \u0131l\u0131man ikliminde y\u0131l boyunca konfor i\u00e7in m\u00fckemmel olan rahat bir \u015f\u00f6mine sunmaktad\u0131r. Geni\u015f teras, dinlenmek ve Alanya sahil \u015feridinin panoramik manzaras\u0131n\u0131n tad\u0131n\u0131 \u00e7\u0131karmak i\u00e7in m\u00fckemmel bir alan sa\u011flar. Kompleks, modern \u015fehir ya\u015fam\u0131 i\u00e7in her \u015feye sahiptir: a\u00e7\u0131k ve kapal\u0131 y\u00fczme havuzlar\u0131, fitness merkezi, T\u00fcrk hamam\u0131, sauna, barbek\u00fc alan\u0131, kap\u0131c\u0131, \u00e7ift asans\u00f6r ve hem a\u00e7\u0131k hem de kapal\u0131 otopark. Plaja sadece 700 metre uzakl\u0131kta bulunan bu Alanya City Tower dubleks, Alanya&#8217;n\u0131n en g\u00f6zde mahallelerinden birinde denize yak\u0131n l\u00fcks \u015fehir ya\u015fam\u0131 arayanlar i\u00e7in idealdir.       <\/p>\n","protected":false},"excerpt":{"rendered":"<p>Alanya&#8217;n\u0131n kalbinde yer alan Konak City Tower&#8217;daki bu zarif 5+1 dubleks daire, l\u00fcks, konfor ve rahatl\u0131\u011f\u0131n m\u00fckemmel bir kar\u0131\u015f\u0131m\u0131n\u0131 sunuyor.<\/p>\n","protected":false},"featured_media":25505,"comment_status":"open","ping_status":"closed","template":"","meta":[],"product_cat":[77],"product_tag":[],"country":[109],"district":[214],"selling-type":[118],"property-type":[120],"location":[152],"property-city":[124],"class_list":{"0":"post-25508","1":"product","2":"type-product","3":"status-publish","4":"has-post-thumbnail","6":"product_cat-acil-satilik","7":"country-turkey-tr","8":"district-center-tr","9":"selling-type-resale-tr","10":"property-type-apartment-tr","11":"location-alanya-tr","12":"property-city-antalya-tr","14":"first","15":"instock","16":"shipping-taxable","17":"purchasable","18":"product-type-simple"},"_links":{"self":[{"href":"https:\/\/www.onurkoserealestate.com\/tr\/wp-json\/wp\/v2\/product\/25508","targetHints":{"allow":["GET"]}}],"collection":[{"href":"https:\/\/www.onurkoserealestate.com\/tr\/wp-json\/wp\/v2\/product"}],"about":[{"href":"https:\/\/www.onurkoserealestate.com\/tr\/wp-json\/wp\/v2\/types\/product"}],"replies":[{"embeddable":true,"href":"https:\/\/www.onurkoserealestate.com\/tr\/wp-json\/wp\/v2\/comments?post=25508"}],"wp:featuredmedia":[{"embeddable":true,"href":"https:\/\/www.onurkoserealestate.com\/tr\/wp-json\/wp\/v2\/media\/25505"}],"wp:attachment":[{"href":"https:\/\/www.onurkoserealestate.com\/tr\/wp-json\/wp\/v2\/media?parent=25508"}],"wp:term":[{"taxonomy":"product_cat","embeddable":true,"href":"https:\/\/www.onurkoserealestate.com\/tr\/wp-json\/wp\/v2\/product_cat?post=25508"},{"taxonomy":"product_tag","embeddable":true,"href":"https:\/\/www.onurkoserealestate.com\/tr\/wp-json\/wp\/v2\/product_tag?post=25508"},{"taxonomy":"country","embeddable":true,"href":"https:\/\/www.onurkoserealestate.com\/tr\/wp-json\/wp\/v2\/country?post=25508"},{"taxonomy":"district","embeddable":true,"href":"https:\/\/www.onurkoserealestate.com\/tr\/wp-json\/wp\/v2\/district?post=25508"},{"taxonomy":"selling-type","embeddable":true,"href":"https:\/\/www.onurkoserealestate.com\/tr\/wp-json\/wp\/v2\/selling-type?post=25508"},{"taxonomy":"property-type","embeddable":true,"href":"https:\/\/www.onurkoserealestate.com\/tr\/wp-json\/wp\/v2\/property-type?post=25508"},{"taxonomy":"location","embeddable":true,"href":"https:\/\/www.onurkoserealestate.com\/tr\/wp-json\/wp\/v2\/location?post=25508"},{"taxonomy":"property-city","embeddable":true,"href":"https:\/\/www.onurkoserealestate.com\/tr\/wp-json\/wp\/v2\/property-city?post=25508"}],"curies":[{"name":"wp","href":"https:\/\/api.w.org\/{rel}","templated":true}]}}