{"id":25807,"date":"2025-11-11T07:55:25","date_gmt":"2025-11-11T07:55:25","guid":{"rendered":"https:\/\/www.onurkoserealestate.com\/product\/alanya-kestelde-deniz-ve-havuz-manzarali-sik-21-daire\/"},"modified":"2025-11-11T07:55:25","modified_gmt":"2025-11-11T07:55:25","slug":"stylish-21-apartment-with-sea-pool-views-in-kestel-alanya","status":"publish","type":"product","link":"https:\/\/www.onurkoserealestate.com\/tr\/product\/stylish-21-apartment-with-sea-pool-views-in-kestel-alanya\/","title":{"rendered":"Alanya, Kestel&#8217;de Deniz ve Havuz Manzaral\u0131 \u015e\u0131k 2+1 Daire"},"content":{"rendered":"<p>Alanya&#8217;n\u0131n hareketli Kestel b\u00f6lgesinde bulunan Calypso Residence&#8217;daki bu modern 2+1 daire, konfor, stil ve Akdeniz cazibesini m\u00fckemmel bir \u015fekilde bir araya getiriyor. 75 m\u00b2 ya\u015fam alan\u0131 ve Amerikan tarz\u0131 mutfa\u011f\u0131 ile daire, g\u00fcne\u015fli g\u00fcneydo\u011fu y\u00f6n\u00fcne bakan 2. katta yer almaktad\u0131r. Balkonunuzdan, Alanya&#8217;y\u0131 bu kadar cazip bir destinasyon yapan rahatlat\u0131c\u0131 atmosferin i\u00e7inde, hem deniz hem de havuz manzaras\u0131n\u0131n keyfini \u00e7\u0131karabilirsiniz. Alanya&#8217;n\u0131n berrak kumsallar\u0131na sadece 450 metre uzakl\u0131kta bulunan bu rezidans, m\u00fckemmel bir sahil ya\u015fam\u0131 sunmaktad\u0131r. Kompleks i\u00e7inde, sakinler b\u00fcy\u00fck bir y\u00fczme havuzu, fitness merkezi, sauna ve dinlenmek i\u00e7in g\u00fczel peyzajl\u0131 alanlar dahil olmak \u00fczere t\u00fcm sosyal olanaklar\u0131n keyfini \u00e7\u0131karabilirler. Alanya&#8217;da bir tatil evi veya ak\u0131ll\u0131 bir yat\u0131r\u0131m ar\u0131yorsan\u0131z, Calypso Residence&#8217;daki bu m\u00fclk, Akdeniz ya\u015fam\u0131n\u0131n g\u00fczelli\u011fini ve konforunu kucaklamak i\u00e7in ihtiyac\u0131n\u0131z olan her \u015feyi sunmaktad\u0131r.     <\/p>\n","protected":false},"excerpt":{"rendered":"<p>Alanya&#8217;n\u0131n hareketli Kestel b\u00f6lgesinde bulunan Calypso Residence&#8217;daki bu modern 2+1 daire, konfor, stil ve Akdeniz cazibesini m\u00fckemmel bir \u015fekilde bir<\/p>\n","protected":false},"featured_media":25752,"comment_status":"open","ping_status":"closed","template":"","meta":[],"product_cat":[77],"product_tag":[],"country":[109],"district":[200],"selling-type":[118],"property-type":[120],"location":[152],"property-city":[124],"class_list":{"0":"post-25807","1":"product","2":"type-product","3":"status-publish","4":"has-post-thumbnail","6":"product_cat-acil-satilik","7":"country-turkey-tr","8":"district-kestel-tr","9":"selling-type-resale-tr","10":"property-type-apartment-tr","11":"location-alanya-tr","12":"property-city-antalya-tr","14":"first","15":"instock","16":"shipping-taxable","17":"purchasable","18":"product-type-simple"},"_links":{"self":[{"href":"https:\/\/www.onurkoserealestate.com\/tr\/wp-json\/wp\/v2\/product\/25807","targetHints":{"allow":["GET"]}}],"collection":[{"href":"https:\/\/www.onurkoserealestate.com\/tr\/wp-json\/wp\/v2\/product"}],"about":[{"href":"https:\/\/www.onurkoserealestate.com\/tr\/wp-json\/wp\/v2\/types\/product"}],"replies":[{"embeddable":true,"href":"https:\/\/www.onurkoserealestate.com\/tr\/wp-json\/wp\/v2\/comments?post=25807"}],"wp:featuredmedia":[{"embeddable":true,"href":"https:\/\/www.onurkoserealestate.com\/tr\/wp-json\/wp\/v2\/media\/25752"}],"wp:attachment":[{"href":"https:\/\/www.onurkoserealestate.com\/tr\/wp-json\/wp\/v2\/media?parent=25807"}],"wp:term":[{"taxonomy":"product_cat","embeddable":true,"href":"https:\/\/www.onurkoserealestate.com\/tr\/wp-json\/wp\/v2\/product_cat?post=25807"},{"taxonomy":"product_tag","embeddable":true,"href":"https:\/\/www.onurkoserealestate.com\/tr\/wp-json\/wp\/v2\/product_tag?post=25807"},{"taxonomy":"country","embeddable":true,"href":"https:\/\/www.onurkoserealestate.com\/tr\/wp-json\/wp\/v2\/country?post=25807"},{"taxonomy":"district","embeddable":true,"href":"https:\/\/www.onurkoserealestate.com\/tr\/wp-json\/wp\/v2\/district?post=25807"},{"taxonomy":"selling-type","embeddable":true,"href":"https:\/\/www.onurkoserealestate.com\/tr\/wp-json\/wp\/v2\/selling-type?post=25807"},{"taxonomy":"property-type","embeddable":true,"href":"https:\/\/www.onurkoserealestate.com\/tr\/wp-json\/wp\/v2\/property-type?post=25807"},{"taxonomy":"location","embeddable":true,"href":"https:\/\/www.onurkoserealestate.com\/tr\/wp-json\/wp\/v2\/location?post=25807"},{"taxonomy":"property-city","embeddable":true,"href":"https:\/\/www.onurkoserealestate.com\/tr\/wp-json\/wp\/v2\/property-city?post=25807"}],"curies":[{"name":"wp","href":"https:\/\/api.w.org\/{rel}","templated":true}]}}