{"id":25987,"date":"2025-11-11T12:47:40","date_gmt":"2025-11-11T12:47:40","guid":{"rendered":"https:\/\/www.onurkoserealestate.com\/product\/alanyada-havuzlu-saunali-ve-7-24-guvenlikli-anahtar-teslimi-21-dubleks\/"},"modified":"2025-11-11T12:47:40","modified_gmt":"2025-11-11T12:47:40","slug":"turnkey-21-duplex-in-alanya-with-pool-sauna-24-7-security","status":"publish","type":"product","link":"https:\/\/www.onurkoserealestate.com\/tr\/product\/turnkey-21-duplex-in-alanya-with-pool-sauna-24-7-security\/","title":{"rendered":"Alanya&#8217;da Havuzlu, Saunal\u0131 ve 7\/24 G\u00fcvenlikli Anahtar Teslimi 2+1 Dubleks"},"content":{"rendered":"<p>Alanya&#8217;n\u0131n pop\u00fcler Oba b\u00f6lgesinde bulunan bu zarif 2+1 dubleks daire, modern konfor ve Akdeniz cazibesinin m\u00fckemmel dengesini sunuyor. 4. katta 140 m\u00b2 ya\u015fam alan\u0131na sahip daire, tamamen mobilyal\u0131d\u0131r ve iki banyo ile iki tuvalet i\u00e7ermektedir, bu da aile ya\u015fam\u0131 i\u00e7in ola\u011fan\u00fcst\u00fc bir rahatl\u0131k sa\u011flar. Ferahlat\u0131c\u0131 kuzeydo\u011fu y\u00f6n\u00fcne bakan daire, Alanya&#8217;n\u0131n canl\u0131 g\u00fczelli\u011fini tam anlam\u0131yla yans\u0131tan muhte\u015fem \u015fehir, sokak ve do\u011fa manzaralar\u0131 sunmaktad\u0131r. Plaja sadece 1 km uzakl\u0131kta bulunan bu rezidans, Alanya&#8217;n\u0131n sahil ya\u015fam\u0131n\u0131n en iyisini ya\u015faman\u0131z\u0131 sa\u011flarken, \u015fehrin al\u0131\u015fveri\u015f, yemek ve e\u011flence alanlar\u0131na da yak\u0131n olman\u0131z\u0131 sa\u011flar. 2016 y\u0131l\u0131nda in\u015fa edilen kompleks, a\u00e7\u0131k ve kapal\u0131 y\u00fczme havuzlar\u0131, fitness merkezi, T\u00fcrk hamam\u0131, sauna, bah\u00e7e alan\u0131, otopark, asans\u00f6r ve 7\/24 g\u00fcvenlik gibi t\u00fcm sosyal olanaklar\u0131 sunmaktad\u0131r. Alanya&#8217;da bir tatil evi veya uzun s\u00fcreli ikamet yeri ar\u0131yorsan\u0131z, bu Oba dubleksi kalite, konfor ve ola\u011fan\u00fcst\u00fc bir Akdeniz deneyimi vaat ediyor.     <\/p>\n","protected":false},"excerpt":{"rendered":"<p>Alanya&#8217;n\u0131n pop\u00fcler Oba b\u00f6lgesinde bulunan bu zarif 2+1 dubleks daire, modern konfor ve Akdeniz cazibesinin m\u00fckemmel dengesini sunuyor. 4. katta<\/p>\n","protected":false},"featured_media":25968,"comment_status":"open","ping_status":"closed","template":"","meta":[],"product_cat":[77],"product_tag":[],"country":[109],"district":[193],"selling-type":[118],"property-type":[120],"location":[152],"property-city":[124],"class_list":{"0":"post-25987","1":"product","2":"type-product","3":"status-publish","4":"has-post-thumbnail","6":"product_cat-acil-satilik","7":"country-turkey-tr","8":"district-oba-tr","9":"selling-type-resale-tr","10":"property-type-apartment-tr","11":"location-alanya-tr","12":"property-city-antalya-tr","14":"first","15":"instock","16":"shipping-taxable","17":"purchasable","18":"product-type-simple"},"_links":{"self":[{"href":"https:\/\/www.onurkoserealestate.com\/tr\/wp-json\/wp\/v2\/product\/25987","targetHints":{"allow":["GET"]}}],"collection":[{"href":"https:\/\/www.onurkoserealestate.com\/tr\/wp-json\/wp\/v2\/product"}],"about":[{"href":"https:\/\/www.onurkoserealestate.com\/tr\/wp-json\/wp\/v2\/types\/product"}],"replies":[{"embeddable":true,"href":"https:\/\/www.onurkoserealestate.com\/tr\/wp-json\/wp\/v2\/comments?post=25987"}],"wp:featuredmedia":[{"embeddable":true,"href":"https:\/\/www.onurkoserealestate.com\/tr\/wp-json\/wp\/v2\/media\/25968"}],"wp:attachment":[{"href":"https:\/\/www.onurkoserealestate.com\/tr\/wp-json\/wp\/v2\/media?parent=25987"}],"wp:term":[{"taxonomy":"product_cat","embeddable":true,"href":"https:\/\/www.onurkoserealestate.com\/tr\/wp-json\/wp\/v2\/product_cat?post=25987"},{"taxonomy":"product_tag","embeddable":true,"href":"https:\/\/www.onurkoserealestate.com\/tr\/wp-json\/wp\/v2\/product_tag?post=25987"},{"taxonomy":"country","embeddable":true,"href":"https:\/\/www.onurkoserealestate.com\/tr\/wp-json\/wp\/v2\/country?post=25987"},{"taxonomy":"district","embeddable":true,"href":"https:\/\/www.onurkoserealestate.com\/tr\/wp-json\/wp\/v2\/district?post=25987"},{"taxonomy":"selling-type","embeddable":true,"href":"https:\/\/www.onurkoserealestate.com\/tr\/wp-json\/wp\/v2\/selling-type?post=25987"},{"taxonomy":"property-type","embeddable":true,"href":"https:\/\/www.onurkoserealestate.com\/tr\/wp-json\/wp\/v2\/property-type?post=25987"},{"taxonomy":"location","embeddable":true,"href":"https:\/\/www.onurkoserealestate.com\/tr\/wp-json\/wp\/v2\/location?post=25987"},{"taxonomy":"property-city","embeddable":true,"href":"https:\/\/www.onurkoserealestate.com\/tr\/wp-json\/wp\/v2\/property-city?post=25987"}],"curies":[{"name":"wp","href":"https:\/\/api.w.org\/{rel}","templated":true}]}}