{"id":3053,"date":"2024-05-20T08:34:03","date_gmt":"2024-05-20T08:34:03","guid":{"rendered":"https:\/\/www.onurkoserealestate.com\/product\/modern-olanaklar-ve-elverisli-konum-alanyadaki-bu-21-daireyi-kesfedin\/"},"modified":"2024-05-21T15:25:25","modified_gmt":"2024-05-21T15:25:25","slug":"alanyada-bu-21-daireyi-kesfet-modern-olanaklar-elverisli-konum","status":"publish","type":"product","link":"https:\/\/www.onurkoserealestate.com\/tr\/product\/modern-olanaklar-ve-elverisli-konum-alanyadaki-bu-21-daireyi-kesfedin\/","title":{"rendered":"Modern Olanaklar ve Elveri\u015fli Konum: Alanya&#8217;daki Bu 2+1 Daireyi Ke\u015ffedin"},"content":{"rendered":"<p>Alanya&#8217;da 3. katta m\u00fckemmel bir konuma sahip olan bu 2 yatak odal\u0131 ve a\u00e7\u0131k mutfakl\u0131 daire 120 metrekaredir. Tamamen mobilyal\u0131 ve g\u00fcneydo\u011fu cepheli dairede yerden \u0131s\u0131tma sistemi ile donat\u0131lm\u0131\u015f 2 banyo bulunmaktad\u0131r. Denize sadece 1,3 kilometre uzakl\u0131ktaki bu tesis, rahatl\u0131k ve konfor sunmaktad\u0131r. Ayl\u0131k 80 Euro aidat \u00f6deyen site sakinleri, 6 havuz, 2 jakuzi, aquapark, fitness merkezi, sauna, barbek\u00fc alan\u0131, oturma alan\u0131, masa tenisi ve otopark dahil olmak \u00fczere site i\u00e7indeki \u00e7ok say\u0131da olanaktan yararlanabilirler. Modern ya\u015fam\u0131 ideal bir konumla birle\u015ftiren bu daire, sakinlerine konforlu bir ya\u015fam tarz\u0131 vadediyor. Daha fazla bilgi ve randevu i\u00e7in bizimle ileti\u015fime ge\u00e7in.<\/p>\n","protected":false},"excerpt":{"rendered":"<p>Alanya&#8217;da 3. katta m\u00fckemmel bir konuma sahip olan bu 2 yatak odal\u0131 ve a\u00e7\u0131k mutfakl\u0131 daire 120 metrekaredir. Tamamen mobilyal\u0131<\/p>\n","protected":false},"featured_media":2913,"comment_status":"open","ping_status":"closed","template":"","meta":[],"product_cat":[77,78],"product_tag":[],"country":[111,109],"district":[],"selling-type":[118],"property-type":[120],"location":[],"property-city":[124],"class_list":{"0":"post-3053","1":"product","2":"type-product","3":"status-publish","4":"has-post-thumbnail","6":"product_cat-acil-satilik","7":"product_cat-konut-icin-uygun","8":"country-cyprus-tr","9":"country-turkey-tr","10":"selling-type-resale-tr","11":"property-type-apartment-tr","12":"property-city-antalya-tr","14":"first","15":"instock","16":"shipping-taxable","17":"purchasable","18":"product-type-simple"},"_links":{"self":[{"href":"https:\/\/www.onurkoserealestate.com\/tr\/wp-json\/wp\/v2\/product\/3053","targetHints":{"allow":["GET"]}}],"collection":[{"href":"https:\/\/www.onurkoserealestate.com\/tr\/wp-json\/wp\/v2\/product"}],"about":[{"href":"https:\/\/www.onurkoserealestate.com\/tr\/wp-json\/wp\/v2\/types\/product"}],"replies":[{"embeddable":true,"href":"https:\/\/www.onurkoserealestate.com\/tr\/wp-json\/wp\/v2\/comments?post=3053"}],"wp:featuredmedia":[{"embeddable":true,"href":"https:\/\/www.onurkoserealestate.com\/tr\/wp-json\/wp\/v2\/media\/2913"}],"wp:attachment":[{"href":"https:\/\/www.onurkoserealestate.com\/tr\/wp-json\/wp\/v2\/media?parent=3053"}],"wp:term":[{"taxonomy":"product_cat","embeddable":true,"href":"https:\/\/www.onurkoserealestate.com\/tr\/wp-json\/wp\/v2\/product_cat?post=3053"},{"taxonomy":"product_tag","embeddable":true,"href":"https:\/\/www.onurkoserealestate.com\/tr\/wp-json\/wp\/v2\/product_tag?post=3053"},{"taxonomy":"country","embeddable":true,"href":"https:\/\/www.onurkoserealestate.com\/tr\/wp-json\/wp\/v2\/country?post=3053"},{"taxonomy":"district","embeddable":true,"href":"https:\/\/www.onurkoserealestate.com\/tr\/wp-json\/wp\/v2\/district?post=3053"},{"taxonomy":"selling-type","embeddable":true,"href":"https:\/\/www.onurkoserealestate.com\/tr\/wp-json\/wp\/v2\/selling-type?post=3053"},{"taxonomy":"property-type","embeddable":true,"href":"https:\/\/www.onurkoserealestate.com\/tr\/wp-json\/wp\/v2\/property-type?post=3053"},{"taxonomy":"location","embeddable":true,"href":"https:\/\/www.onurkoserealestate.com\/tr\/wp-json\/wp\/v2\/location?post=3053"},{"taxonomy":"property-city","embeddable":true,"href":"https:\/\/www.onurkoserealestate.com\/tr\/wp-json\/wp\/v2\/property-city?post=3053"}],"curies":[{"name":"wp","href":"https:\/\/api.w.org\/{rel}","templated":true}]}}