{"id":3701,"date":"2024-05-18T07:58:35","date_gmt":"2024-05-18T07:58:35","guid":{"rendered":"https:\/\/www.onurkoserealestate.com\/product\/alanya-avsallarda-buyuleyici-31-mustakil-villa\/"},"modified":"2024-05-18T07:58:35","modified_gmt":"2024-05-18T07:58:35","slug":"charming-31-detached-villa-in-alanya-avsallar","status":"publish","type":"product","link":"https:\/\/www.onurkoserealestate.com\/tr\/product\/alanya-avsallarda-buyuleyici-31-mustakil-villa\/","title":{"rendered":"Alanya-Avsallar&#8217;da B\u00fcy\u00fcleyici 3+1 M\u00fcstakil Villa"},"content":{"rendered":"<p>Avsallar&#8217;\u0131n sakin b\u00f6lgesinde yer alan bu keyifli 3+1 m\u00fcstakil villa, huzur ve konfor arayanlar i\u00e7in m\u00fckemmel bir s\u0131\u011f\u0131nak sunmaktad\u0131r. Bu villa 140 metrekarelik geni\u015f bir yerle\u015fim plan\u0131na sahiptir, a\u00e7\u0131k plan mutfak, 2 banyo ve rahat\u0131n\u0131z i\u00e7in tamamen mobilyal\u0131d\u0131r.<\/p>\n<p>Denize sadece 2,1 kilometre mesafede yer alan bu villa, Avsallar&#8217;\u0131n g\u00fczel plajlar\u0131na kolay eri\u015fim sa\u011flamaktad\u0131r. Bu tesisin en \u00f6nemli \u00f6zelli\u011fi, size diledi\u011finiz zaman serinletici bir y\u00fczmenin keyfini \u00e7\u0131karma l\u00fcks\u00fc sunan \u00f6zel havuzudur. Ayr\u0131ca, ara\u00e7lar\u0131n\u0131z i\u00e7in geni\u015f bir park alan\u0131 mevcuttur.<\/p>\n<p>Do\u011fal g\u00fczellikleri ve rahat atmosferiyle \u00fcnl\u00fc Avsallar, \u015fehir hayat\u0131n\u0131n ko\u015fu\u015fturmas\u0131ndan ka\u00e7mak isteyenler i\u00e7in ideal bir yerdir. Bu b\u00fcy\u00fcleyici villay\u0131 kendinize ait k\u0131lma ve k\u0131y\u0131 ya\u015fam\u0131n\u0131n en \u00fcst d\u00fczeyini deneyimleme f\u0131rsat\u0131n\u0131 ka\u00e7\u0131rmay\u0131n!<\/p>\n","protected":false},"excerpt":{"rendered":"<p>Avsallar&#8217;\u0131n sakin b\u00f6lgesinde yer alan bu keyifli 3+1 m\u00fcstakil villa, huzur ve konfor arayanlar i\u00e7in m\u00fckemmel bir s\u0131\u011f\u0131nak sunmaktad\u0131r. Bu<\/p>\n","protected":false},"featured_media":2753,"comment_status":"open","ping_status":"closed","template":"","meta":[],"product_cat":[77,78,101,95,92,98],"product_tag":[],"country":[],"district":[153],"selling-type":[118],"property-type":[140],"location":[152],"property-city":[124],"class_list":{"0":"post-3701","1":"product","2":"type-product","3":"status-publish","4":"has-post-thumbnail","6":"product_cat-acil-satilik","7":"product_cat-konut-icin-uygun","8":"product_cat-deniz-manzarali","9":"product_cat-havuz-manzarasi","10":"product_cat-online-tur","11":"product_cat-oturma-izni","12":"district-avsallar-tr","13":"selling-type-resale-tr","14":"property-type-villa-tr","15":"location-alanya-tr","16":"property-city-antalya-tr","18":"first","19":"instock","20":"shipping-taxable","21":"purchasable","22":"product-type-simple"},"_links":{"self":[{"href":"https:\/\/www.onurkoserealestate.com\/tr\/wp-json\/wp\/v2\/product\/3701","targetHints":{"allow":["GET"]}}],"collection":[{"href":"https:\/\/www.onurkoserealestate.com\/tr\/wp-json\/wp\/v2\/product"}],"about":[{"href":"https:\/\/www.onurkoserealestate.com\/tr\/wp-json\/wp\/v2\/types\/product"}],"replies":[{"embeddable":true,"href":"https:\/\/www.onurkoserealestate.com\/tr\/wp-json\/wp\/v2\/comments?post=3701"}],"wp:featuredmedia":[{"embeddable":true,"href":"https:\/\/www.onurkoserealestate.com\/tr\/wp-json\/wp\/v2\/media\/2753"}],"wp:attachment":[{"href":"https:\/\/www.onurkoserealestate.com\/tr\/wp-json\/wp\/v2\/media?parent=3701"}],"wp:term":[{"taxonomy":"product_cat","embeddable":true,"href":"https:\/\/www.onurkoserealestate.com\/tr\/wp-json\/wp\/v2\/product_cat?post=3701"},{"taxonomy":"product_tag","embeddable":true,"href":"https:\/\/www.onurkoserealestate.com\/tr\/wp-json\/wp\/v2\/product_tag?post=3701"},{"taxonomy":"country","embeddable":true,"href":"https:\/\/www.onurkoserealestate.com\/tr\/wp-json\/wp\/v2\/country?post=3701"},{"taxonomy":"district","embeddable":true,"href":"https:\/\/www.onurkoserealestate.com\/tr\/wp-json\/wp\/v2\/district?post=3701"},{"taxonomy":"selling-type","embeddable":true,"href":"https:\/\/www.onurkoserealestate.com\/tr\/wp-json\/wp\/v2\/selling-type?post=3701"},{"taxonomy":"property-type","embeddable":true,"href":"https:\/\/www.onurkoserealestate.com\/tr\/wp-json\/wp\/v2\/property-type?post=3701"},{"taxonomy":"location","embeddable":true,"href":"https:\/\/www.onurkoserealestate.com\/tr\/wp-json\/wp\/v2\/location?post=3701"},{"taxonomy":"property-city","embeddable":true,"href":"https:\/\/www.onurkoserealestate.com\/tr\/wp-json\/wp\/v2\/property-city?post=3701"}],"curies":[{"name":"wp","href":"https:\/\/api.w.org\/{rel}","templated":true}]}}