{"id":3702,"date":"2024-05-16T13:17:02","date_gmt":"2024-05-16T13:17:02","guid":{"rendered":"https:\/\/www.onurkoserealestate.com\/product\/amerikan-mutfakli-ve-havuz-manzarali-genis-31-daire\/"},"modified":"2025-04-02T12:36:43","modified_gmt":"2025-04-02T12:36:43","slug":"amerikan-mutfakli-ve-havuz-manzarali-genis-31-daire","status":"publish","type":"product","link":"https:\/\/www.onurkoserealestate.com\/tr\/product\/amerikan-mutfakli-ve-havuz-manzarali-genis-31-daire\/","title":{"rendered":"Amerikan Mutfakl\u0131 ve Havuz Manzaral\u0131 Geni\u015f 3+1 Daire"},"content":{"rendered":"<p class=\"\" data-start=\"59\" data-end=\"513\">Alanya, g\u00fczel plajlar\u0131, canl\u0131 gece hayat\u0131 ve zengin tarihi miras\u0131 ile \u00fcnl\u00fc, T\u00fcrkiye&#8217;nin g\u00fcney k\u0131y\u0131s\u0131nda yer alan \u00e7arp\u0131c\u0131 bir sahil kentidir. Akdeniz k\u0131y\u0131s\u0131nda yer alan Alanya, modern olanaklar ve geleneksel cazibenin bir kar\u0131\u015f\u0131m\u0131n\u0131 sunmaktad\u0131r. \u015eehir, limana bakan bir tepenin \u00fczerinde yer alan Alanya Kalesi ve \u00fcnl\u00fc M\u0131s\u0131r krali\u00e7esinin ad\u0131n\u0131 ta\u015f\u0131yan antik Kleopatra Plaj\u0131 da dahil olmak \u00fczere bir\u00e7ok ikonik simge yap\u0131ya ev sahipli\u011fi yapmaktad\u0131r.  <\/p>\n<p class=\"\" data-start=\"515\" data-end=\"848\">Alanya&#8217;n\u0131n s\u0131cak iklimi, buray\u0131 y\u0131l boyunca turistler i\u00e7in ideal bir yer haline getirmektedir. B\u00f6lge, plaj tutkunlar\u0131 ve a\u00e7\u0131k hava merakl\u0131lar\u0131 i\u00e7in m\u00fckemmel olan g\u00fcne\u015fli g\u00fcnleriyle tan\u0131n\u0131r. Alanya, do\u011fal g\u00fczelli\u011finin yan\u0131 s\u0131ra ma\u011faralar\u0131n\u0131 ve y\u00fcr\u00fcy\u00fc\u015f parkurlar\u0131n\u0131 ke\u015ffetmekten deniz kenar\u0131ndaki restoranlarda yerel yemeklerin tad\u0131n\u0131 \u00e7\u0131karmaya kadar \u00e7e\u015fitli aktiviteler sunmaktad\u0131r.  <\/p>\n<p class=\"\" data-start=\"850\" data-end=\"1177\">\u015eehir, \u00f6zellikle sahil boyunca uygun fiyatl\u0131 gayrimenkulleri nedeniyle yabanc\u0131 emlak al\u0131c\u0131lar\u0131 aras\u0131nda da giderek daha pop\u00fcler hale geliyor. Bir\u00e7ok insan Alanya&#8217;n\u0131n rahat ya\u015fam tarz\u0131na ve tatil evlerine yat\u0131r\u0131m yapma f\u0131rsat\u0131na \u00e7ekiliyor, bu da onu hem k\u0131sa s\u00fcreli ziyaret\u00e7iler hem de uzun s\u00fcreli sakinler i\u00e7in \u00e7ekici bir se\u00e7enek haline getiriyor. <\/p>\n<p class=\"\" data-start=\"1179\" data-end=\"1288\">\u0130ster macera, ister rahatlama, ister yerle\u015fecek bir yer ar\u0131yorsan\u0131z Alanya herkese bir \u015feyler sunuyor.<\/p>\n","protected":false},"excerpt":{"rendered":"<p>Alanya, g\u00fczel plajlar\u0131, canl\u0131 gece hayat\u0131 ve zengin tarihi miras\u0131 ile \u00fcnl\u00fc, T\u00fcrkiye&#8217;nin g\u00fcney k\u0131y\u0131s\u0131nda yer alan \u00e7arp\u0131c\u0131 bir sahil<\/p>\n","protected":false},"featured_media":2578,"comment_status":"open","ping_status":"closed","template":"","meta":[],"product_cat":[95],"product_tag":[],"country":[],"district":[],"selling-type":[118],"property-type":[120],"location":[152],"property-city":[124],"class_list":{"0":"post-3702","1":"product","2":"type-product","3":"status-publish","4":"has-post-thumbnail","6":"product_cat-havuz-manzarasi","7":"selling-type-resale-tr","8":"property-type-apartment-tr","9":"location-alanya-tr","10":"property-city-antalya-tr","12":"first","13":"instock","14":"shipping-taxable","15":"purchasable","16":"product-type-simple"},"_links":{"self":[{"href":"https:\/\/www.onurkoserealestate.com\/tr\/wp-json\/wp\/v2\/product\/3702","targetHints":{"allow":["GET"]}}],"collection":[{"href":"https:\/\/www.onurkoserealestate.com\/tr\/wp-json\/wp\/v2\/product"}],"about":[{"href":"https:\/\/www.onurkoserealestate.com\/tr\/wp-json\/wp\/v2\/types\/product"}],"replies":[{"embeddable":true,"href":"https:\/\/www.onurkoserealestate.com\/tr\/wp-json\/wp\/v2\/comments?post=3702"}],"wp:featuredmedia":[{"embeddable":true,"href":"https:\/\/www.onurkoserealestate.com\/tr\/wp-json\/wp\/v2\/media\/2578"}],"wp:attachment":[{"href":"https:\/\/www.onurkoserealestate.com\/tr\/wp-json\/wp\/v2\/media?parent=3702"}],"wp:term":[{"taxonomy":"product_cat","embeddable":true,"href":"https:\/\/www.onurkoserealestate.com\/tr\/wp-json\/wp\/v2\/product_cat?post=3702"},{"taxonomy":"product_tag","embeddable":true,"href":"https:\/\/www.onurkoserealestate.com\/tr\/wp-json\/wp\/v2\/product_tag?post=3702"},{"taxonomy":"country","embeddable":true,"href":"https:\/\/www.onurkoserealestate.com\/tr\/wp-json\/wp\/v2\/country?post=3702"},{"taxonomy":"district","embeddable":true,"href":"https:\/\/www.onurkoserealestate.com\/tr\/wp-json\/wp\/v2\/district?post=3702"},{"taxonomy":"selling-type","embeddable":true,"href":"https:\/\/www.onurkoserealestate.com\/tr\/wp-json\/wp\/v2\/selling-type?post=3702"},{"taxonomy":"property-type","embeddable":true,"href":"https:\/\/www.onurkoserealestate.com\/tr\/wp-json\/wp\/v2\/property-type?post=3702"},{"taxonomy":"location","embeddable":true,"href":"https:\/\/www.onurkoserealestate.com\/tr\/wp-json\/wp\/v2\/location?post=3702"},{"taxonomy":"property-city","embeddable":true,"href":"https:\/\/www.onurkoserealestate.com\/tr\/wp-json\/wp\/v2\/property-city?post=3702"}],"curies":[{"name":"wp","href":"https:\/\/api.w.org\/{rel}","templated":true}]}}