{"id":3705,"date":"2024-05-16T07:12:39","date_gmt":"2024-05-16T07:12:39","guid":{"rendered":"https:\/\/www.onurkoserealestate.com\/product\/tosmurda-ideal-eviniz\/"},"modified":"2024-05-16T07:12:39","modified_gmt":"2024-05-16T07:12:39","slug":"your-ideal-residence-in-tosmur","status":"publish","type":"product","link":"https:\/\/www.onurkoserealestate.com\/tr\/product\/tosmurda-ideal-eviniz\/","title":{"rendered":"Tosmur&#8217;da \u0130deal Eviniz"},"content":{"rendered":"<p>Karaku\u015f 7, Tosmur&#8217;da konfor ve rahatl\u0131\u011f\u0131n m\u00fckemmel bir kar\u0131\u015f\u0131m\u0131n\u0131 sunuyor. Bu \u015f\u0131k dairede toplam 110 metrekareye yay\u0131lm\u0131\u015f 2 yatak odas\u0131 ve geni\u015f bir ya\u015fam alan\u0131 bulunmaktad\u0131r.<\/p>\n<p>3. katta yer alan daire, Kuzey-Bat\u0131-Do\u011fu cephesinde konumlanmaktad\u0131r. Bina sadece 6 y\u0131ll\u0131kt\u0131r ve denize sadece 600 metre uzakl\u0131kta olup plaja kolay eri\u015fim sa\u011flamaktad\u0131r.<\/p>\n<p>Site sakinleri, keyifli bir ya\u015fam deneyimi i\u00e7in \u00e7e\u015fitli olanaklardan yararlanabilirler. Bunlar aras\u0131nda y\u00fczme havuzu, fitness merkezi, bah\u00e7e, \u00e7ocuk oyun alan\u0131, jenerat\u00f6r, kap\u0131c\u0131 ve otopark bulunmaktad\u0131r.<\/p>\n<p>Karaku\u015f 7, modern ya\u015fam\u0131n t\u00fcm gereksinimlerini kar\u015f\u0131layan konforlu bir ya\u015fam sunmak \u00fczere tasarlanm\u0131\u015ft\u0131r. Tosmur&#8217;un sakin atmosferinde denize ve di\u011fer olanaklara yak\u0131n sakin bir ya\u015fam tarz\u0131 arayanlar i\u00e7in m\u00fckemmel bir se\u00e7imdir.<\/p>\n","protected":false},"excerpt":{"rendered":"<p>Karaku\u015f 7, Tosmur&#8217;da konfor ve rahatl\u0131\u011f\u0131n m\u00fckemmel bir kar\u0131\u015f\u0131m\u0131n\u0131 sunuyor. Bu \u015f\u0131k dairede toplam 110 metrekareye yay\u0131lm\u0131\u015f 2 yatak odas\u0131<\/p>\n","protected":false},"featured_media":2208,"comment_status":"open","ping_status":"closed","template":"","meta":[],"product_cat":[77,78,95,81,92,98],"product_tag":[],"country":[],"district":[],"selling-type":[118],"property-type":[120],"location":[152],"property-city":[124],"class_list":{"0":"post-3705","1":"product","2":"type-product","3":"status-publish","4":"has-post-thumbnail","6":"product_cat-acil-satilik","7":"product_cat-konut-icin-uygun","8":"product_cat-havuz-manzarasi","9":"product_cat-kale-manzarasi","10":"product_cat-online-tur","11":"product_cat-oturma-izni","12":"selling-type-resale-tr","13":"property-type-apartment-tr","14":"location-alanya-tr","15":"property-city-antalya-tr","17":"first","18":"instock","19":"shipping-taxable","20":"purchasable","21":"product-type-simple"},"_links":{"self":[{"href":"https:\/\/www.onurkoserealestate.com\/tr\/wp-json\/wp\/v2\/product\/3705","targetHints":{"allow":["GET"]}}],"collection":[{"href":"https:\/\/www.onurkoserealestate.com\/tr\/wp-json\/wp\/v2\/product"}],"about":[{"href":"https:\/\/www.onurkoserealestate.com\/tr\/wp-json\/wp\/v2\/types\/product"}],"replies":[{"embeddable":true,"href":"https:\/\/www.onurkoserealestate.com\/tr\/wp-json\/wp\/v2\/comments?post=3705"}],"wp:featuredmedia":[{"embeddable":true,"href":"https:\/\/www.onurkoserealestate.com\/tr\/wp-json\/wp\/v2\/media\/2208"}],"wp:attachment":[{"href":"https:\/\/www.onurkoserealestate.com\/tr\/wp-json\/wp\/v2\/media?parent=3705"}],"wp:term":[{"taxonomy":"product_cat","embeddable":true,"href":"https:\/\/www.onurkoserealestate.com\/tr\/wp-json\/wp\/v2\/product_cat?post=3705"},{"taxonomy":"product_tag","embeddable":true,"href":"https:\/\/www.onurkoserealestate.com\/tr\/wp-json\/wp\/v2\/product_tag?post=3705"},{"taxonomy":"country","embeddable":true,"href":"https:\/\/www.onurkoserealestate.com\/tr\/wp-json\/wp\/v2\/country?post=3705"},{"taxonomy":"district","embeddable":true,"href":"https:\/\/www.onurkoserealestate.com\/tr\/wp-json\/wp\/v2\/district?post=3705"},{"taxonomy":"selling-type","embeddable":true,"href":"https:\/\/www.onurkoserealestate.com\/tr\/wp-json\/wp\/v2\/selling-type?post=3705"},{"taxonomy":"property-type","embeddable":true,"href":"https:\/\/www.onurkoserealestate.com\/tr\/wp-json\/wp\/v2\/property-type?post=3705"},{"taxonomy":"location","embeddable":true,"href":"https:\/\/www.onurkoserealestate.com\/tr\/wp-json\/wp\/v2\/location?post=3705"},{"taxonomy":"property-city","embeddable":true,"href":"https:\/\/www.onurkoserealestate.com\/tr\/wp-json\/wp\/v2\/property-city?post=3705"}],"curies":[{"name":"wp","href":"https:\/\/api.w.org\/{rel}","templated":true}]}}