{"id":3706,"date":"2024-05-15T13:40:59","date_gmt":"2024-05-15T13:40:59","guid":{"rendered":"https:\/\/www.onurkoserealestate.com\/product\/modern-11-apartment-with-pool-view\/"},"modified":"2025-04-02T11:44:14","modified_gmt":"2025-04-02T11:44:14","slug":"modern-11-apartment-with-pool-view","status":"publish","type":"product","link":"https:\/\/www.onurkoserealestate.com\/tr\/product\/modern-11-apartment-with-pool-view\/","title":{"rendered":"Havuz Manzaral\u0131 Modern 1+1 Daire"},"content":{"rendered":"<p>Alanya&#8217;da yer alan bu 1+1 daire, a\u00e7\u0131k mutfak tasar\u0131m\u0131 ile 60 metrekarelik konforlu bir ya\u015fam alan\u0131 sunuyor. B Blok&#8217;un 6. kat\u0131nda yer alan daire, bol miktarda do\u011fal \u0131\u015f\u0131k ve do\u011fal bir atmosfer sunan, g\u00fcneydo\u011fu-bat\u0131 cepheli ve havuz manzaral\u0131d\u0131r. Bina 15 ya\u015f\u0131nda ve 9 kattan olu\u015fuyor, bu daire daha fazla huzur ve mahremiyet i\u00e7in \u00fcst katlardan birinde yer al\u0131yor.  <\/p>\n<p>Daire denize sadece 700 metre mesafede olup, sahile yak\u0131n ya\u015famak isteyenler i\u00e7in m\u00fckemmel bir se\u00e7imdir. Tamamen mobilyal\u0131 olarak gelir ve yeni sahiplerin mobilya sat\u0131n alma veya ta\u015f\u0131ma zahmetine girmeden hemen ta\u015f\u0131nmas\u0131na olanak tan\u0131r. <\/p>\n<p>Kompleks, ya\u015fam deneyimini geli\u015ftirmek i\u00e7in \u00e7e\u015fitli olanaklar sunmaktad\u0131r. Bunlara konfor ve rahatl\u0131k sa\u011flayan y\u00fczme havuzu, barbek\u00fc alan\u0131, park yerleri, jenerat\u00f6r ve bek\u00e7i dahildir. Daire i\u00e7in ayl\u0131k aidat 800 TL&#8217;dir, bu da olanaklar ve konum g\u00f6z \u00f6n\u00fcne al\u0131nd\u0131\u011f\u0131nda mant\u0131kl\u0131d\u0131r.  <\/p>\n<p>Alanya&#8217;da denize yak\u0131n modern, tam donan\u0131ml\u0131 bir ev arayanlar i\u00e7in bu daire, konforlu ve kolay bir ya\u015fam tarz\u0131 i\u00e7in m\u00fckemmel bir f\u0131rsat sunuyor. \u0130ster kal\u0131c\u0131 olarak ister tatil evi olarak ya\u015famak istiyorsan\u0131z, bu tesisin sunabilece\u011fi \u00e7ok \u015fey var. <\/p>\n","protected":false},"excerpt":{"rendered":"<p>Alanya&#8217;da yer alan bu 1+1 daire, a\u00e7\u0131k mutfak tasar\u0131m\u0131 ile 60 metrekarelik konforlu bir ya\u015fam alan\u0131 sunuyor. B Blok&#8217;un 6.<\/p>\n","protected":false},"featured_media":2158,"comment_status":"open","ping_status":"closed","template":"","meta":[],"product_cat":[95],"product_tag":[],"country":[],"district":[],"selling-type":[118],"property-type":[120],"location":[152],"property-city":[124],"class_list":{"0":"post-3706","1":"product","2":"type-product","3":"status-publish","4":"has-post-thumbnail","6":"product_cat-havuz-manzarasi","7":"selling-type-resale-tr","8":"property-type-apartment-tr","9":"location-alanya-tr","10":"property-city-antalya-tr","12":"first","13":"instock","14":"shipping-taxable","15":"purchasable","16":"product-type-simple"},"_links":{"self":[{"href":"https:\/\/www.onurkoserealestate.com\/tr\/wp-json\/wp\/v2\/product\/3706","targetHints":{"allow":["GET"]}}],"collection":[{"href":"https:\/\/www.onurkoserealestate.com\/tr\/wp-json\/wp\/v2\/product"}],"about":[{"href":"https:\/\/www.onurkoserealestate.com\/tr\/wp-json\/wp\/v2\/types\/product"}],"replies":[{"embeddable":true,"href":"https:\/\/www.onurkoserealestate.com\/tr\/wp-json\/wp\/v2\/comments?post=3706"}],"wp:featuredmedia":[{"embeddable":true,"href":"https:\/\/www.onurkoserealestate.com\/tr\/wp-json\/wp\/v2\/media\/2158"}],"wp:attachment":[{"href":"https:\/\/www.onurkoserealestate.com\/tr\/wp-json\/wp\/v2\/media?parent=3706"}],"wp:term":[{"taxonomy":"product_cat","embeddable":true,"href":"https:\/\/www.onurkoserealestate.com\/tr\/wp-json\/wp\/v2\/product_cat?post=3706"},{"taxonomy":"product_tag","embeddable":true,"href":"https:\/\/www.onurkoserealestate.com\/tr\/wp-json\/wp\/v2\/product_tag?post=3706"},{"taxonomy":"country","embeddable":true,"href":"https:\/\/www.onurkoserealestate.com\/tr\/wp-json\/wp\/v2\/country?post=3706"},{"taxonomy":"district","embeddable":true,"href":"https:\/\/www.onurkoserealestate.com\/tr\/wp-json\/wp\/v2\/district?post=3706"},{"taxonomy":"selling-type","embeddable":true,"href":"https:\/\/www.onurkoserealestate.com\/tr\/wp-json\/wp\/v2\/selling-type?post=3706"},{"taxonomy":"property-type","embeddable":true,"href":"https:\/\/www.onurkoserealestate.com\/tr\/wp-json\/wp\/v2\/property-type?post=3706"},{"taxonomy":"location","embeddable":true,"href":"https:\/\/www.onurkoserealestate.com\/tr\/wp-json\/wp\/v2\/location?post=3706"},{"taxonomy":"property-city","embeddable":true,"href":"https:\/\/www.onurkoserealestate.com\/tr\/wp-json\/wp\/v2\/property-city?post=3706"}],"curies":[{"name":"wp","href":"https:\/\/api.w.org\/{rel}","templated":true}]}}