{"id":3933,"date":"2024-05-15T10:00:43","date_gmt":"2024-05-15T10:00:43","guid":{"rendered":"https:\/\/www.onurkoserealestate.com\/product\/muhtesem-manzarali-ve-premium-olanaklara-sahip-luks-21-daire\/"},"modified":"2025-09-04T09:35:35","modified_gmt":"2025-09-04T09:35:35","slug":"luxurious-21-apartment-with-stunning-views-and-premium-amenities","status":"publish","type":"product","link":"https:\/\/www.onurkoserealestate.com\/tr\/product\/muhtesem-manzarali-ve-premium-olanaklara-sahip-luks-21-daire\/","title":{"rendered":"Alanya&#8217;da Muhte\u015fem Manzaral\u0131 ve Birinci S\u0131n\u0131f Olanaklara Sahip L\u00fcks 2 +1 Daire"},"content":{"rendered":"<p>ALANYA<\/p>\n<p>Bu 2+1 dairede amerikan mutfak bulunmaktad\u0131r ve 115 metrekareye yay\u0131lm\u0131\u015ft\u0131r. B Blok&#8217;un 7. kat\u0131nda yer alan daire, tamamen yenilenmi\u015f i\u00e7 mekan\u0131 ile ultra l\u00fcks mobilyalara sahiptir. G\u00fcneydo\u011fu cepheli daire kale ve deniz manzaral\u0131d\u0131r. Bina 15 ya\u015f\u0131nda ve 9 katl\u0131d\u0131r. Denize sadece 700 metre uzakl\u0131kta yer almaktad\u0131r. Ayl\u0131k aidat 800 TL&#8217;dir. Komplekste havuz, barbek\u00fc alan\u0131, otopark, jenerat\u00f6r ve kap\u0131c\u0131 gibi olanaklar bulunmaktad\u0131r.<\/p>\n","protected":false},"excerpt":{"rendered":"<p>ALANYA Bu 2+1 dairede amerikan mutfak bulunmaktad\u0131r ve 115 metrekareye yay\u0131lm\u0131\u015ft\u0131r. B Blok&#8217;un 7. kat\u0131nda yer alan daire, tamamen yenilenmi\u015f<\/p>\n","protected":false},"featured_media":1216,"comment_status":"open","ping_status":"closed","template":"","meta":[],"product_cat":[77,101,81],"product_tag":[],"country":[109],"district":[214],"selling-type":[118],"property-type":[120],"location":[152],"property-city":[124],"class_list":{"0":"post-3933","1":"product","2":"type-product","3":"status-publish","4":"has-post-thumbnail","6":"product_cat-acil-satilik","7":"product_cat-deniz-manzarali","8":"product_cat-kale-manzarasi","9":"country-turkey-tr","10":"district-center-tr","11":"selling-type-resale-tr","12":"property-type-apartment-tr","13":"location-alanya-tr","14":"property-city-antalya-tr","16":"first","17":"instock","18":"shipping-taxable","19":"purchasable","20":"product-type-simple"},"_links":{"self":[{"href":"https:\/\/www.onurkoserealestate.com\/tr\/wp-json\/wp\/v2\/product\/3933","targetHints":{"allow":["GET"]}}],"collection":[{"href":"https:\/\/www.onurkoserealestate.com\/tr\/wp-json\/wp\/v2\/product"}],"about":[{"href":"https:\/\/www.onurkoserealestate.com\/tr\/wp-json\/wp\/v2\/types\/product"}],"replies":[{"embeddable":true,"href":"https:\/\/www.onurkoserealestate.com\/tr\/wp-json\/wp\/v2\/comments?post=3933"}],"wp:featuredmedia":[{"embeddable":true,"href":"https:\/\/www.onurkoserealestate.com\/tr\/wp-json\/wp\/v2\/media\/1216"}],"wp:attachment":[{"href":"https:\/\/www.onurkoserealestate.com\/tr\/wp-json\/wp\/v2\/media?parent=3933"}],"wp:term":[{"taxonomy":"product_cat","embeddable":true,"href":"https:\/\/www.onurkoserealestate.com\/tr\/wp-json\/wp\/v2\/product_cat?post=3933"},{"taxonomy":"product_tag","embeddable":true,"href":"https:\/\/www.onurkoserealestate.com\/tr\/wp-json\/wp\/v2\/product_tag?post=3933"},{"taxonomy":"country","embeddable":true,"href":"https:\/\/www.onurkoserealestate.com\/tr\/wp-json\/wp\/v2\/country?post=3933"},{"taxonomy":"district","embeddable":true,"href":"https:\/\/www.onurkoserealestate.com\/tr\/wp-json\/wp\/v2\/district?post=3933"},{"taxonomy":"selling-type","embeddable":true,"href":"https:\/\/www.onurkoserealestate.com\/tr\/wp-json\/wp\/v2\/selling-type?post=3933"},{"taxonomy":"property-type","embeddable":true,"href":"https:\/\/www.onurkoserealestate.com\/tr\/wp-json\/wp\/v2\/property-type?post=3933"},{"taxonomy":"location","embeddable":true,"href":"https:\/\/www.onurkoserealestate.com\/tr\/wp-json\/wp\/v2\/location?post=3933"},{"taxonomy":"property-city","embeddable":true,"href":"https:\/\/www.onurkoserealestate.com\/tr\/wp-json\/wp\/v2\/property-city?post=3933"}],"curies":[{"name":"wp","href":"https:\/\/api.w.org\/{rel}","templated":true}]}}