{"id":5399,"date":"2024-07-01T08:05:57","date_gmt":"2024-07-01T08:05:57","guid":{"rendered":"https:\/\/www.onurkoserealestate.com\/product\/ozel-sauna-ve-deniz-manzarali-luks-51-daire\/"},"modified":"2025-06-25T12:39:38","modified_gmt":"2025-06-25T12:39:38","slug":"luxurious-51-apartment-with-private-sauna-and-sea-view","status":"publish","type":"product","link":"https:\/\/www.onurkoserealestate.com\/tr\/product\/luxurious-51-apartment-with-private-sauna-and-sea-view\/","title":{"rendered":"Alanya&#8217;n\u0131n Kalbinde Geni\u015f 5+1 Yat\u0131r\u0131ml\u0131k Gayrimenkul"},"content":{"rendered":"<p>T\u00fcrkiye&#8217;nin en h\u0131zl\u0131 b\u00fcy\u00fcyen ve en cazip sahil kentlerinden biri olan Alanya&#8217;n\u0131n kalbinde nadir bir yat\u0131r\u0131m f\u0131rsat\u0131n\u0131 ke\u015ffedin. Saray mahallesindeki prestijli Kurt Safir kompleksinde yer alan bu geni\u015f 5+1 daire, Alanya&#8217;n\u0131n geli\u015fen emlak piyasas\u0131nda m\u00fckemmel uzun vadeli de\u011fer ve y\u00fcksek kira getirisi potansiyeli sunmaktad\u0131r. <\/p>\n<p>280 m\u00b2 ya\u015fam alan\u0131na sahip bu tamamen mobilyal\u0131 birim, k\u0131sa s\u00fcreli tatil kiralamalar\u0131 veya uzun s\u00fcreli kirac\u0131lar i\u00e7in idealdir. Denize sadece 1 km mesafede, Alanya Kalesi ve \u015fehir merkezine yak\u0131n birinci s\u0131n\u0131f konumu, y\u0131l boyunca talep g\u00f6rmesini sa\u011flar. Daire, Alanya sahil \u015feridinin ve tarihi kalenin panoramik manzaras\u0131n\u0131 sunan 8. kattad\u0131r.  <\/p>\n<p>\u00d6zel sauna, banyolarda yerden \u0131s\u0131tma, eksiksiz mobilyalar ve do\u011fal gazl\u0131 \u0131s\u0131tma sistemi gibi l\u00fcks \u00f6zellikler, hem yerel hem de uluslararas\u0131 kirac\u0131lar i\u00e7in olduk\u00e7a caziptir. Komplekste havuz, fitness merkezi, asans\u00f6r ve \u00f6zel otopark gibi Alanya&#8217;da modern ya\u015fam i\u00e7in gerekli olanaklar bulunmaktad\u0131r. <\/p>\n<p>Alanya, hem turistler hem de emlak yat\u0131r\u0131mc\u0131lar\u0131 aras\u0131nda pop\u00fclerli\u011fini art\u0131rmaya devam ediyor ve bu da buray\u0131 herhangi bir portf\u00f6ye ak\u0131ll\u0131ca bir katk\u0131 haline getiriyor. De\u011ferler y\u00fckselirken Alanya gayrimenkul\u00fcne yat\u0131r\u0131m yapma \u015fans\u0131n\u0131 ka\u00e7\u0131rmay\u0131n. <\/p>\n<p>Alanya&#8217;n\u0131n gelece\u011findeki yerinizi bug\u00fcnden g\u00fcvence alt\u0131na al\u0131n!<\/p>\n","protected":false},"excerpt":{"rendered":"<p>T\u00fcrkiye&#8217;nin en h\u0131zl\u0131 b\u00fcy\u00fcyen ve en cazip sahil kentlerinden biri olan Alanya&#8217;n\u0131n kalbinde nadir bir yat\u0131r\u0131m f\u0131rsat\u0131n\u0131 ke\u015ffedin. Saray mahallesindeki<\/p>\n","protected":false},"featured_media":5334,"comment_status":"open","ping_status":"closed","template":"","meta":[],"product_cat":[77,78,101],"product_tag":[],"country":[109],"district":[179],"selling-type":[118],"property-type":[120],"location":[152],"property-city":[124],"class_list":{"0":"post-5399","1":"product","2":"type-product","3":"status-publish","4":"has-post-thumbnail","6":"product_cat-acil-satilik","7":"product_cat-konut-icin-uygun","8":"product_cat-deniz-manzarali","9":"country-turkey-tr","10":"district-kleopatra-tr","11":"selling-type-resale-tr","12":"property-type-apartment-tr","13":"location-alanya-tr","14":"property-city-antalya-tr","16":"first","17":"instock","18":"shipping-taxable","19":"purchasable","20":"product-type-simple"},"_links":{"self":[{"href":"https:\/\/www.onurkoserealestate.com\/tr\/wp-json\/wp\/v2\/product\/5399","targetHints":{"allow":["GET"]}}],"collection":[{"href":"https:\/\/www.onurkoserealestate.com\/tr\/wp-json\/wp\/v2\/product"}],"about":[{"href":"https:\/\/www.onurkoserealestate.com\/tr\/wp-json\/wp\/v2\/types\/product"}],"replies":[{"embeddable":true,"href":"https:\/\/www.onurkoserealestate.com\/tr\/wp-json\/wp\/v2\/comments?post=5399"}],"wp:featuredmedia":[{"embeddable":true,"href":"https:\/\/www.onurkoserealestate.com\/tr\/wp-json\/wp\/v2\/media\/5334"}],"wp:attachment":[{"href":"https:\/\/www.onurkoserealestate.com\/tr\/wp-json\/wp\/v2\/media?parent=5399"}],"wp:term":[{"taxonomy":"product_cat","embeddable":true,"href":"https:\/\/www.onurkoserealestate.com\/tr\/wp-json\/wp\/v2\/product_cat?post=5399"},{"taxonomy":"product_tag","embeddable":true,"href":"https:\/\/www.onurkoserealestate.com\/tr\/wp-json\/wp\/v2\/product_tag?post=5399"},{"taxonomy":"country","embeddable":true,"href":"https:\/\/www.onurkoserealestate.com\/tr\/wp-json\/wp\/v2\/country?post=5399"},{"taxonomy":"district","embeddable":true,"href":"https:\/\/www.onurkoserealestate.com\/tr\/wp-json\/wp\/v2\/district?post=5399"},{"taxonomy":"selling-type","embeddable":true,"href":"https:\/\/www.onurkoserealestate.com\/tr\/wp-json\/wp\/v2\/selling-type?post=5399"},{"taxonomy":"property-type","embeddable":true,"href":"https:\/\/www.onurkoserealestate.com\/tr\/wp-json\/wp\/v2\/property-type?post=5399"},{"taxonomy":"location","embeddable":true,"href":"https:\/\/www.onurkoserealestate.com\/tr\/wp-json\/wp\/v2\/location?post=5399"},{"taxonomy":"property-city","embeddable":true,"href":"https:\/\/www.onurkoserealestate.com\/tr\/wp-json\/wp\/v2\/property-city?post=5399"}],"curies":[{"name":"wp","href":"https:\/\/api.w.org\/{rel}","templated":true}]}}