{"id":5573,"date":"2024-07-01T08:37:10","date_gmt":"2024-07-01T08:37:10","guid":{"rendered":"https:\/\/www.onurkoserealestate.com\/product\/deniz-manzarali-ve-tatil-koyu-benzeri-olanaklara-sahip-modern-21-bahce-dubleksi\/"},"modified":"2024-07-01T08:37:10","modified_gmt":"2024-07-01T08:37:10","slug":"modern-21-garden-duplex-with-sea-view-and-resort-like-amenities","status":"publish","type":"product","link":"https:\/\/www.onurkoserealestate.com\/tr\/product\/modern-21-garden-duplex-with-sea-view-and-resort-like-amenities\/","title":{"rendered":"Deniz Manzaral\u0131 ve Tatil K\u00f6y\u00fc Benzeri Olanaklara Sahip Modern 2+1 Bah\u00e7e Dubleksi"},"content":{"rendered":"<p>Bu 95 metrekarelik b\u00fcy\u00fcleyici bah\u00e7e dubleksi daire, a\u00e7\u0131k mutfakl\u0131 modern 2+1 d\u00fczeniyle konforlu bir ya\u015fam alan\u0131 sunmaktad\u0131r. Y\u00fcksek standartlarda d\u00f6\u015fenmi\u015f, iki banyolu ve hem do\u011fal \u0131\u015f\u0131k hem de ferahlat\u0131c\u0131 bir deniz manzaras\u0131 sa\u011flayan elveri\u015fli bir G\u00fcney Do\u011fu cephesine sahiptir. Denize sadece 300 metre mesafede yer alan kompleks, a\u00e7\u0131k ve kapal\u0131 havuzlar, sauna, hamam, fitness tesisleri, \u00e7ocuk oyun alan\u0131 ve havuz bar gibi bir dizi olanak sunmaktad\u0131r. Hem konfor hem de e\u011flence arayanlar i\u00e7in ideal olan bu tesis, pratik ya\u015fam alanlar\u0131n\u0131 l\u00fcks tatil k\u00f6y\u00fc benzeri olanaklarla birle\u015ftiriyor<\/p>\n","protected":false},"excerpt":{"rendered":"<p>Bu 95 metrekarelik b\u00fcy\u00fcleyici bah\u00e7e dubleksi daire, a\u00e7\u0131k mutfakl\u0131 modern 2+1 d\u00fczeniyle konforlu bir ya\u015fam alan\u0131 sunmaktad\u0131r. Y\u00fcksek standartlarda d\u00f6\u015fenmi\u015f,<\/p>\n","protected":false},"featured_media":5544,"comment_status":"open","ping_status":"closed","template":"","meta":[],"product_cat":[77,101],"product_tag":[],"country":[109],"district":[183],"selling-type":[118],"property-type":[120],"location":[152],"property-city":[124],"class_list":{"0":"post-5573","1":"product","2":"type-product","3":"status-publish","4":"has-post-thumbnail","6":"product_cat-acil-satilik","7":"product_cat-deniz-manzarali","8":"country-turkey-tr","9":"district-konakli-tr","10":"selling-type-resale-tr","11":"property-type-apartment-tr","12":"location-alanya-tr","13":"property-city-antalya-tr","15":"first","16":"instock","17":"shipping-taxable","18":"purchasable","19":"product-type-simple"},"_links":{"self":[{"href":"https:\/\/www.onurkoserealestate.com\/tr\/wp-json\/wp\/v2\/product\/5573","targetHints":{"allow":["GET"]}}],"collection":[{"href":"https:\/\/www.onurkoserealestate.com\/tr\/wp-json\/wp\/v2\/product"}],"about":[{"href":"https:\/\/www.onurkoserealestate.com\/tr\/wp-json\/wp\/v2\/types\/product"}],"replies":[{"embeddable":true,"href":"https:\/\/www.onurkoserealestate.com\/tr\/wp-json\/wp\/v2\/comments?post=5573"}],"wp:featuredmedia":[{"embeddable":true,"href":"https:\/\/www.onurkoserealestate.com\/tr\/wp-json\/wp\/v2\/media\/5544"}],"wp:attachment":[{"href":"https:\/\/www.onurkoserealestate.com\/tr\/wp-json\/wp\/v2\/media?parent=5573"}],"wp:term":[{"taxonomy":"product_cat","embeddable":true,"href":"https:\/\/www.onurkoserealestate.com\/tr\/wp-json\/wp\/v2\/product_cat?post=5573"},{"taxonomy":"product_tag","embeddable":true,"href":"https:\/\/www.onurkoserealestate.com\/tr\/wp-json\/wp\/v2\/product_tag?post=5573"},{"taxonomy":"country","embeddable":true,"href":"https:\/\/www.onurkoserealestate.com\/tr\/wp-json\/wp\/v2\/country?post=5573"},{"taxonomy":"district","embeddable":true,"href":"https:\/\/www.onurkoserealestate.com\/tr\/wp-json\/wp\/v2\/district?post=5573"},{"taxonomy":"selling-type","embeddable":true,"href":"https:\/\/www.onurkoserealestate.com\/tr\/wp-json\/wp\/v2\/selling-type?post=5573"},{"taxonomy":"property-type","embeddable":true,"href":"https:\/\/www.onurkoserealestate.com\/tr\/wp-json\/wp\/v2\/property-type?post=5573"},{"taxonomy":"location","embeddable":true,"href":"https:\/\/www.onurkoserealestate.com\/tr\/wp-json\/wp\/v2\/location?post=5573"},{"taxonomy":"property-city","embeddable":true,"href":"https:\/\/www.onurkoserealestate.com\/tr\/wp-json\/wp\/v2\/property-city?post=5573"}],"curies":[{"name":"wp","href":"https:\/\/api.w.org\/{rel}","templated":true}]}}