{"id":5574,"date":"2024-07-01T08:29:28","date_gmt":"2024-07-01T08:29:28","guid":{"rendered":"https:\/\/www.onurkoserealestate.com\/product\/alanya-kargicakta-deniz-ve-doga-manzarali-luks-villa\/"},"modified":"2024-07-01T08:29:28","modified_gmt":"2024-07-01T08:29:28","slug":"alanya-kargicakta-deniz-ve-doga-manzarali-luks-villa","status":"publish","type":"product","link":"https:\/\/www.onurkoserealestate.com\/tr\/product\/alanya-kargicakta-deniz-ve-doga-manzarali-luks-villa\/","title":{"rendered":"Alanya Karg\u0131cak&#8217;ta Deniz ve Do\u011fa Manzaral\u0131 L\u00fcks Villa"},"content":{"rendered":"<p><strong>Karg\u0131cak Villa \/ Alanya<\/strong><\/p>\n<p>Bu muhte\u015fem villa, l\u00fcks ve do\u011fan\u0131n m\u00fckemmel bir kar\u0131\u015f\u0131m\u0131n\u0131 sunmaktad\u0131r. Alanya&#8217;n\u0131n Karg\u0131cak beldesinde yer alan bu villa, vatanda\u015fl\u0131k hakk\u0131na sahiptir ve denize sadece 3 km mesafededir. 400 m\u00b2 arsa \u00fczerine 250 m\u00b2 ya\u015fam alan\u0131 ile in\u015fa edilen villa, t\u00fcm ihtiya\u00e7lar\u0131n\u0131z\u0131 kar\u015f\u0131layacak \u015fekilde tasarlanm\u0131\u015ft\u0131r.<\/p>\n<p><strong>Villa \u00d6zellikleri:<\/strong><\/p>\n<ul>\n<li><strong>Arsa Alan\u0131: 400 m\u00b2<\/strong><\/li>\n<li><strong>Ya\u015fam Alan\u0131: 250 m\u00b2<\/strong><\/li>\n<li><strong>Odalar: 4+1 Amerikan Mutfak<\/strong><\/li>\n<li><strong>Banyolar: 4 banyo ve 2 jakuzi<\/strong><\/li>\n<li><strong>Ultra L\u00fcks Tasar\u0131m: Modern ve \u015f\u0131k i\u00e7 mekanlar<\/strong><\/li>\n<li><strong>Tamamen E\u015fyal\u0131: T\u00fcm mobilyalar dahildir<\/strong><\/li>\n<li><strong>Mesafe Denize 3 km<\/strong><\/li>\n<li><strong>Manzara: Muhte\u015fem deniz ve do\u011fa manzaras\u0131<\/strong><\/li>\n<li><strong>Yapay \u015eelale: G\u00f6z al\u0131c\u0131 4,5 m yapay \u015felale<\/strong><\/li>\n<li><strong>\u00d6zel Olanaklar: \u00d6zel havuz, \u00f6zel bah\u00e7e, bilardo ve barbek\u00fc alan\u0131<\/strong><\/li>\n<\/ul>\n<p>Bu villa, konforlu ve l\u00fcks bir ya\u015fam tarz\u0131 arayanlar i\u00e7in m\u00fckemmel bir se\u00e7imdir. Siz de bu e\u015fsiz villada ayr\u0131cal\u0131kl\u0131 bir ya\u015fam s\u00fcrmek istiyorsan\u0131z hemen bizimle ileti\u015fime ge\u00e7in!<\/p>\n","protected":false},"excerpt":{"rendered":"<p>Karg\u0131cak Villa \/ Alanya Bu muhte\u015fem villa, l\u00fcks ve do\u011fan\u0131n m\u00fckemmel bir kar\u0131\u015f\u0131m\u0131n\u0131 sunmaktad\u0131r. Alanya&#8217;n\u0131n Karg\u0131cak beldesinde yer alan bu<\/p>\n","protected":false},"featured_media":5398,"comment_status":"open","ping_status":"closed","template":"","meta":[],"product_cat":[77],"product_tag":[],"country":[109],"district":[154],"selling-type":[118],"property-type":[140],"location":[152],"property-city":[124],"class_list":{"0":"post-5574","1":"product","2":"type-product","3":"status-publish","4":"has-post-thumbnail","6":"product_cat-acil-satilik","7":"country-turkey-tr","8":"district-kargicak-tr","9":"selling-type-resale-tr","10":"property-type-villa-tr","11":"location-alanya-tr","12":"property-city-antalya-tr","14":"first","15":"instock","16":"shipping-taxable","17":"purchasable","18":"product-type-simple"},"_links":{"self":[{"href":"https:\/\/www.onurkoserealestate.com\/tr\/wp-json\/wp\/v2\/product\/5574","targetHints":{"allow":["GET"]}}],"collection":[{"href":"https:\/\/www.onurkoserealestate.com\/tr\/wp-json\/wp\/v2\/product"}],"about":[{"href":"https:\/\/www.onurkoserealestate.com\/tr\/wp-json\/wp\/v2\/types\/product"}],"replies":[{"embeddable":true,"href":"https:\/\/www.onurkoserealestate.com\/tr\/wp-json\/wp\/v2\/comments?post=5574"}],"wp:featuredmedia":[{"embeddable":true,"href":"https:\/\/www.onurkoserealestate.com\/tr\/wp-json\/wp\/v2\/media\/5398"}],"wp:attachment":[{"href":"https:\/\/www.onurkoserealestate.com\/tr\/wp-json\/wp\/v2\/media?parent=5574"}],"wp:term":[{"taxonomy":"product_cat","embeddable":true,"href":"https:\/\/www.onurkoserealestate.com\/tr\/wp-json\/wp\/v2\/product_cat?post=5574"},{"taxonomy":"product_tag","embeddable":true,"href":"https:\/\/www.onurkoserealestate.com\/tr\/wp-json\/wp\/v2\/product_tag?post=5574"},{"taxonomy":"country","embeddable":true,"href":"https:\/\/www.onurkoserealestate.com\/tr\/wp-json\/wp\/v2\/country?post=5574"},{"taxonomy":"district","embeddable":true,"href":"https:\/\/www.onurkoserealestate.com\/tr\/wp-json\/wp\/v2\/district?post=5574"},{"taxonomy":"selling-type","embeddable":true,"href":"https:\/\/www.onurkoserealestate.com\/tr\/wp-json\/wp\/v2\/selling-type?post=5574"},{"taxonomy":"property-type","embeddable":true,"href":"https:\/\/www.onurkoserealestate.com\/tr\/wp-json\/wp\/v2\/property-type?post=5574"},{"taxonomy":"location","embeddable":true,"href":"https:\/\/www.onurkoserealestate.com\/tr\/wp-json\/wp\/v2\/location?post=5574"},{"taxonomy":"property-city","embeddable":true,"href":"https:\/\/www.onurkoserealestate.com\/tr\/wp-json\/wp\/v2\/property-city?post=5574"}],"curies":[{"name":"wp","href":"https:\/\/api.w.org\/{rel}","templated":true}]}}